{"id":1344,"date":"2024-05-22T14:32:38","date_gmt":"2024-05-22T13:32:38","guid":{"rendered":"https:\/\/www.erosivetoothwear.com\/nous-contacter\/"},"modified":"2025-07-09T09:33:44","modified_gmt":"2025-07-09T08:33:44","slug":"nous-contacter","status":"publish","type":"page","link":"https:\/\/www.erosivetoothwear.com\/fr\/nous-contacter\/","title":{"rendered":"Nous contacter"},"content":{"rendered":"\n\n        <h1>\n Vous aider \u00e0 r\u00e9duire les risques et \u00e0 prendre en charge cette pathologie<\/h1>\n<h2>\n\t\tNous contacter\n\t<\/h2>\n<h4>\n\t\tLiens rapides\n\t<\/h4>\n                <a href=\"\/e-learning-resources\"><img decoding=\"async\" src=\"\/app\/uploads\/2018\/01\/quicklinks-icon-patients.png\"\/><\/a>\n                    <a href=\"https:\/\/www.erosivetoothwear.com\/fr\/lusure-dentaire-erosive-et-vous\/\">L&#8217;usure dentaire \u00e9rosive et vous<\/a>\n                Ce qu&#8217;il arrive \u00e0 vos dents, comment cela pourrait \u00e9voluer et comment l&#8217;arr\u00eater.\n                <a href=\"\/knowledge-base?show-advanced=on\"><img decoding=\"async\" src=\"\/app\/uploads\/2018\/01\/quicklinks-icon-knowledgebase.png\"\/><\/a>\n                    <a href=\"\/knowledge-base?show-advanced=on\">Notre base de connaissances<\/a>\n La base de connaissances mondiale permet un acc\u00e8s facile aux donn\u00e9es issues de la recherche \u00e0 tous les acteurs concern\u00e9s, o\u00f9 qu&#8217;ils se trouvent dans le monde.\n                <a href=\"\/e-learning-resources\"><img decoding=\"async\" src=\"\/app\/uploads\/2018\/01\/quicklinks-icon-elearning.png\"\/><\/a>\n                    <a href=\"\/e-learning-resources\">Professionnels de sant\u00e9<\/a>\n                Comprendre l&#8217;usure dentaire \u00e9rosive, ses signes cliniques, ses facteurs de risques et sa pr\u00e9vention.\n\n","protected":false},"excerpt":{"rendered":"<p>Vous aider \u00e0 r\u00e9duire les risques et \u00e0 prendre en charge cette pathologie Nous contacter Liens rapides L&#8217;usure dentaire \u00e9rosive et vous Ce qu&#8217;il arrive \u00e0 vos dents, comment cela pourrait \u00e9voluer et comment l&#8217;arr\u00eater. Notre base de connaissances La base de connaissances mondiale permet un acc\u00e8s facile aux donn\u00e9es issues de la recherche \u00e0 [&hellip;]<\/p>\n","protected":false},"author":1,"featured_media":0,"parent":0,"menu_order":0,"comment_status":"closed","ping_status":"closed","template":"","meta":{"_acf_changed":false,"footnotes":""},"class_list":["post-1344","page","type-page","status-publish","hentry"],"acf":[],"yoast_head":"<!-- This site is optimized with the Yoast SEO plugin v27.5 - https:\/\/yoast.com\/product\/yoast-seo-wordpress\/ -->\n<title>Nous contacter - Erosive Toothwear<\/title>\n<meta name=\"robots\" content=\"index, follow, max-snippet:-1, max-image-preview:large, max-video-preview:-1\" \/>\n<link rel=\"canonical\" href=\"https:\/\/www.erosivetoothwear.com\/fr\/nous-contacter\/\" \/>\n<meta property=\"og:locale\" content=\"fr_FR\" \/>\n<meta property=\"og:type\" content=\"article\" \/>\n<meta property=\"og:title\" content=\"Nous contacter - Erosive Toothwear\" \/>\n<meta property=\"og:description\" content=\"Vous aider \u00e0 r\u00e9duire les risques et \u00e0 prendre en charge cette pathologie Nous contacter Liens rapides L&#8217;usure dentaire \u00e9rosive et vous Ce qu&#8217;il arrive \u00e0 vos dents, comment cela pourrait \u00e9voluer et comment l&#8217;arr\u00eater. Notre base de connaissances La base de connaissances mondiale permet un acc\u00e8s facile aux donn\u00e9es issues de la recherche \u00e0 [&hellip;]\" \/>\n<meta property=\"og:url\" content=\"https:\/\/www.erosivetoothwear.com\/fr\/nous-contacter\/\" \/>\n<meta property=\"og:site_name\" content=\"Erosive Toothwear\" \/>\n<meta property=\"article:modified_time\" content=\"2025-07-09T08:33:44+00:00\" \/>\n<meta name=\"twitter:card\" content=\"summary_large_image\" \/>\n<script type=\"application\/ld+json\" class=\"yoast-schema-graph\">{\"@context\":\"https:\\\/\\\/schema.org\",\"@graph\":[{\"@type\":\"WebPage\",\"@id\":\"https:\\\/\\\/www.erosivetoothwear.com\\\/fr\\\/nous-contacter\\\/\",\"url\":\"https:\\\/\\\/www.erosivetoothwear.com\\\/fr\\\/nous-contacter\\\/\",\"name\":\"Nous contacter - Erosive Toothwear\",\"isPartOf\":{\"@id\":\"https:\\\/\\\/www.erosivetoothwear.com\\\/#website\"},\"datePublished\":\"2024-05-22T13:32:38+00:00\",\"dateModified\":\"2025-07-09T08:33:44+00:00\",\"breadcrumb\":{\"@id\":\"https:\\\/\\\/www.erosivetoothwear.com\\\/fr\\\/nous-contacter\\\/#breadcrumb\"},\"inLanguage\":\"fr-FR\",\"potentialAction\":[{\"@type\":\"ReadAction\",\"target\":[\"https:\\\/\\\/www.erosivetoothwear.com\\\/fr\\\/nous-contacter\\\/\"]}]},{\"@type\":\"BreadcrumbList\",\"@id\":\"https:\\\/\\\/www.erosivetoothwear.com\\\/fr\\\/nous-contacter\\\/#breadcrumb\",\"itemListElement\":[{\"@type\":\"ListItem\",\"position\":1,\"name\":\"Home\",\"item\":\"https:\\\/\\\/www.erosivetoothwear.com\\\/fr\\\/page-daccueil\\\/\"},{\"@type\":\"ListItem\",\"position\":2,\"name\":\"Nous contacter\"}]},{\"@type\":\"WebSite\",\"@id\":\"https:\\\/\\\/www.erosivetoothwear.com\\\/#website\",\"url\":\"https:\\\/\\\/www.erosivetoothwear.com\\\/\",\"name\":\"Erosive Toothwear\",\"description\":\"\",\"potentialAction\":[{\"@type\":\"SearchAction\",\"target\":{\"@type\":\"EntryPoint\",\"urlTemplate\":\"https:\\\/\\\/www.erosivetoothwear.com\\\/?s={search_term_string}\"},\"query-input\":{\"@type\":\"PropertyValueSpecification\",\"valueRequired\":true,\"valueName\":\"search_term_string\"}}],\"inLanguage\":\"fr-FR\"}]}<\/script>\n<!-- \/ Yoast SEO plugin. -->","yoast_head_json":{"title":"Nous contacter - Erosive Toothwear","robots":{"index":"index","follow":"follow","max-snippet":"max-snippet:-1","max-image-preview":"max-image-preview:large","max-video-preview":"max-video-preview:-1"},"canonical":"https:\/\/www.erosivetoothwear.com\/fr\/nous-contacter\/","og_locale":"fr_FR","og_type":"article","og_title":"Nous contacter - Erosive Toothwear","og_description":"Vous aider \u00e0 r\u00e9duire les risques et \u00e0 prendre en charge cette pathologie Nous contacter Liens rapides L&#8217;usure dentaire \u00e9rosive et vous Ce qu&#8217;il arrive \u00e0 vos dents, comment cela pourrait \u00e9voluer et comment l&#8217;arr\u00eater. Notre base de connaissances La base de connaissances mondiale permet un acc\u00e8s facile aux donn\u00e9es issues de la recherche \u00e0 [&hellip;]","og_url":"https:\/\/www.erosivetoothwear.com\/fr\/nous-contacter\/","og_site_name":"Erosive Toothwear","article_modified_time":"2025-07-09T08:33:44+00:00","twitter_card":"summary_large_image","schema":{"@context":"https:\/\/schema.org","@graph":[{"@type":"WebPage","@id":"https:\/\/www.erosivetoothwear.com\/fr\/nous-contacter\/","url":"https:\/\/www.erosivetoothwear.com\/fr\/nous-contacter\/","name":"Nous contacter - Erosive Toothwear","isPartOf":{"@id":"https:\/\/www.erosivetoothwear.com\/#website"},"datePublished":"2024-05-22T13:32:38+00:00","dateModified":"2025-07-09T08:33:44+00:00","breadcrumb":{"@id":"https:\/\/www.erosivetoothwear.com\/fr\/nous-contacter\/#breadcrumb"},"inLanguage":"fr-FR","potentialAction":[{"@type":"ReadAction","target":["https:\/\/www.erosivetoothwear.com\/fr\/nous-contacter\/"]}]},{"@type":"BreadcrumbList","@id":"https:\/\/www.erosivetoothwear.com\/fr\/nous-contacter\/#breadcrumb","itemListElement":[{"@type":"ListItem","position":1,"name":"Home","item":"https:\/\/www.erosivetoothwear.com\/fr\/page-daccueil\/"},{"@type":"ListItem","position":2,"name":"Nous contacter"}]},{"@type":"WebSite","@id":"https:\/\/www.erosivetoothwear.com\/#website","url":"https:\/\/www.erosivetoothwear.com\/","name":"Erosive Toothwear","description":"","potentialAction":[{"@type":"SearchAction","target":{"@type":"EntryPoint","urlTemplate":"https:\/\/www.erosivetoothwear.com\/?s={search_term_string}"},"query-input":{"@type":"PropertyValueSpecification","valueRequired":true,"valueName":"search_term_string"}}],"inLanguage":"fr-FR"}]}},"_links":{"self":[{"href":"https:\/\/www.erosivetoothwear.com\/fr\/wp-json\/wp\/v2\/pages\/1344","targetHints":{"allow":["GET"]}}],"collection":[{"href":"https:\/\/www.erosivetoothwear.com\/fr\/wp-json\/wp\/v2\/pages"}],"about":[{"href":"https:\/\/www.erosivetoothwear.com\/fr\/wp-json\/wp\/v2\/types\/page"}],"author":[{"embeddable":true,"href":"https:\/\/www.erosivetoothwear.com\/fr\/wp-json\/wp\/v2\/users\/1"}],"replies":[{"embeddable":true,"href":"https:\/\/www.erosivetoothwear.com\/fr\/wp-json\/wp\/v2\/comments?post=1344"}],"version-history":[{"count":4,"href":"https:\/\/www.erosivetoothwear.com\/fr\/wp-json\/wp\/v2\/pages\/1344\/revisions"}],"predecessor-version":[{"id":2474,"href":"https:\/\/www.erosivetoothwear.com\/fr\/wp-json\/wp\/v2\/pages\/1344\/revisions\/2474"}],"wp:attachment":[{"href":"https:\/\/www.erosivetoothwear.com\/fr\/wp-json\/wp\/v2\/media?parent=1344"}],"curies":[{"name":"wp","href":"https:\/\/api.w.org\/{rel}","templated":true}]}}