{"id":1333,"date":"2024-05-22T10:47:12","date_gmt":"2024-05-22T09:47:12","guid":{"rendered":"https:\/\/www.erosivetoothwear.com\/page-daccueil\/"},"modified":"2026-03-05T14:01:34","modified_gmt":"2026-03-05T14:01:34","slug":"page-daccueil","status":"publish","type":"page","link":"https:\/\/www.erosivetoothwear.com\/fr\/","title":{"rendered":"Page d&#8217;accueil"},"content":{"rendered":"\n<h1>\n\t\t\tPr\u00e9server la sant\u00e9 de votre \u00e9mail tout au long de la vie\t<\/h1>\n<h2>\n\t\t\tChoisissez votre parcours\t<\/h2>\n        <ul>\n            <li>\n                <img decoding=\"async\" height=\"75\" src=\"\/app\/uploads\/2017\/12\/treatment.png\" alt=\"Les patients\"\/>\n                <a href=\"https:\/\/www.erosivetoothwear.com\/fr\/lusure-dentaire-erosive-et-vous\/\">Patient dentaire<\/a>\n            <\/li>\n            <li>\n                <img decoding=\"async\" height=\"75\" src=\"\/app\/uploads\/2018\/01\/selector-icon-healthcare.png\" alt=\"professionnels-de-sant\u00e9\"\/>\n                <a href=\"https:\/\/www.erosivetoothwear.com\/fr\/professionnels-de-sante\/\">Professionnel de sant\u00e9<\/a>\n            <\/li>\n        <\/ul>\n<h3>\n\t\t\tL&#8217;usure dentaire erosive : Les bases\t<\/h3>\n    <a href=\"https:\/\/www.youtube.com\/watch?v=mDDsEBJuN38\">\n        Qu&#8217;est-ce que l&#8217;usure dentaire \u00e9rosive ?\n    <\/a>\n    <a href=\"https:\/\/www.youtube.com\/watch?v=u4JniKPF88Y\">\n        \u00c0 quoi cela ressemble-t-il?\n    <\/a>\n    <a href=\"https:\/\/www.youtube.com\/watch?v=P6DrAktdShg\">\n        Que puis-je faire pour l&#8217;emp\u00eacher ?\n    <\/a>\n<h3>\n\t\t\tNos partenaires industriels\t<\/h3>\n<figure itemscope itemtype=\"https:\/\/schema.org\/ImageObject\">\n\t\t\t\t<a href=\"https:\/\/www.colgate.com\/\"  target=\"_blank\" rel=\"noopener\"  itemprop=\"url\">\n\t\t\t\t<img decoding=\"async\" src=\"https:\/\/www.erosivetoothwear.com\/app\/uploads\/2018\/01\/Logo_ColgateSmile_Print_CMYK_171115-300x144.jpg\" alt=\"Logo_ColgateSmile_Print_171115\" height=\"144\" width=\"300\" title=\"Logo_ColgateSmile_Print_171115\" onerror=\"this.style.display='none'\" loading=\"lazy\" \/>\n\t\t\t\t<\/a>\n\t<\/figure>\n<figure itemscope itemtype=\"https:\/\/schema.org\/ImageObject\">\n\t\t\t\t<a href=\"https:\/\/www.haleon.com\/\"  target=\"_blank\" rel=\"noopener\"  itemprop=\"url\">\n\t\t\t\t<img decoding=\"async\" src=\"https:\/\/www.erosivetoothwear.com\/app\/uploads\/2018\/01\/Haleon-logo-300x78.png\" alt=\"a black logo with a green line making up the centre of the e\" height=\"78\" width=\"300\" title=\"Haleon logo\" onerror=\"this.style.display='none'\" loading=\"lazy\" \/>\n\t\t\t\t<\/a>\n\t<\/figure>\n\n","protected":false},"excerpt":{"rendered":"<p>Pr\u00e9server la sant\u00e9 de votre \u00e9mail tout au long de la vie Choisissez votre parcours Patient dentaire Professionnel de sant\u00e9 L&#8217;usure dentaire erosive : Les bases Qu&#8217;est-ce que l&#8217;usure dentaire \u00e9rosive ? \u00c0 quoi cela ressemble-t-il? Que puis-je faire pour l&#8217;emp\u00eacher ? Nos partenaires industriels<\/p>\n","protected":false},"author":1,"featured_media":0,"parent":0,"menu_order":0,"comment_status":"closed","ping_status":"closed","template":"","meta":{"_acf_changed":false,"footnotes":""},"class_list":["post-1333","page","type-page","status-publish","hentry"],"acf":[],"yoast_head":"<!-- This site is optimized with the Yoast SEO plugin v27.4 - https:\/\/yoast.com\/product\/yoast-seo-wordpress\/ -->\n<title>The Erosive Tooth Wear Foundation<\/title>\n<meta name=\"description\" content=\"Comprenez ce qu&#039;est l&#039;usure dentaire \u00e9rosive, ce qui arrive \u00e0 vos dents, comment elle peut se d\u00e9velopper et comment y mettre fin.\" \/>\n<meta name=\"robots\" content=\"index, follow, max-snippet:-1, max-image-preview:large, max-video-preview:-1\" \/>\n<link rel=\"canonical\" href=\"https:\/\/www.erosivetoothwear.com\/fr\/page-daccueil\/\" \/>\n<meta property=\"og:locale\" content=\"fr_FR\" \/>\n<meta property=\"og:type\" content=\"article\" \/>\n<meta property=\"og:title\" content=\"The Erosive Tooth Wear Foundation\" \/>\n<meta property=\"og:description\" content=\"Comprenez ce qu&#039;est l&#039;usure dentaire \u00e9rosive, ce qui arrive \u00e0 vos dents, comment elle peut se d\u00e9velopper et comment y mettre fin.\" \/>\n<meta property=\"og:url\" content=\"https:\/\/www.erosivetoothwear.com\/fr\/page-daccueil\/\" \/>\n<meta property=\"og:site_name\" content=\"Erosive Toothwear\" \/>\n<meta property=\"article:modified_time\" content=\"2026-03-05T14:01:34+00:00\" \/>\n<meta property=\"og:image\" content=\"https:\/\/www.erosivetoothwear.com\/app\/uploads\/2018\/01\/Logo_ColgateSmile_Print_CMYK_171115-300x144.jpg\" \/>\n<meta name=\"twitter:card\" content=\"summary_large_image\" \/>\n<script type=\"application\/ld+json\" class=\"yoast-schema-graph\">{\"@context\":\"https:\\\/\\\/schema.org\",\"@graph\":[{\"@type\":\"WebPage\",\"@id\":\"https:\\\/\\\/www.erosivetoothwear.com\\\/fr\\\/page-daccueil\\\/\",\"url\":\"https:\\\/\\\/www.erosivetoothwear.com\\\/fr\\\/page-daccueil\\\/\",\"name\":\"The Erosive Tooth Wear Foundation\",\"isPartOf\":{\"@id\":\"https:\\\/\\\/www.erosivetoothwear.com\\\/#website\"},\"primaryImageOfPage\":{\"@id\":\"https:\\\/\\\/www.erosivetoothwear.com\\\/fr\\\/page-daccueil\\\/#primaryimage\"},\"image\":{\"@id\":\"https:\\\/\\\/www.erosivetoothwear.com\\\/fr\\\/page-daccueil\\\/#primaryimage\"},\"thumbnailUrl\":\"https:\\\/\\\/www.erosivetoothwear.com\\\/app\\\/uploads\\\/2018\\\/01\\\/Logo_ColgateSmile_Print_CMYK_171115-300x144.jpg\",\"datePublished\":\"2024-05-22T09:47:12+00:00\",\"dateModified\":\"2026-03-05T14:01:34+00:00\",\"description\":\"Comprenez ce qu'est l'usure dentaire \u00e9rosive, ce qui arrive \u00e0 vos dents, comment elle peut se d\u00e9velopper et comment y mettre fin.\",\"breadcrumb\":{\"@id\":\"https:\\\/\\\/www.erosivetoothwear.com\\\/fr\\\/page-daccueil\\\/#breadcrumb\"},\"inLanguage\":\"fr-FR\",\"potentialAction\":[{\"@type\":\"ReadAction\",\"target\":[\"https:\\\/\\\/www.erosivetoothwear.com\\\/fr\\\/page-daccueil\\\/\"]}]},{\"@type\":\"ImageObject\",\"inLanguage\":\"fr-FR\",\"@id\":\"https:\\\/\\\/www.erosivetoothwear.com\\\/fr\\\/page-daccueil\\\/#primaryimage\",\"url\":\"https:\\\/\\\/www.erosivetoothwear.com\\\/app\\\/uploads\\\/2018\\\/01\\\/Logo_ColgateSmile_Print_CMYK_171115-300x144.jpg\",\"contentUrl\":\"https:\\\/\\\/www.erosivetoothwear.com\\\/app\\\/uploads\\\/2018\\\/01\\\/Logo_ColgateSmile_Print_CMYK_171115-300x144.jpg\"},{\"@type\":\"BreadcrumbList\",\"@id\":\"https:\\\/\\\/www.erosivetoothwear.com\\\/fr\\\/page-daccueil\\\/#breadcrumb\",\"itemListElement\":[{\"@type\":\"ListItem\",\"position\":1,\"name\":\"Home\",\"item\":\"https:\\\/\\\/www.erosivetoothwear.com\\\/fr\\\/page-daccueil\\\/\"},{\"@type\":\"ListItem\",\"position\":2,\"name\":\"Page d&#8217;accueil\"}]},{\"@type\":\"WebSite\",\"@id\":\"https:\\\/\\\/www.erosivetoothwear.com\\\/#website\",\"url\":\"https:\\\/\\\/www.erosivetoothwear.com\\\/\",\"name\":\"Erosive Toothwear\",\"description\":\"\",\"potentialAction\":[{\"@type\":\"SearchAction\",\"target\":{\"@type\":\"EntryPoint\",\"urlTemplate\":\"https:\\\/\\\/www.erosivetoothwear.com\\\/?s={search_term_string}\"},\"query-input\":{\"@type\":\"PropertyValueSpecification\",\"valueRequired\":true,\"valueName\":\"search_term_string\"}}],\"inLanguage\":\"fr-FR\"}]}<\/script>\n<!-- \/ Yoast SEO plugin. -->","yoast_head_json":{"title":"The Erosive Tooth Wear Foundation","description":"Comprenez ce qu'est l'usure dentaire \u00e9rosive, ce qui arrive \u00e0 vos dents, comment elle peut se d\u00e9velopper et comment y mettre fin.","robots":{"index":"index","follow":"follow","max-snippet":"max-snippet:-1","max-image-preview":"max-image-preview:large","max-video-preview":"max-video-preview:-1"},"canonical":"https:\/\/www.erosivetoothwear.com\/fr\/page-daccueil\/","og_locale":"fr_FR","og_type":"article","og_title":"The Erosive Tooth Wear Foundation","og_description":"Comprenez ce qu'est l'usure dentaire \u00e9rosive, ce qui arrive \u00e0 vos dents, comment elle peut se d\u00e9velopper et comment y mettre fin.","og_url":"https:\/\/www.erosivetoothwear.com\/fr\/page-daccueil\/","og_site_name":"Erosive Toothwear","article_modified_time":"2026-03-05T14:01:34+00:00","og_image":[{"url":"https:\/\/www.erosivetoothwear.com\/app\/uploads\/2018\/01\/Logo_ColgateSmile_Print_CMYK_171115-300x144.jpg","type":"","width":"","height":""}],"twitter_card":"summary_large_image","schema":{"@context":"https:\/\/schema.org","@graph":[{"@type":"WebPage","@id":"https:\/\/www.erosivetoothwear.com\/fr\/page-daccueil\/","url":"https:\/\/www.erosivetoothwear.com\/fr\/page-daccueil\/","name":"The Erosive Tooth Wear Foundation","isPartOf":{"@id":"https:\/\/www.erosivetoothwear.com\/#website"},"primaryImageOfPage":{"@id":"https:\/\/www.erosivetoothwear.com\/fr\/page-daccueil\/#primaryimage"},"image":{"@id":"https:\/\/www.erosivetoothwear.com\/fr\/page-daccueil\/#primaryimage"},"thumbnailUrl":"https:\/\/www.erosivetoothwear.com\/app\/uploads\/2018\/01\/Logo_ColgateSmile_Print_CMYK_171115-300x144.jpg","datePublished":"2024-05-22T09:47:12+00:00","dateModified":"2026-03-05T14:01:34+00:00","description":"Comprenez ce qu'est l'usure dentaire \u00e9rosive, ce qui arrive \u00e0 vos dents, comment elle peut se d\u00e9velopper et comment y mettre fin.","breadcrumb":{"@id":"https:\/\/www.erosivetoothwear.com\/fr\/page-daccueil\/#breadcrumb"},"inLanguage":"fr-FR","potentialAction":[{"@type":"ReadAction","target":["https:\/\/www.erosivetoothwear.com\/fr\/page-daccueil\/"]}]},{"@type":"ImageObject","inLanguage":"fr-FR","@id":"https:\/\/www.erosivetoothwear.com\/fr\/page-daccueil\/#primaryimage","url":"https:\/\/www.erosivetoothwear.com\/app\/uploads\/2018\/01\/Logo_ColgateSmile_Print_CMYK_171115-300x144.jpg","contentUrl":"https:\/\/www.erosivetoothwear.com\/app\/uploads\/2018\/01\/Logo_ColgateSmile_Print_CMYK_171115-300x144.jpg"},{"@type":"BreadcrumbList","@id":"https:\/\/www.erosivetoothwear.com\/fr\/page-daccueil\/#breadcrumb","itemListElement":[{"@type":"ListItem","position":1,"name":"Home","item":"https:\/\/www.erosivetoothwear.com\/fr\/page-daccueil\/"},{"@type":"ListItem","position":2,"name":"Page d&#8217;accueil"}]},{"@type":"WebSite","@id":"https:\/\/www.erosivetoothwear.com\/#website","url":"https:\/\/www.erosivetoothwear.com\/","name":"Erosive Toothwear","description":"","potentialAction":[{"@type":"SearchAction","target":{"@type":"EntryPoint","urlTemplate":"https:\/\/www.erosivetoothwear.com\/?s={search_term_string}"},"query-input":{"@type":"PropertyValueSpecification","valueRequired":true,"valueName":"search_term_string"}}],"inLanguage":"fr-FR"}]}},"_links":{"self":[{"href":"https:\/\/www.erosivetoothwear.com\/fr\/wp-json\/wp\/v2\/pages\/1333","targetHints":{"allow":["GET"]}}],"collection":[{"href":"https:\/\/www.erosivetoothwear.com\/fr\/wp-json\/wp\/v2\/pages"}],"about":[{"href":"https:\/\/www.erosivetoothwear.com\/fr\/wp-json\/wp\/v2\/types\/page"}],"author":[{"embeddable":true,"href":"https:\/\/www.erosivetoothwear.com\/fr\/wp-json\/wp\/v2\/users\/1"}],"replies":[{"embeddable":true,"href":"https:\/\/www.erosivetoothwear.com\/fr\/wp-json\/wp\/v2\/comments?post=1333"}],"version-history":[{"count":5,"href":"https:\/\/www.erosivetoothwear.com\/fr\/wp-json\/wp\/v2\/pages\/1333\/revisions"}],"predecessor-version":[{"id":2604,"href":"https:\/\/www.erosivetoothwear.com\/fr\/wp-json\/wp\/v2\/pages\/1333\/revisions\/2604"}],"wp:attachment":[{"href":"https:\/\/www.erosivetoothwear.com\/fr\/wp-json\/wp\/v2\/media?parent=1333"}],"curies":[{"name":"wp","href":"https:\/\/api.w.org\/{rel}","templated":true}]}}