{"id":2748,"date":"2026-03-03T14:38:42","date_gmt":"2026-03-03T14:38:42","guid":{"rendered":"https:\/\/www.erosivetoothwear.com\/cuestionario\/"},"modified":"2026-03-09T12:34:11","modified_gmt":"2026-03-09T12:34:11","slug":"cuestionario","status":"publish","type":"page","link":"https:\/\/www.erosivetoothwear.com\/es\/cuestionario\/","title":{"rendered":"Cuestionario"},"content":{"rendered":"\n<h1>\n\t\t\t\u00bfPodr\u00eda estar en riesgo de sufrir desgaste erosivo dental?\t<\/h1>\n\t<p>Identifique sus factores de riesgo<\/p>\n\t<span><span><a href=\"https:\/\/www.erosivetoothwear.com\/es\/inicio\/\">Home<\/a><\/span><\/span>\n<h2>\n\t\t\tCuestionario\t<\/h2>\n\t<p><strong>Seleccione las respuestas a las siguientes preguntas para determinar si podr\u00eda estar en riesgo de desgaste dental erosivo.<\/strong><\/p>\n<p>*Este cuestionario est\u00e1 dise\u00f1ado para ayudarle a comprender los factores de riesgo del desgaste dental erosivo. Para obtener un diagn\u00f3stico m\u00e1s detallado, consulte a su profesional dental. <\/p>\n\t<section>\n<p>&nbsp;<\/p>\n<form id=\"quiz-form\" method=\"post\">\n<img decoding=\"async\" src=\"\/app\/uploads\/2021\/01\/q1-1.jpg\"\/>\n<h5>P1:<\/h5>\n<h4>\u00bfToma jugos de fruta o batidos entre las comidas?<\/h4>\n<input name=\"q1\" type=\"radio\" value=\"1\"\/><input name=\"q1\" type=\"radio\" value=\"0\"\/>\n<img decoding=\"async\" src=\"\/app\/uploads\/2021\/01\/fizzy-drink-1.jpg\"\/>\n<h5>P2:<\/h5>\n<h4>\u00bfToma bebidas gaseosas entre las comidas?<\/h4>\n<input name=\"q2\" type=\"radio\" value=\"1\"\/><input name=\"q2\" type=\"radio\" value=\"0\"\/>\n<img decoding=\"async\" src=\"\/app\/uploads\/2021\/01\/wine-1.jpg\"\/>\n<h5>P3:<\/h5>\n<h4>\u00bfToma vino fuera de las comidas?<\/h4>\n<input name=\"q3\" type=\"radio\" value=\"1\"\/><input name=\"q3\" type=\"radio\" value=\"0\"\/>\n<img decoding=\"async\" src=\"\/app\/uploads\/2021\/01\/snack-1.jpg\"\/>\n<h5>P4:<\/h5>\n<h4>\u00bfCome frutas entre las comidas?<\/h4>\n<input name=\"q4\" type=\"radio\" value=\"1\"\/><input name=\"q4\" type=\"radio\" value=\"0\"\/>\n<img decoding=\"async\" src=\"\/app\/uploads\/2021\/01\/lemon-water-1.jpg\"\/>\n<h5>P5:<\/h5>\n<h4>\u00bfBebe agua caliente con lim\u00f3n regularmente entre las comidas?<\/h4>\n<input name=\"q5\" type=\"radio\" value=\"1\"\/><input name=\"q5\" type=\"radio\" value=\"0\"\/>\n<img decoding=\"async\" src=\"\/app\/uploads\/2021\/01\/fruit-tea-1.jpg\"\/>\n<h5>P6:<\/h5>\n<h4>\u00bfBebe infusiones de frutas con regularidad entre las comidas?<\/h4>\n<input name=\"q6\" type=\"radio\" value=\"1\"\/><input name=\"q6\" type=\"radio\" value=\"0\"\/>\n<img decoding=\"async\" src=\"\/app\/uploads\/2021\/01\/fruits-1.jpg\"\/>\n<h5>P7:<\/h5>\n<h4>\u00bfCome fruta entre las comidas?<\/h4>\n<input name=\"q7\" type=\"radio\" value=\"1\"\/><input name=\"q7\" type=\"radio\" value=\"0\"\/>\n<img decoding=\"async\" src=\"\/app\/uploads\/2021\/01\/acid-reflus-1.jpg\"\/>\n<h5>P8:<\/h5>\n<h4>\u00bfSufre de reflujo \u00e1cido?<\/h4>\n<input name=\"q8\" type=\"radio\" value=\"1\"\/><input name=\"q8\" type=\"radio\" value=\"0\"\/>\n<img decoding=\"async\" src=\"\/app\/uploads\/2021\/01\/drinking-1.jpg\"\/>\n<h5>P9:<\/h5>\n<h4>\u00bfSe enjuaga Mantiene las bebidas en la boca (hace buches) con las bebidas cuando las toma?<\/h4>\n<input name=\"q9\" type=\"radio\" value=\"1\"\/><input name=\"q9\" type=\"radio\" value=\"0\"\/>\n<\/form>\nP1\nP2\nP3\nP4\nP5\nP6\nP7\nP8\nP9\n<h2>Resultados<\/h2>\n<h3>Score 0<\/h3>\n<p>Su puntuaci\u00f3n puede indicar que tiene un n\u00famero bajo de factores de riesgo de Desgaste Dental Erosivo. Para mantenerlo as\u00ed, intente limitar el consumo de alimentos o bebidas \u00e1cidos (como refrescos, vino, frutas y zumos) a las comidas. <\/p>\n<h2>Resultados<\/h2>\n<h3>Score 0<\/h3>\n<p>Su puntuaci\u00f3n puede indicar que corre el riesgo de sufrir Desgaste Dental Erosivo. Consumir alimentos y bebidas \u00e1cidos entre comidas durante per\u00edodos prolongados aumenta el tiempo de contacto con el esmalte y reduce la probabilidad de que la boca pueda neutralizar el \u00e1cido. <\/p>\n<h2>Resultados<\/h2>\n<h3>Score 0<\/h3>\n<p>Su puntuaci\u00f3n puede indicar un alto riesgo de Desgaste Dental Erosivo. Consulte con su profesional dental sobre las medidas que puede tomar para minimizar el riesgo. Estas pueden incluir limitar el consumo de alimentos y bebidas \u00e1cidas a las comidas, evitar las bebidas \u00e1cidas durante largos periodos de tiempo a lo largo del d\u00eda y consultar con su m\u00e9dico si padece reflujo \u00e1cido.  <\/p>\n<\/section>\n\t<p>Puede leer m\u00e1s en nuestras <a href=\"https:\/\/www.erosivetoothwear.com\/es\/pacientes-odontologicos\/preguntas-frecuentes\/\"><strong>Preguntas y Respuestas frecuentes de los Pacientes <\/strong><\/a>o en los siguientes art\u00edculos:<\/p>\n\t<a href=\"https:\/\/www.erosivetoothwear.com\/es\/pacientes-odontologicos\/preguntas-frecuentes\/como-afecta-el-acido-mis-dientes\/\">\u00bfC\u00f3mo afecta el \u00e1cido mis dientes?<\/a><br \/>\n<a href=\"https:\/\/www.erosivetoothwear.com\/es\/pacientes-odontologicos\/preguntas-frecuentes\/como-se-diferencia-el-desgaste-dental-erosivo-de-la-caries-dental\/\">\u00bfC\u00f3mo se diferencia el desgaste dental erosivo de la caries dental?<\/a><br \/>\n<a href=\"https:\/\/www.erosivetoothwear.com\/es\/pacientes-odontologicos\/preguntas-frecuentes\/como-afecta-la-saliva-mis-dientes\/\">\u00bfC\u00f3mo afecta la saliva mis dientes?<\/a><br \/>\n<a href=\"https:\/\/www.erosivetoothwear.com\/es\/pacientes-odontologicos\/preguntas-frecuentes\/the-pros-and-cons-of-restoring-your-teeth\/\">\u00bfLos pros y los contras de restaurar tus dientes?<\/a><br \/>\n<a href=\"https:\/\/www.erosivetoothwear.com\/es\/pacientes-odontologicos\/preguntas-frecuentes\/que-es-la-estructura-de-mis-dientes\/\">\u00bfQu\u00e9 es la estructura de mis dientes?<\/a>\n\t<a href=\"https:\/\/www.erosivetoothwear.com\/es\/pacientes-odontologicos\/preguntas-frecuentes\/que-es-desgaste-dental-mecanico\/\">\u00bfQu\u00e9 es desgaste dental &#8216;mec\u00e1nico&#8217;?<\/a><br \/>\n<a href=\"https:\/\/www.erosivetoothwear.com\/es\/pacientes-odontologicos\/preguntas-frecuentes\/que-causa-dientes-sensibles\/\">\u00bfQu\u00e9 causa la sensibilidad de los dientes?<\/a><br \/>\n<a href=\"https:\/\/www.erosivetoothwear.com\/es\/pacientes-odontologicos\/preguntas-frecuentes\/que-hacen-los-demas-ingredientes-de-la-crema-dental\/\">\u00bfQu\u00e9 hacen los otros ingredientes de la crema dental?<\/a><br \/>\n<a href=\"https:\/\/www.erosivetoothwear.com\/es\/pacientes-odontologicos\/preguntas-frecuentes\/que-hace-realmente-el-fluor\/\">\u00bfQu\u00e9 hace realmente el fluoruro?<\/a>\n\n","protected":false},"excerpt":{"rendered":"<p>\u00bfPodr\u00eda estar en riesgo de sufrir desgaste erosivo dental? Identifique sus factores de riesgo Cuestionario Seleccione las respuestas a las siguientes preguntas para determinar si podr\u00eda estar en riesgo de desgaste dental erosivo. *Este cuestionario est\u00e1 dise\u00f1ado para ayudarle a comprender los factores de riesgo del desgaste dental erosivo. Para obtener un diagn\u00f3stico m\u00e1s detallado, [&hellip;]<\/p>\n","protected":false},"author":1,"featured_media":0,"parent":0,"menu_order":0,"comment_status":"closed","ping_status":"closed","template":"","meta":{"_acf_changed":false,"footnotes":""},"class_list":["post-2748","page","type-page","status-publish","hentry"],"acf":[],"yoast_head":"<!-- This site is optimized with the Yoast SEO plugin v27.4 - https:\/\/yoast.com\/product\/yoast-seo-wordpress\/ -->\n<title>Cuestionario - Erosive Toothwear<\/title>\n<meta name=\"robots\" content=\"index, follow, max-snippet:-1, max-image-preview:large, max-video-preview:-1\" \/>\n<link rel=\"canonical\" href=\"https:\/\/www.erosivetoothwear.com\/es\/cuestionario\/\" \/>\n<meta property=\"og:locale\" content=\"es_ES\" \/>\n<meta property=\"og:type\" content=\"article\" \/>\n<meta property=\"og:title\" content=\"Cuestionario - Erosive Toothwear\" \/>\n<meta property=\"og:description\" content=\"\u00bfPodr\u00eda estar en riesgo de sufrir desgaste erosivo dental? Identifique sus factores de riesgo Cuestionario Seleccione las respuestas a las siguientes preguntas para determinar si podr\u00eda estar en riesgo de desgaste dental erosivo. *Este cuestionario est\u00e1 dise\u00f1ado para ayudarle a comprender los factores de riesgo del desgaste dental erosivo. Para obtener un diagn\u00f3stico m\u00e1s detallado, [&hellip;]\" \/>\n<meta property=\"og:url\" content=\"https:\/\/www.erosivetoothwear.com\/es\/cuestionario\/\" \/>\n<meta property=\"og:site_name\" content=\"Erosive Toothwear\" \/>\n<meta property=\"article:modified_time\" content=\"2026-03-09T12:34:11+00:00\" \/>\n<meta name=\"twitter:card\" content=\"summary_large_image\" \/>\n<meta name=\"twitter:label1\" content=\"Est. reading time\" \/>\n\t<meta name=\"twitter:data1\" content=\"2 minutes\" \/>\n<script type=\"application\/ld+json\" class=\"yoast-schema-graph\">{\"@context\":\"https:\\\/\\\/schema.org\",\"@graph\":[{\"@type\":\"WebPage\",\"@id\":\"https:\\\/\\\/www.erosivetoothwear.com\\\/es\\\/cuestionario\\\/\",\"url\":\"https:\\\/\\\/www.erosivetoothwear.com\\\/es\\\/cuestionario\\\/\",\"name\":\"Cuestionario - Erosive Toothwear\",\"isPartOf\":{\"@id\":\"https:\\\/\\\/www.erosivetoothwear.com\\\/#website\"},\"datePublished\":\"2026-03-03T14:38:42+00:00\",\"dateModified\":\"2026-03-09T12:34:11+00:00\",\"breadcrumb\":{\"@id\":\"https:\\\/\\\/www.erosivetoothwear.com\\\/es\\\/cuestionario\\\/#breadcrumb\"},\"inLanguage\":\"es-ES\",\"potentialAction\":[{\"@type\":\"ReadAction\",\"target\":[\"https:\\\/\\\/www.erosivetoothwear.com\\\/es\\\/cuestionario\\\/\"]}]},{\"@type\":\"BreadcrumbList\",\"@id\":\"https:\\\/\\\/www.erosivetoothwear.com\\\/es\\\/cuestionario\\\/#breadcrumb\",\"itemListElement\":[{\"@type\":\"ListItem\",\"position\":1,\"name\":\"Home\",\"item\":\"https:\\\/\\\/www.erosivetoothwear.com\\\/es\\\/inicio\\\/\"},{\"@type\":\"ListItem\",\"position\":2,\"name\":\"Cuestionario\"}]},{\"@type\":\"WebSite\",\"@id\":\"https:\\\/\\\/www.erosivetoothwear.com\\\/#website\",\"url\":\"https:\\\/\\\/www.erosivetoothwear.com\\\/\",\"name\":\"Erosive Toothwear\",\"description\":\"\",\"potentialAction\":[{\"@type\":\"SearchAction\",\"target\":{\"@type\":\"EntryPoint\",\"urlTemplate\":\"https:\\\/\\\/www.erosivetoothwear.com\\\/?s={search_term_string}\"},\"query-input\":{\"@type\":\"PropertyValueSpecification\",\"valueRequired\":true,\"valueName\":\"search_term_string\"}}],\"inLanguage\":\"es-ES\"}]}<\/script>\n<!-- \/ Yoast SEO plugin. -->","yoast_head_json":{"title":"Cuestionario - Erosive Toothwear","robots":{"index":"index","follow":"follow","max-snippet":"max-snippet:-1","max-image-preview":"max-image-preview:large","max-video-preview":"max-video-preview:-1"},"canonical":"https:\/\/www.erosivetoothwear.com\/es\/cuestionario\/","og_locale":"es_ES","og_type":"article","og_title":"Cuestionario - Erosive Toothwear","og_description":"\u00bfPodr\u00eda estar en riesgo de sufrir desgaste erosivo dental? Identifique sus factores de riesgo Cuestionario Seleccione las respuestas a las siguientes preguntas para determinar si podr\u00eda estar en riesgo de desgaste dental erosivo. *Este cuestionario est\u00e1 dise\u00f1ado para ayudarle a comprender los factores de riesgo del desgaste dental erosivo. Para obtener un diagn\u00f3stico m\u00e1s detallado, [&hellip;]","og_url":"https:\/\/www.erosivetoothwear.com\/es\/cuestionario\/","og_site_name":"Erosive Toothwear","article_modified_time":"2026-03-09T12:34:11+00:00","twitter_card":"summary_large_image","twitter_misc":{"Est. reading time":"2 minutes"},"schema":{"@context":"https:\/\/schema.org","@graph":[{"@type":"WebPage","@id":"https:\/\/www.erosivetoothwear.com\/es\/cuestionario\/","url":"https:\/\/www.erosivetoothwear.com\/es\/cuestionario\/","name":"Cuestionario - Erosive Toothwear","isPartOf":{"@id":"https:\/\/www.erosivetoothwear.com\/#website"},"datePublished":"2026-03-03T14:38:42+00:00","dateModified":"2026-03-09T12:34:11+00:00","breadcrumb":{"@id":"https:\/\/www.erosivetoothwear.com\/es\/cuestionario\/#breadcrumb"},"inLanguage":"es-ES","potentialAction":[{"@type":"ReadAction","target":["https:\/\/www.erosivetoothwear.com\/es\/cuestionario\/"]}]},{"@type":"BreadcrumbList","@id":"https:\/\/www.erosivetoothwear.com\/es\/cuestionario\/#breadcrumb","itemListElement":[{"@type":"ListItem","position":1,"name":"Home","item":"https:\/\/www.erosivetoothwear.com\/es\/inicio\/"},{"@type":"ListItem","position":2,"name":"Cuestionario"}]},{"@type":"WebSite","@id":"https:\/\/www.erosivetoothwear.com\/#website","url":"https:\/\/www.erosivetoothwear.com\/","name":"Erosive Toothwear","description":"","potentialAction":[{"@type":"SearchAction","target":{"@type":"EntryPoint","urlTemplate":"https:\/\/www.erosivetoothwear.com\/?s={search_term_string}"},"query-input":{"@type":"PropertyValueSpecification","valueRequired":true,"valueName":"search_term_string"}}],"inLanguage":"es-ES"}]}},"_links":{"self":[{"href":"https:\/\/www.erosivetoothwear.com\/es\/wp-json\/wp\/v2\/pages\/2748","targetHints":{"allow":["GET"]}}],"collection":[{"href":"https:\/\/www.erosivetoothwear.com\/es\/wp-json\/wp\/v2\/pages"}],"about":[{"href":"https:\/\/www.erosivetoothwear.com\/es\/wp-json\/wp\/v2\/types\/page"}],"author":[{"embeddable":true,"href":"https:\/\/www.erosivetoothwear.com\/es\/wp-json\/wp\/v2\/users\/1"}],"replies":[{"embeddable":true,"href":"https:\/\/www.erosivetoothwear.com\/es\/wp-json\/wp\/v2\/comments?post=2748"}],"version-history":[{"count":4,"href":"https:\/\/www.erosivetoothwear.com\/es\/wp-json\/wp\/v2\/pages\/2748\/revisions"}],"predecessor-version":[{"id":2862,"href":"https:\/\/www.erosivetoothwear.com\/es\/wp-json\/wp\/v2\/pages\/2748\/revisions\/2862"}],"wp:attachment":[{"href":"https:\/\/www.erosivetoothwear.com\/es\/wp-json\/wp\/v2\/media?parent=2748"}],"curies":[{"name":"wp","href":"https:\/\/api.w.org\/{rel}","templated":true}]}}