{"id":2744,"date":"2026-03-03T14:02:10","date_gmt":"2026-03-03T14:02:10","guid":{"rendered":"https:\/\/www.erosivetoothwear.com\/bewe-2\/"},"modified":"2026-03-24T13:20:57","modified_gmt":"2026-03-24T13:20:57","slug":"bewe-2","status":"publish","type":"page","link":"https:\/\/www.erosivetoothwear.com\/es\/bewe-2\/","title":{"rendered":"BEWE"},"content":{"rendered":"\n<h1>\n\t\t\tExamen B\u00e1sico de Desgaste Dental Erosivo (BEWE, por su sigla en ingl\u00e9s)\t<\/h1>\n\t<h1>Lanzamiento de la campa\u00f1a para mejorar el entendimiento y el monitoreo del Desgaste Dental Erosivo<\/h1>\n\t<span><span><a href=\"https:\/\/www.erosivetoothwear.com\/es\/inicio\/\">Home<\/a><\/span><\/span>\n<h2>\n\t\t\tResumen general\t<\/h2>\n\t<p>Estas p\u00e1ginas le orientan sobre c\u00f3mo utilizar el sistema de puntuaci\u00f3n BEWE, ofreciendo informaci\u00f3n sobre su aplicaci\u00f3n en la pr\u00e1ctica cl\u00ednica y su papel en la mejor\u00eda de la atenci\u00f3n al paciente. Tanto si desea ampliar sus conocimientos como si busca un Desarrollo Profesional Continuo (CPD, por su sigla en ingl\u00e9s), estos recursos le proporcionan un marco pr\u00e1ctico para abordar el desgaste dental erosivo y favorecer mejores resultados en salud oral. <\/p>\n<h2>\n\t\t\tV\u00eddeos de aprendizaje virtual\t<\/h2>\n<h2>\n\t\t\tEl examen con BEWE\t<\/h2>\n\t<iframe loading=\"lazy\" src=\"https:\/\/player.vimeo.com\/video\/352519258\" width=\"100%\" height=\"auto\" frameborder=\"0\" allow=\"autoplay; fullscreen\" allowfullscreen=\"\"><\/iframe><br \/>\nEste v\u00eddeo, protagonizado por la Dra. Saoirse O&#8217;Toole y el Profesor David Bartlett, presenta el BEWE e incluye una demostraci\u00f3n pr\u00e1ctica de c\u00f3mo utilizar el \u00edndice en la pr\u00e1ctica.\n<h2>\n\t\t\tM\u00f3dulo de desgaste dental erosivo\t<\/h2>\n\t<iframe loading=\"lazy\" src=\"https:\/\/player.vimeo.com\/video\/353339570\" width=\"100%\" height=\"auto\" frameborder=\"0\" allowfullscreen=\"allowfullscreen\"><\/iframe><br \/>\nEste m\u00f3dulo ha sido desarrollado para profesionales de la odontolog\u00eda e incluye una voz en off del Profesor David Bartlett. Incluye consejos para el diagn\u00f3stico y la prevenci\u00f3n del desgaste dental erosivo, as\u00ed como informaci\u00f3n sobre el uso de BEWE en la pr\u00e1ctica. \n<h2>\n\t\t\tLa necesidad de realizar pruebas de detecci\u00f3n de ETW\t<\/h2>\n\t<iframe loading=\"lazy\" src=\"https:\/\/player.vimeo.com\/video\/353339812\" width=\"100%\" height=\"auto\" frameborder=\"0\" allowfullscreen=\"allowfullscreen\"><\/iframe><br \/>\nEl Profesor David Bartlett explica por qu\u00e9 la profesi\u00f3n dental debe realizar revisiones rutinarias para detectar el desgaste dental erosivo y la importancia de las revisiones para la prevenci\u00f3n.\n<h2>\n\t\t\tRecursos Adicionales\t<\/h2>\n<h2>\n\t\t\tLectures: Measuring Erosive Tooth Wear\t<\/h2>\n<h2>\n\t\t\tRecursos Descargables\t<\/h2>\n\t<p>En nuestra<a href=\"https:\/\/www.erosivetoothwear.com\/es\/knowledge-base\/\"><strong> Base de Conocimientos <\/strong><\/a>est\u00e1n disponibles tres conferencias del congreso de Londres del Colegio Internacional de Prostodoncia sobre la medici\u00f3n del desgaste dental. El tema general es una explicaci\u00f3n actualizada de la medici\u00f3n del desgaste dental a nivel microm\u00e9trico. <\/p>\n<figure itemscope itemtype=\"https:\/\/schema.org\/ImageObject\">\n\t\t\t\t<img decoding=\"async\" src=\"https:\/\/www.erosivetoothwear.com\/app\/uploads\/2025\/02\/AdobeStock_292613531-150x150.jpeg\" alt=\"Back side of audience listening the Speaker with podium on the stage in the conference hall, business and education concept\" height=\"150\" width=\"150\" title=\"Back side of audience listening the Speaker with podium on the stage in the conference hall, business and education concept\" onerror=\"this.style.display='none'\" loading=\"lazy\" \/>\n\t<\/figure>\n<figure itemscope itemtype=\"https:\/\/schema.org\/ImageObject\">\n\t\t\t\t<a href=\"https:\/\/www.erosivetoothwear.com\/app\/uploads\/2025\/03\/BDJ-Bartlett-et-al.pdf\"  target=\"_self\" itemprop=\"url\">\n\t\t\t\t<img decoding=\"async\" src=\"https:\/\/www.erosivetoothwear.com\/app\/uploads\/2019\/10\/bewe-icon-150x150.png\" alt=\"bewe-icon-150x150.png\" title=\"bewe-icon-150x150.png\" onerror=\"this.style.display='none'\" loading=\"lazy\" \/>\n\t\t\t\t<\/a>\n\t<\/figure>\n\t<p><a href=\"https:\/\/www.erosivetoothwear.com\/app\/uploads\/2025\/03\/BEWE-module-CPD-questions-1.pdf\">Despu\u00e9s del m\u00f3dulo de aprendizaje electr\u00f3nico de desgaste dental erosivo, pruebe su conocimiento con este cuestionario.<\/a><\/p>\n<figure itemscope itemtype=\"https:\/\/schema.org\/ImageObject\">\n\t\t\t\t<a href=\"https:\/\/www.erosivetoothwear.com\/app\/uploads\/2025\/03\/BDJ-Bartlett-et-al.pdf\"  target=\"_self\" itemprop=\"url\">\n\t\t\t\t<img decoding=\"async\" src=\"https:\/\/www.erosivetoothwear.com\/app\/uploads\/2019\/10\/monitoring-icon-150x150.png\" alt=\"monitoring-icon-150x150.png\" title=\"monitoring-icon-150x150.png\" onerror=\"this.style.display='none'\" loading=\"lazy\" \/>\n\t\t\t\t<\/a>\n\t<\/figure>\n\t<p><a href=\"https:\/\/www.erosivetoothwear.com\/app\/uploads\/2025\/03\/BDJ-Bartlett-et-al.pdf\">Art\u00edculo de BDJ que resume los resultados de la discusi\u00f3n de la mesa redonda<\/a><\/p>\n<figure itemscope itemtype=\"https:\/\/schema.org\/ImageObject\">\n\t\t\t\t<a href=\"https:\/\/www.erosivetoothwear.com\/app\/uploads\/2019\/10\/Guideline-recomendations-and-guidelines-BEWE.pdf\"  target=\"_self\" itemprop=\"url\">\n\t\t\t\t<img decoding=\"async\" src=\"https:\/\/www.erosivetoothwear.com\/app\/uploads\/2019\/10\/recommendations-icon.png\" alt=\"recommendations-icon.png\" title=\"recommendations-icon.png\" onerror=\"this.style.display='none'\" loading=\"lazy\" \/>\n\t\t\t\t<\/a>\n\t<\/figure>\n\t<p><a href=\"https:\/\/www.erosivetoothwear.com\/app\/uploads\/2019\/10\/Guideline-recomendations-and-guidelines-BEWE.pdf\">Recomendaciones &amp; Gu\u00edas<\/a><\/p>\n<h3>\n\t\t\tBEWE 2.0: Examen B\u00e1sico de Desgaste Dental Erosivo revisado: introducci\u00f3n de un nivel adicional para el desgaste dentario erosivo m\u00e1s severo\t<\/h3>\n\t<p>Publicaci\u00f3n de acceso anticipado de la revista Journal of Dentistry.<\/p>\n\t\t\t<a href=\"https:\/\/www.erosivetoothwear.com\/app\/uploads\/2026\/02\/pagination_JJOD_106514-1.pdf\"  target=\"_blank\" rel=\"noopener\"    rel=\"noopener\">\n\t\t\t\t\t\tLeer art\u00edculo\n\t\t\t\t\t<\/a>\n<figure itemscope itemtype=\"https:\/\/schema.org\/ImageObject\">\n\t\t\t\t<img decoding=\"async\" src=\"https:\/\/www.erosivetoothwear.com\/app\/uploads\/2019\/10\/groupLogo-1.png\" alt=\"\" onerror=\"this.style.display='none'\" loading=\"lazy\" \/>\n\t<\/figure>\n<figure itemscope itemtype=\"https:\/\/schema.org\/ImageObject\">\n\t\t\t\t<img decoding=\"async\" src=\"https:\/\/www.erosivetoothwear.com\/app\/uploads\/2019\/10\/groupLogo-2.png\" alt=\"\" onerror=\"this.style.display='none'\" loading=\"lazy\" \/>\n\t<\/figure>\n<figure itemscope itemtype=\"https:\/\/schema.org\/ImageObject\">\n\t\t\t\t<img decoding=\"async\" src=\"https:\/\/www.erosivetoothwear.com\/app\/uploads\/2019\/10\/groupLogo-3.png\" alt=\"\" onerror=\"this.style.display='none'\" loading=\"lazy\" \/>\n\t<\/figure>\n<figure itemscope itemtype=\"https:\/\/schema.org\/ImageObject\">\n\t\t\t\t<img decoding=\"async\" src=\"https:\/\/www.erosivetoothwear.com\/app\/uploads\/2019\/10\/groupLogo-4.png\" alt=\"\" onerror=\"this.style.display='none'\" loading=\"lazy\" \/>\n\t<\/figure>\n<figure itemscope itemtype=\"https:\/\/schema.org\/ImageObject\">\n\t\t\t\t<img decoding=\"async\" src=\"https:\/\/www.erosivetoothwear.com\/app\/uploads\/2019\/10\/groupLogo-5.png\" alt=\"\" onerror=\"this.style.display='none'\" loading=\"lazy\" \/>\n\t<\/figure>\n<figure itemscope itemtype=\"https:\/\/schema.org\/ImageObject\">\n\t\t\t\t<img decoding=\"async\" src=\"https:\/\/www.erosivetoothwear.com\/app\/uploads\/2018\/01\/Haleon-logo.png\" alt=\"a black logo with a green line making up the centre of the e\" height=\"534\" width=\"2048\" title=\"Haleon logo\" onerror=\"this.style.display='none'\" loading=\"lazy\" \/>\n\t<\/figure>\n<h2>\n\t\t\tUso de BEWE\t<\/h2>\n<h2>\n\t\t\tRegistro de BEWE usando el Software de Excelencia en el Reino Unido\t<\/h2>\n\t<p>Si utiliza el Software de Excelencia y desea comenzar a registrar el desgaste dental erosivo utilizando BEWE en los ex\u00e1menes cl\u00ednicos, podemos ayudarle. Se a\u00f1adir\u00e1 al BPE (en ingl\u00e9s) EPB (en espa\u00f1ol) (Examen Periodontal B\u00e1sico), como una tabla adicional que le permitir\u00e1 registrar el BEWE. <\/p>\n<p>Simplemente descargue el archivo adjunto*, abra SOE EXACT, haga clic con el bot\u00f3n izquierdo en &#8220;Configurar&#8221; en la parte superior y haga clic en pantallas personalizadas. En la parte inferior derecha, seleccione &#8220;Importar&#8221; y, a continuaci\u00f3n, importe el archivo desde donde lo haya guardado (probablemente todav\u00eda en la carpeta de descargas). Reinicie el software y ver\u00e1 el BEWE en el mismo formato que el EPB , uno al lado del otro.  <\/p>\n<p>Felicitaciones, ha dado un paso adelante en el diagn\u00f3stico temprano del desgaste dental erosivo de sus pacientes.<\/p>\n<p>&nbsp;<\/p>\n<p>* Escrito por el Dr. Nimit Patel<\/p>\n<figure itemscope itemtype=\"https:\/\/schema.org\/ImageObject\">\n\t\t\t\t<img decoding=\"async\" src=\"https:\/\/www.erosivetoothwear.com\/app\/uploads\/2019\/10\/bewe-logo.png\" alt=\"Bewe Logo\" height=\"339\" width=\"858\" title=\"Bewe Logo\" onerror=\"this.style.display='none'\" loading=\"lazy\" \/>\n\t<\/figure>\n\t\t\t<a href=\"https:\/\/www.erosivetoothwear.com\/app\/uploads\/2019\/04\/Periodontal-and-Wear-Index-for-SOE.csv\"  target=\"_self\">\n\t\t\t\t\t\tDESCRAGUE EL BEWE\n\t\t\t\t\t<\/a>\n<h2>\n\t\t\tInstrucciones de Uso\t<\/h2>\n\t<ol>\n<li>Descrague y guarde el archivo<\/li>\n<li>Abra SOE<\/li>\n<li>Haga clic con el bot\u00f3n izquierdo en &#8220;Configure&#8221; en la parte superior y luego en &#8220;pantallas personalizadas&#8221;.<\/li>\n<li>En la parte inferior derecha seleccione importar y haga clic en el archivo<\/li>\n<li>Reinicie el software e inicie el registro de BEWE, junto con el BPE<\/li>\n<\/ol>\n\n","protected":false},"excerpt":{"rendered":"<p>Examen B\u00e1sico de Desgaste Dental Erosivo (BEWE, por su sigla en ingl\u00e9s) Lanzamiento de la campa\u00f1a para mejorar el entendimiento y el monitoreo del Desgaste Dental Erosivo Resumen general Estas p\u00e1ginas le orientan sobre c\u00f3mo utilizar el sistema de puntuaci\u00f3n BEWE, ofreciendo informaci\u00f3n sobre su aplicaci\u00f3n en la pr\u00e1ctica cl\u00ednica y su papel en la [&hellip;]<\/p>\n","protected":false},"author":1,"featured_media":0,"parent":0,"menu_order":0,"comment_status":"closed","ping_status":"closed","template":"","meta":{"_acf_changed":false,"footnotes":""},"class_list":["post-2744","page","type-page","status-publish","hentry"],"acf":[],"yoast_head":"<!-- This site is optimized with the Yoast SEO plugin v27.4 - https:\/\/yoast.com\/product\/yoast-seo-wordpress\/ -->\n<title>BEWE - Erosive Toothwear<\/title>\n<meta name=\"robots\" content=\"index, follow, max-snippet:-1, max-image-preview:large, max-video-preview:-1\" \/>\n<link rel=\"canonical\" href=\"https:\/\/www.erosivetoothwear.com\/es\/bewe-2\/\" \/>\n<meta property=\"og:locale\" content=\"es_ES\" \/>\n<meta property=\"og:type\" content=\"article\" \/>\n<meta property=\"og:title\" content=\"BEWE - Erosive Toothwear\" \/>\n<meta property=\"og:description\" content=\"Examen B\u00e1sico de Desgaste Dental Erosivo (BEWE, por su sigla en ingl\u00e9s) Lanzamiento de la campa\u00f1a para mejorar el entendimiento y el monitoreo del Desgaste Dental Erosivo Resumen general Estas p\u00e1ginas le orientan sobre c\u00f3mo utilizar el sistema de puntuaci\u00f3n BEWE, ofreciendo informaci\u00f3n sobre su aplicaci\u00f3n en la pr\u00e1ctica cl\u00ednica y su papel en la [&hellip;]\" \/>\n<meta property=\"og:url\" content=\"https:\/\/www.erosivetoothwear.com\/es\/bewe-2\/\" \/>\n<meta property=\"og:site_name\" content=\"Erosive Toothwear\" \/>\n<meta property=\"article:modified_time\" content=\"2026-03-24T13:20:57+00:00\" \/>\n<meta property=\"og:image\" content=\"https:\/\/www.erosivetoothwear.com\/app\/uploads\/2025\/02\/AdobeStock_292613531-150x150.jpeg\" \/>\n<meta name=\"twitter:card\" content=\"summary_large_image\" \/>\n<meta name=\"twitter:label1\" content=\"Est. reading time\" \/>\n\t<meta name=\"twitter:data1\" content=\"3 minutes\" \/>\n<script type=\"application\/ld+json\" class=\"yoast-schema-graph\">{\"@context\":\"https:\\\/\\\/schema.org\",\"@graph\":[{\"@type\":\"WebPage\",\"@id\":\"https:\\\/\\\/www.erosivetoothwear.com\\\/es\\\/bewe-2\\\/\",\"url\":\"https:\\\/\\\/www.erosivetoothwear.com\\\/es\\\/bewe-2\\\/\",\"name\":\"BEWE - Erosive Toothwear\",\"isPartOf\":{\"@id\":\"https:\\\/\\\/www.erosivetoothwear.com\\\/#website\"},\"primaryImageOfPage\":{\"@id\":\"https:\\\/\\\/www.erosivetoothwear.com\\\/es\\\/bewe-2\\\/#primaryimage\"},\"image\":{\"@id\":\"https:\\\/\\\/www.erosivetoothwear.com\\\/es\\\/bewe-2\\\/#primaryimage\"},\"thumbnailUrl\":\"https:\\\/\\\/www.erosivetoothwear.com\\\/app\\\/uploads\\\/2025\\\/02\\\/AdobeStock_292613531-150x150.jpeg\",\"datePublished\":\"2026-03-03T14:02:10+00:00\",\"dateModified\":\"2026-03-24T13:20:57+00:00\",\"breadcrumb\":{\"@id\":\"https:\\\/\\\/www.erosivetoothwear.com\\\/es\\\/bewe-2\\\/#breadcrumb\"},\"inLanguage\":\"es-ES\",\"potentialAction\":[{\"@type\":\"ReadAction\",\"target\":[\"https:\\\/\\\/www.erosivetoothwear.com\\\/es\\\/bewe-2\\\/\"]}]},{\"@type\":\"ImageObject\",\"inLanguage\":\"es-ES\",\"@id\":\"https:\\\/\\\/www.erosivetoothwear.com\\\/es\\\/bewe-2\\\/#primaryimage\",\"url\":\"https:\\\/\\\/www.erosivetoothwear.com\\\/app\\\/uploads\\\/2025\\\/02\\\/AdobeStock_292613531-150x150.jpeg\",\"contentUrl\":\"https:\\\/\\\/www.erosivetoothwear.com\\\/app\\\/uploads\\\/2025\\\/02\\\/AdobeStock_292613531-150x150.jpeg\"},{\"@type\":\"BreadcrumbList\",\"@id\":\"https:\\\/\\\/www.erosivetoothwear.com\\\/es\\\/bewe-2\\\/#breadcrumb\",\"itemListElement\":[{\"@type\":\"ListItem\",\"position\":1,\"name\":\"Home\",\"item\":\"https:\\\/\\\/www.erosivetoothwear.com\\\/es\\\/inicio\\\/\"},{\"@type\":\"ListItem\",\"position\":2,\"name\":\"BEWE\"}]},{\"@type\":\"WebSite\",\"@id\":\"https:\\\/\\\/www.erosivetoothwear.com\\\/#website\",\"url\":\"https:\\\/\\\/www.erosivetoothwear.com\\\/\",\"name\":\"Erosive Toothwear\",\"description\":\"\",\"potentialAction\":[{\"@type\":\"SearchAction\",\"target\":{\"@type\":\"EntryPoint\",\"urlTemplate\":\"https:\\\/\\\/www.erosivetoothwear.com\\\/?s={search_term_string}\"},\"query-input\":{\"@type\":\"PropertyValueSpecification\",\"valueRequired\":true,\"valueName\":\"search_term_string\"}}],\"inLanguage\":\"es-ES\"}]}<\/script>\n<!-- \/ Yoast SEO plugin. -->","yoast_head_json":{"title":"BEWE - Erosive Toothwear","robots":{"index":"index","follow":"follow","max-snippet":"max-snippet:-1","max-image-preview":"max-image-preview:large","max-video-preview":"max-video-preview:-1"},"canonical":"https:\/\/www.erosivetoothwear.com\/es\/bewe-2\/","og_locale":"es_ES","og_type":"article","og_title":"BEWE - Erosive Toothwear","og_description":"Examen B\u00e1sico de Desgaste Dental Erosivo (BEWE, por su sigla en ingl\u00e9s) Lanzamiento de la campa\u00f1a para mejorar el entendimiento y el monitoreo del Desgaste Dental Erosivo Resumen general Estas p\u00e1ginas le orientan sobre c\u00f3mo utilizar el sistema de puntuaci\u00f3n BEWE, ofreciendo informaci\u00f3n sobre su aplicaci\u00f3n en la pr\u00e1ctica cl\u00ednica y su papel en la [&hellip;]","og_url":"https:\/\/www.erosivetoothwear.com\/es\/bewe-2\/","og_site_name":"Erosive Toothwear","article_modified_time":"2026-03-24T13:20:57+00:00","og_image":[{"url":"https:\/\/www.erosivetoothwear.com\/app\/uploads\/2025\/02\/AdobeStock_292613531-150x150.jpeg","type":"","width":"","height":""}],"twitter_card":"summary_large_image","twitter_misc":{"Est. reading time":"3 minutes"},"schema":{"@context":"https:\/\/schema.org","@graph":[{"@type":"WebPage","@id":"https:\/\/www.erosivetoothwear.com\/es\/bewe-2\/","url":"https:\/\/www.erosivetoothwear.com\/es\/bewe-2\/","name":"BEWE - Erosive Toothwear","isPartOf":{"@id":"https:\/\/www.erosivetoothwear.com\/#website"},"primaryImageOfPage":{"@id":"https:\/\/www.erosivetoothwear.com\/es\/bewe-2\/#primaryimage"},"image":{"@id":"https:\/\/www.erosivetoothwear.com\/es\/bewe-2\/#primaryimage"},"thumbnailUrl":"https:\/\/www.erosivetoothwear.com\/app\/uploads\/2025\/02\/AdobeStock_292613531-150x150.jpeg","datePublished":"2026-03-03T14:02:10+00:00","dateModified":"2026-03-24T13:20:57+00:00","breadcrumb":{"@id":"https:\/\/www.erosivetoothwear.com\/es\/bewe-2\/#breadcrumb"},"inLanguage":"es-ES","potentialAction":[{"@type":"ReadAction","target":["https:\/\/www.erosivetoothwear.com\/es\/bewe-2\/"]}]},{"@type":"ImageObject","inLanguage":"es-ES","@id":"https:\/\/www.erosivetoothwear.com\/es\/bewe-2\/#primaryimage","url":"https:\/\/www.erosivetoothwear.com\/app\/uploads\/2025\/02\/AdobeStock_292613531-150x150.jpeg","contentUrl":"https:\/\/www.erosivetoothwear.com\/app\/uploads\/2025\/02\/AdobeStock_292613531-150x150.jpeg"},{"@type":"BreadcrumbList","@id":"https:\/\/www.erosivetoothwear.com\/es\/bewe-2\/#breadcrumb","itemListElement":[{"@type":"ListItem","position":1,"name":"Home","item":"https:\/\/www.erosivetoothwear.com\/es\/inicio\/"},{"@type":"ListItem","position":2,"name":"BEWE"}]},{"@type":"WebSite","@id":"https:\/\/www.erosivetoothwear.com\/#website","url":"https:\/\/www.erosivetoothwear.com\/","name":"Erosive Toothwear","description":"","potentialAction":[{"@type":"SearchAction","target":{"@type":"EntryPoint","urlTemplate":"https:\/\/www.erosivetoothwear.com\/?s={search_term_string}"},"query-input":{"@type":"PropertyValueSpecification","valueRequired":true,"valueName":"search_term_string"}}],"inLanguage":"es-ES"}]}},"_links":{"self":[{"href":"https:\/\/www.erosivetoothwear.com\/es\/wp-json\/wp\/v2\/pages\/2744","targetHints":{"allow":["GET"]}}],"collection":[{"href":"https:\/\/www.erosivetoothwear.com\/es\/wp-json\/wp\/v2\/pages"}],"about":[{"href":"https:\/\/www.erosivetoothwear.com\/es\/wp-json\/wp\/v2\/types\/page"}],"author":[{"embeddable":true,"href":"https:\/\/www.erosivetoothwear.com\/es\/wp-json\/wp\/v2\/users\/1"}],"replies":[{"embeddable":true,"href":"https:\/\/www.erosivetoothwear.com\/es\/wp-json\/wp\/v2\/comments?post=2744"}],"version-history":[{"count":4,"href":"https:\/\/www.erosivetoothwear.com\/es\/wp-json\/wp\/v2\/pages\/2744\/revisions"}],"predecessor-version":[{"id":2899,"href":"https:\/\/www.erosivetoothwear.com\/es\/wp-json\/wp\/v2\/pages\/2744\/revisions\/2899"}],"wp:attachment":[{"href":"https:\/\/www.erosivetoothwear.com\/es\/wp-json\/wp\/v2\/media?parent=2744"}],"curies":[{"name":"wp","href":"https:\/\/api.w.org\/{rel}","templated":true}]}}