{"id":2740,"date":"2026-03-03T13:50:12","date_gmt":"2026-03-03T13:50:12","guid":{"rendered":"https:\/\/www.erosivetoothwear.com\/preguntas-frecuentes\/como-se-diferencia-el-desgaste-dental-erosivo-de-la-caries-dental\/"},"modified":"2026-03-09T10:53:51","modified_gmt":"2026-03-09T10:53:51","slug":"como-se-diferencia-el-desgaste-dental-erosivo-de-la-caries-dental","status":"publish","type":"page","link":"https:\/\/www.erosivetoothwear.com\/es\/pacientes-odontologicos\/preguntas-frecuentes\/como-se-diferencia-el-desgaste-dental-erosivo-de-la-caries-dental\/","title":{"rendered":"\u00bfC\u00f3mo se diferencia el desgaste dental erosivo de la caries dental?"},"content":{"rendered":"\n<h2>\n\t\t\t\u00bfC\u00f3mo se diferencia el desgaste dental erosivo de la caries dental?\t<\/h2>\n\t\t\t<a href=\"https:\/\/www.erosivetoothwear.com\/es\/patients\/faq\"  target=\"_self\">\n\t\t\t\t\t\tDe regreso a Preguntas y Respuestas Frecuentes\n\t\t\t\t\t<\/a>\n\t<p>La caries dental tambi\u00e9n puede causar defectos en el esmalte dental y, con el tiempo, en la dentina y en el cemento. Es lo que se conoce como &#8220;caries&#8221; o &#8220;huecos\/cavidades&#8221;. A diferencia del desgaste erosivo, los defectos causados por la caries dental pueden ser muy peque\u00f1os en la superficie del esmalte, pero mucho m\u00e1s grandes en el interior del esmalte, como una cueva con una peque\u00f1a entrada  <\/p>\n<p>La principal diferencia entre la caries dental y el desgaste dental erosivo es que este \u00faltimo afecta las superficies expuestas de los dientes, desgastando gradualmente las capas. La caries dental tiende a afectar las zonas que no se cepillan ni se limpian con hilo dental, y los defectos pueden ser muy profundos <\/p>\n<p>Mientras que el Desgaste Dental Erosivo es causado por \u00e1cidos y desgaste mec\u00e1nico, la caries dental es una enfermedad causada por la interacci\u00f3n entre el az\u00facar y algunos tipos de bacterias en su boca<\/p>\n\t<p>Existen muchos tipos de bacterias orales; todo el mundo las tiene, son una parte normal de la boca<\/p>\n<p>Los problemas pueden surgir cuando hay demasiada az\u00facar en la boca; algunas bacterias se alimentan en exceso de esta az\u00facar y producen \u00e1cido, lo que provoca &#8220;desmineralizaci\u00f3n&#8221; (como ocurre en la erosi\u00f3n), pero en este caso con p\u00e9rdida de minerales iniciando por debajo de la superficie dental. <\/p>\n<p>El exceso de az\u00facar no solo puede deberse a comer en exceso, sino tambi\u00e9n a no tener suficiente saliva para eliminarla o a no limpiarse los dientes con la frecuencia necesaria. <\/p>\n<p>Esto significa que el consumo de alimentos o bebidas azucarados y \u00e1cidos puede contribuir tanto al desgaste dental erosivo, como a la caries dental, pero son condiciones diferentes y la caries se produce en zonas frecuentemente cubiertas por placa bacteriana (o biofilm).<\/p>\n\t<p><em>Selwitz <\/em><em>RH, Ismail AI, Pitts NB. Dental Caries. Lancet 2007;369:51-59.  <\/em><\/p>\n\t\t\t<a href=\"https:\/\/www.erosivetoothwear.com\/es\/pacientes-odontologicos\/preguntas-frecuentes\/que-es-desgaste-dental-mecanico\/\"  target=\"_self\">\n\t\t\t\t\t\t\u00bfQu\u00e9 es desgaste dental mec\u00e1nico?\n\t\t\t\t\t<\/a>\n\t\t\t<a href=\"https:\/\/www.erosivetoothwear.com\/es\/pacientes-odontologicos\/preguntas-frecuentes\/the-pros-and-cons-of-restoring-your-teeth\/\"  target=\"_self\">\n\t\t\t\t\t\t\tVentajas y desventajas de restaurar sus dientes\n\t\t\t<\/a>\n\n","protected":false},"excerpt":{"rendered":"<p>\u00bfC\u00f3mo se diferencia el desgaste dental erosivo de la caries dental? De regreso a Preguntas y Respuestas Frecuentes La caries dental tambi\u00e9n puede causar defectos en el esmalte dental y, con el tiempo, en la dentina y en el cemento. Es lo que se conoce como &#8220;caries&#8221; o &#8220;huecos\/cavidades&#8221;. A diferencia del desgaste erosivo, los [&hellip;]<\/p>\n","protected":false},"author":1,"featured_media":0,"parent":2726,"menu_order":0,"comment_status":"closed","ping_status":"closed","template":"","meta":{"_acf_changed":false,"footnotes":""},"class_list":["post-2740","page","type-page","status-publish","hentry"],"acf":[],"yoast_head":"<!-- This site is optimized with the Yoast SEO plugin v27.4 - https:\/\/yoast.com\/product\/yoast-seo-wordpress\/ -->\n<title>\u00bfC\u00f3mo se diferencia el desgaste dental erosivo de la caries dental? - Erosive Toothwear<\/title>\n<meta name=\"robots\" content=\"index, follow, max-snippet:-1, max-image-preview:large, max-video-preview:-1\" \/>\n<link rel=\"canonical\" href=\"https:\/\/www.erosivetoothwear.com\/es\/pacientes-odontologicos\/preguntas-frecuentes\/como-se-diferencia-el-desgaste-dental-erosivo-de-la-caries-dental\/\" \/>\n<meta property=\"og:locale\" content=\"es_ES\" \/>\n<meta property=\"og:type\" content=\"article\" \/>\n<meta property=\"og:title\" content=\"\u00bfC\u00f3mo se diferencia el desgaste dental erosivo de la caries dental? - Erosive Toothwear\" \/>\n<meta property=\"og:description\" content=\"\u00bfC\u00f3mo se diferencia el desgaste dental erosivo de la caries dental? De regreso a Preguntas y Respuestas Frecuentes La caries dental tambi\u00e9n puede causar defectos en el esmalte dental y, con el tiempo, en la dentina y en el cemento. Es lo que se conoce como &#8220;caries&#8221; o &#8220;huecos\/cavidades&#8221;. A diferencia del desgaste erosivo, los [&hellip;]\" \/>\n<meta property=\"og:url\" content=\"https:\/\/www.erosivetoothwear.com\/es\/pacientes-odontologicos\/preguntas-frecuentes\/como-se-diferencia-el-desgaste-dental-erosivo-de-la-caries-dental\/\" \/>\n<meta property=\"og:site_name\" content=\"Erosive Toothwear\" \/>\n<meta property=\"article:modified_time\" content=\"2026-03-09T10:53:51+00:00\" \/>\n<meta name=\"twitter:card\" content=\"summary_large_image\" \/>\n<meta name=\"twitter:label1\" content=\"Est. reading time\" \/>\n\t<meta name=\"twitter:data1\" content=\"2 minutes\" \/>\n<script type=\"application\/ld+json\" class=\"yoast-schema-graph\">{\"@context\":\"https:\\\/\\\/schema.org\",\"@graph\":[{\"@type\":\"WebPage\",\"@id\":\"https:\\\/\\\/www.erosivetoothwear.com\\\/es\\\/pacientes-odontologicos\\\/preguntas-frecuentes\\\/como-se-diferencia-el-desgaste-dental-erosivo-de-la-caries-dental\\\/\",\"url\":\"https:\\\/\\\/www.erosivetoothwear.com\\\/es\\\/pacientes-odontologicos\\\/preguntas-frecuentes\\\/como-se-diferencia-el-desgaste-dental-erosivo-de-la-caries-dental\\\/\",\"name\":\"\u00bfC\u00f3mo se diferencia el desgaste dental erosivo de la caries dental? - Erosive Toothwear\",\"isPartOf\":{\"@id\":\"https:\\\/\\\/www.erosivetoothwear.com\\\/#website\"},\"datePublished\":\"2026-03-03T13:50:12+00:00\",\"dateModified\":\"2026-03-09T10:53:51+00:00\",\"breadcrumb\":{\"@id\":\"https:\\\/\\\/www.erosivetoothwear.com\\\/es\\\/pacientes-odontologicos\\\/preguntas-frecuentes\\\/como-se-diferencia-el-desgaste-dental-erosivo-de-la-caries-dental\\\/#breadcrumb\"},\"inLanguage\":\"es-ES\",\"potentialAction\":[{\"@type\":\"ReadAction\",\"target\":[\"https:\\\/\\\/www.erosivetoothwear.com\\\/es\\\/pacientes-odontologicos\\\/preguntas-frecuentes\\\/como-se-diferencia-el-desgaste-dental-erosivo-de-la-caries-dental\\\/\"]}]},{\"@type\":\"BreadcrumbList\",\"@id\":\"https:\\\/\\\/www.erosivetoothwear.com\\\/es\\\/pacientes-odontologicos\\\/preguntas-frecuentes\\\/como-se-diferencia-el-desgaste-dental-erosivo-de-la-caries-dental\\\/#breadcrumb\",\"itemListElement\":[{\"@type\":\"ListItem\",\"position\":1,\"name\":\"Home\",\"item\":\"https:\\\/\\\/www.erosivetoothwear.com\\\/es\\\/inicio\\\/\"},{\"@type\":\"ListItem\",\"position\":2,\"name\":\"Pacientes odontol\u00f3gicos\",\"item\":\"https:\\\/\\\/www.erosivetoothwear.com\\\/es\\\/pacientes-odontologicos\\\/\"},{\"@type\":\"ListItem\",\"position\":3,\"name\":\"Preguntas Frecuentes\",\"item\":\"https:\\\/\\\/www.erosivetoothwear.com\\\/es\\\/pacientes-odontologicos\\\/preguntas-frecuentes\\\/\"},{\"@type\":\"ListItem\",\"position\":4,\"name\":\"\u00bfC\u00f3mo se diferencia el desgaste dental erosivo de la caries dental?\"}]},{\"@type\":\"WebSite\",\"@id\":\"https:\\\/\\\/www.erosivetoothwear.com\\\/#website\",\"url\":\"https:\\\/\\\/www.erosivetoothwear.com\\\/\",\"name\":\"Erosive Toothwear\",\"description\":\"\",\"potentialAction\":[{\"@type\":\"SearchAction\",\"target\":{\"@type\":\"EntryPoint\",\"urlTemplate\":\"https:\\\/\\\/www.erosivetoothwear.com\\\/?s={search_term_string}\"},\"query-input\":{\"@type\":\"PropertyValueSpecification\",\"valueRequired\":true,\"valueName\":\"search_term_string\"}}],\"inLanguage\":\"es-ES\"}]}<\/script>\n<!-- \/ Yoast SEO plugin. -->","yoast_head_json":{"title":"\u00bfC\u00f3mo se diferencia el desgaste dental erosivo de la caries dental? - Erosive Toothwear","robots":{"index":"index","follow":"follow","max-snippet":"max-snippet:-1","max-image-preview":"max-image-preview:large","max-video-preview":"max-video-preview:-1"},"canonical":"https:\/\/www.erosivetoothwear.com\/es\/pacientes-odontologicos\/preguntas-frecuentes\/como-se-diferencia-el-desgaste-dental-erosivo-de-la-caries-dental\/","og_locale":"es_ES","og_type":"article","og_title":"\u00bfC\u00f3mo se diferencia el desgaste dental erosivo de la caries dental? - Erosive Toothwear","og_description":"\u00bfC\u00f3mo se diferencia el desgaste dental erosivo de la caries dental? De regreso a Preguntas y Respuestas Frecuentes La caries dental tambi\u00e9n puede causar defectos en el esmalte dental y, con el tiempo, en la dentina y en el cemento. Es lo que se conoce como &#8220;caries&#8221; o &#8220;huecos\/cavidades&#8221;. A diferencia del desgaste erosivo, los [&hellip;]","og_url":"https:\/\/www.erosivetoothwear.com\/es\/pacientes-odontologicos\/preguntas-frecuentes\/como-se-diferencia-el-desgaste-dental-erosivo-de-la-caries-dental\/","og_site_name":"Erosive Toothwear","article_modified_time":"2026-03-09T10:53:51+00:00","twitter_card":"summary_large_image","twitter_misc":{"Est. reading time":"2 minutes"},"schema":{"@context":"https:\/\/schema.org","@graph":[{"@type":"WebPage","@id":"https:\/\/www.erosivetoothwear.com\/es\/pacientes-odontologicos\/preguntas-frecuentes\/como-se-diferencia-el-desgaste-dental-erosivo-de-la-caries-dental\/","url":"https:\/\/www.erosivetoothwear.com\/es\/pacientes-odontologicos\/preguntas-frecuentes\/como-se-diferencia-el-desgaste-dental-erosivo-de-la-caries-dental\/","name":"\u00bfC\u00f3mo se diferencia el desgaste dental erosivo de la caries dental? - Erosive Toothwear","isPartOf":{"@id":"https:\/\/www.erosivetoothwear.com\/#website"},"datePublished":"2026-03-03T13:50:12+00:00","dateModified":"2026-03-09T10:53:51+00:00","breadcrumb":{"@id":"https:\/\/www.erosivetoothwear.com\/es\/pacientes-odontologicos\/preguntas-frecuentes\/como-se-diferencia-el-desgaste-dental-erosivo-de-la-caries-dental\/#breadcrumb"},"inLanguage":"es-ES","potentialAction":[{"@type":"ReadAction","target":["https:\/\/www.erosivetoothwear.com\/es\/pacientes-odontologicos\/preguntas-frecuentes\/como-se-diferencia-el-desgaste-dental-erosivo-de-la-caries-dental\/"]}]},{"@type":"BreadcrumbList","@id":"https:\/\/www.erosivetoothwear.com\/es\/pacientes-odontologicos\/preguntas-frecuentes\/como-se-diferencia-el-desgaste-dental-erosivo-de-la-caries-dental\/#breadcrumb","itemListElement":[{"@type":"ListItem","position":1,"name":"Home","item":"https:\/\/www.erosivetoothwear.com\/es\/inicio\/"},{"@type":"ListItem","position":2,"name":"Pacientes odontol\u00f3gicos","item":"https:\/\/www.erosivetoothwear.com\/es\/pacientes-odontologicos\/"},{"@type":"ListItem","position":3,"name":"Preguntas Frecuentes","item":"https:\/\/www.erosivetoothwear.com\/es\/pacientes-odontologicos\/preguntas-frecuentes\/"},{"@type":"ListItem","position":4,"name":"\u00bfC\u00f3mo se diferencia el desgaste dental erosivo de la caries dental?"}]},{"@type":"WebSite","@id":"https:\/\/www.erosivetoothwear.com\/#website","url":"https:\/\/www.erosivetoothwear.com\/","name":"Erosive Toothwear","description":"","potentialAction":[{"@type":"SearchAction","target":{"@type":"EntryPoint","urlTemplate":"https:\/\/www.erosivetoothwear.com\/?s={search_term_string}"},"query-input":{"@type":"PropertyValueSpecification","valueRequired":true,"valueName":"search_term_string"}}],"inLanguage":"es-ES"}]}},"_links":{"self":[{"href":"https:\/\/www.erosivetoothwear.com\/es\/wp-json\/wp\/v2\/pages\/2740","targetHints":{"allow":["GET"]}}],"collection":[{"href":"https:\/\/www.erosivetoothwear.com\/es\/wp-json\/wp\/v2\/pages"}],"about":[{"href":"https:\/\/www.erosivetoothwear.com\/es\/wp-json\/wp\/v2\/types\/page"}],"author":[{"embeddable":true,"href":"https:\/\/www.erosivetoothwear.com\/es\/wp-json\/wp\/v2\/users\/1"}],"replies":[{"embeddable":true,"href":"https:\/\/www.erosivetoothwear.com\/es\/wp-json\/wp\/v2\/comments?post=2740"}],"version-history":[{"count":3,"href":"https:\/\/www.erosivetoothwear.com\/es\/wp-json\/wp\/v2\/pages\/2740\/revisions"}],"predecessor-version":[{"id":2876,"href":"https:\/\/www.erosivetoothwear.com\/es\/wp-json\/wp\/v2\/pages\/2740\/revisions\/2876"}],"up":[{"embeddable":true,"href":"https:\/\/www.erosivetoothwear.com\/es\/wp-json\/wp\/v2\/pages\/2726"}],"wp:attachment":[{"href":"https:\/\/www.erosivetoothwear.com\/es\/wp-json\/wp\/v2\/media?parent=2740"}],"curies":[{"name":"wp","href":"https:\/\/api.w.org\/{rel}","templated":true}]}}