{"id":2738,"date":"2026-03-03T13:47:34","date_gmt":"2026-03-03T13:47:34","guid":{"rendered":"https:\/\/www.erosivetoothwear.com\/preguntas-frecuentes\/que-es-desgaste-dental-mecanico\/"},"modified":"2026-03-09T11:01:12","modified_gmt":"2026-03-09T11:01:12","slug":"que-es-desgaste-dental-mecanico","status":"publish","type":"page","link":"https:\/\/www.erosivetoothwear.com\/es\/pacientes-odontologicos\/preguntas-frecuentes\/que-es-desgaste-dental-mecanico\/","title":{"rendered":"\u00bfQu\u00e9 es desgaste dental &#8216;mec\u00e1nico&#8217;?"},"content":{"rendered":"\n<h1>\n\t\t\t\u00bfQu\u00e9 es desgaste dental &#8216;mec\u00e1nico&#8217;?\t<\/h1>\n\t\t\t<a href=\"https:\/\/www.erosivetoothwear.com\/es\/patients\/faq\"  target=\"_self\">\n\t\t\t\t\t\tDe regreso a Preguntas y Respuestas Frecuentes\n\t\t\t\t\t<\/a>\n\t<p>El rechinamiento de los dientes puede provocar el desgaste de la superficie del esmalte y, en ocasiones, de la dentina, debido a la acci\u00f3n de un diente sobre otro (lo que se conoce como &#8216;atrici\u00f3n&#8217;). Obtenga m\u00e1s informaci\u00f3n sobre la estructura de sus dientes <a href=\"https:\/\/www.erosivetoothwear.com\/patients\/faq\/tooth-structure\/the-structure-of-my-teeth\/\">aqui.<\/a> <\/p>\n<p>Pregunte a su odont\u00f3logo\/a o higienista dental si cree que puede tener un problema de rechinamiento de los dientes, algo que puede ocurrir especialmente por la noche, y le pueden colocar un protector bucal para minimizar los efectos sobre los dientes.<\/p>\n\t<p>Los dientes tambi\u00e9n pueden desgastarse por otras sustancias en un proceso llamado &#8216;abrasi\u00f3n&#8217;<\/p>\n<ul>\n<li>Su odont\u00f3logo\/a le dir\u00e1 si est\u00e1 usando demasiada presi\u00f3n al limpiarse los dientes<\/li>\n<li>Pregunte a su odont\u00f3logo\/a o higienista dental cu\u00e1l es la mejor forma de cepillarse los dientes y qu\u00e9 tipo de cepillo y pasta de dientes son los m\u00e1s adecuados para usted.<\/li>\n<\/ul>\n\t<p><em>Addy M, Shellis RP. Interaction between attrition, abrasion and erosion in tooth wear. In: Lussi A (ed) Dental Erosion. Mongr Oral Sci, Basel, Karger, 2006, pp 17-31   <\/em><\/p>\n\t\t\t<a href=\"https:\/\/www.erosivetoothwear.com\/es\/patients\/faq\/toothpaste\/\"  target=\"_self\">\n\t\t\t\t\t\t\u00bfQu\u00e9 hacen los otros ingredientes de la crema dental?\n\t\t\t\t\t<\/a>\n\t\t\t<a href=\"https:\/\/www.erosivetoothwear.com\/es\/patients\/faq\/caries\/\"  target=\"_self\">\n\t\t\t\t\t\t\t\u00bfC\u00f3mo se diferencia el desgaste dental erosivo de la caries dental?\n\t\t\t<\/a>\n\n","protected":false},"excerpt":{"rendered":"<p>\u00bfQu\u00e9 es desgaste dental &#8216;mec\u00e1nico&#8217;? De regreso a Preguntas y Respuestas Frecuentes El rechinamiento de los dientes puede provocar el desgaste de la superficie del esmalte y, en ocasiones, de la dentina, debido a la acci\u00f3n de un diente sobre otro (lo que se conoce como &#8216;atrici\u00f3n&#8217;). Obtenga m\u00e1s informaci\u00f3n sobre la estructura de sus [&hellip;]<\/p>\n","protected":false},"author":1,"featured_media":0,"parent":2726,"menu_order":0,"comment_status":"closed","ping_status":"closed","template":"","meta":{"_acf_changed":false,"footnotes":""},"class_list":["post-2738","page","type-page","status-publish","hentry"],"acf":[],"yoast_head":"<!-- This site is optimized with the Yoast SEO plugin v27.4 - https:\/\/yoast.com\/product\/yoast-seo-wordpress\/ -->\n<title>\u00bfQu\u00e9 es desgaste dental &#039;mec\u00e1nico&#039;? - Erosive Toothwear<\/title>\n<meta name=\"robots\" content=\"index, follow, max-snippet:-1, max-image-preview:large, max-video-preview:-1\" \/>\n<link rel=\"canonical\" href=\"https:\/\/www.erosivetoothwear.com\/es\/pacientes-odontologicos\/preguntas-frecuentes\/que-es-desgaste-dental-mecanico\/\" \/>\n<meta property=\"og:locale\" content=\"es_ES\" \/>\n<meta property=\"og:type\" content=\"article\" \/>\n<meta property=\"og:title\" content=\"\u00bfQu\u00e9 es desgaste dental &#039;mec\u00e1nico&#039;? - Erosive Toothwear\" \/>\n<meta property=\"og:description\" content=\"\u00bfQu\u00e9 es desgaste dental &#8216;mec\u00e1nico&#8217;? De regreso a Preguntas y Respuestas Frecuentes El rechinamiento de los dientes puede provocar el desgaste de la superficie del esmalte y, en ocasiones, de la dentina, debido a la acci\u00f3n de un diente sobre otro (lo que se conoce como &#8216;atrici\u00f3n&#8217;). Obtenga m\u00e1s informaci\u00f3n sobre la estructura de sus [&hellip;]\" \/>\n<meta property=\"og:url\" content=\"https:\/\/www.erosivetoothwear.com\/es\/pacientes-odontologicos\/preguntas-frecuentes\/que-es-desgaste-dental-mecanico\/\" \/>\n<meta property=\"og:site_name\" content=\"Erosive Toothwear\" \/>\n<meta property=\"article:modified_time\" content=\"2026-03-09T11:01:12+00:00\" \/>\n<meta name=\"twitter:card\" content=\"summary_large_image\" \/>\n<meta name=\"twitter:label1\" content=\"Est. reading time\" \/>\n\t<meta name=\"twitter:data1\" content=\"1 minute\" \/>\n<script type=\"application\/ld+json\" class=\"yoast-schema-graph\">{\"@context\":\"https:\\\/\\\/schema.org\",\"@graph\":[{\"@type\":\"WebPage\",\"@id\":\"https:\\\/\\\/www.erosivetoothwear.com\\\/es\\\/pacientes-odontologicos\\\/preguntas-frecuentes\\\/que-es-desgaste-dental-mecanico\\\/\",\"url\":\"https:\\\/\\\/www.erosivetoothwear.com\\\/es\\\/pacientes-odontologicos\\\/preguntas-frecuentes\\\/que-es-desgaste-dental-mecanico\\\/\",\"name\":\"\u00bfQu\u00e9 es desgaste dental 'mec\u00e1nico'? - Erosive Toothwear\",\"isPartOf\":{\"@id\":\"https:\\\/\\\/www.erosivetoothwear.com\\\/#website\"},\"datePublished\":\"2026-03-03T13:47:34+00:00\",\"dateModified\":\"2026-03-09T11:01:12+00:00\",\"breadcrumb\":{\"@id\":\"https:\\\/\\\/www.erosivetoothwear.com\\\/es\\\/pacientes-odontologicos\\\/preguntas-frecuentes\\\/que-es-desgaste-dental-mecanico\\\/#breadcrumb\"},\"inLanguage\":\"es-ES\",\"potentialAction\":[{\"@type\":\"ReadAction\",\"target\":[\"https:\\\/\\\/www.erosivetoothwear.com\\\/es\\\/pacientes-odontologicos\\\/preguntas-frecuentes\\\/que-es-desgaste-dental-mecanico\\\/\"]}]},{\"@type\":\"BreadcrumbList\",\"@id\":\"https:\\\/\\\/www.erosivetoothwear.com\\\/es\\\/pacientes-odontologicos\\\/preguntas-frecuentes\\\/que-es-desgaste-dental-mecanico\\\/#breadcrumb\",\"itemListElement\":[{\"@type\":\"ListItem\",\"position\":1,\"name\":\"Home\",\"item\":\"https:\\\/\\\/www.erosivetoothwear.com\\\/es\\\/inicio\\\/\"},{\"@type\":\"ListItem\",\"position\":2,\"name\":\"Pacientes odontol\u00f3gicos\",\"item\":\"https:\\\/\\\/www.erosivetoothwear.com\\\/es\\\/pacientes-odontologicos\\\/\"},{\"@type\":\"ListItem\",\"position\":3,\"name\":\"Preguntas Frecuentes\",\"item\":\"https:\\\/\\\/www.erosivetoothwear.com\\\/es\\\/pacientes-odontologicos\\\/preguntas-frecuentes\\\/\"},{\"@type\":\"ListItem\",\"position\":4,\"name\":\"\u00bfQu\u00e9 es desgaste dental &#8216;mec\u00e1nico&#8217;?\"}]},{\"@type\":\"WebSite\",\"@id\":\"https:\\\/\\\/www.erosivetoothwear.com\\\/#website\",\"url\":\"https:\\\/\\\/www.erosivetoothwear.com\\\/\",\"name\":\"Erosive Toothwear\",\"description\":\"\",\"potentialAction\":[{\"@type\":\"SearchAction\",\"target\":{\"@type\":\"EntryPoint\",\"urlTemplate\":\"https:\\\/\\\/www.erosivetoothwear.com\\\/?s={search_term_string}\"},\"query-input\":{\"@type\":\"PropertyValueSpecification\",\"valueRequired\":true,\"valueName\":\"search_term_string\"}}],\"inLanguage\":\"es-ES\"}]}<\/script>\n<!-- \/ Yoast SEO plugin. -->","yoast_head_json":{"title":"\u00bfQu\u00e9 es desgaste dental 'mec\u00e1nico'? - Erosive Toothwear","robots":{"index":"index","follow":"follow","max-snippet":"max-snippet:-1","max-image-preview":"max-image-preview:large","max-video-preview":"max-video-preview:-1"},"canonical":"https:\/\/www.erosivetoothwear.com\/es\/pacientes-odontologicos\/preguntas-frecuentes\/que-es-desgaste-dental-mecanico\/","og_locale":"es_ES","og_type":"article","og_title":"\u00bfQu\u00e9 es desgaste dental 'mec\u00e1nico'? - Erosive Toothwear","og_description":"\u00bfQu\u00e9 es desgaste dental &#8216;mec\u00e1nico&#8217;? De regreso a Preguntas y Respuestas Frecuentes El rechinamiento de los dientes puede provocar el desgaste de la superficie del esmalte y, en ocasiones, de la dentina, debido a la acci\u00f3n de un diente sobre otro (lo que se conoce como &#8216;atrici\u00f3n&#8217;). Obtenga m\u00e1s informaci\u00f3n sobre la estructura de sus [&hellip;]","og_url":"https:\/\/www.erosivetoothwear.com\/es\/pacientes-odontologicos\/preguntas-frecuentes\/que-es-desgaste-dental-mecanico\/","og_site_name":"Erosive Toothwear","article_modified_time":"2026-03-09T11:01:12+00:00","twitter_card":"summary_large_image","twitter_misc":{"Est. reading time":"1 minute"},"schema":{"@context":"https:\/\/schema.org","@graph":[{"@type":"WebPage","@id":"https:\/\/www.erosivetoothwear.com\/es\/pacientes-odontologicos\/preguntas-frecuentes\/que-es-desgaste-dental-mecanico\/","url":"https:\/\/www.erosivetoothwear.com\/es\/pacientes-odontologicos\/preguntas-frecuentes\/que-es-desgaste-dental-mecanico\/","name":"\u00bfQu\u00e9 es desgaste dental 'mec\u00e1nico'? - Erosive Toothwear","isPartOf":{"@id":"https:\/\/www.erosivetoothwear.com\/#website"},"datePublished":"2026-03-03T13:47:34+00:00","dateModified":"2026-03-09T11:01:12+00:00","breadcrumb":{"@id":"https:\/\/www.erosivetoothwear.com\/es\/pacientes-odontologicos\/preguntas-frecuentes\/que-es-desgaste-dental-mecanico\/#breadcrumb"},"inLanguage":"es-ES","potentialAction":[{"@type":"ReadAction","target":["https:\/\/www.erosivetoothwear.com\/es\/pacientes-odontologicos\/preguntas-frecuentes\/que-es-desgaste-dental-mecanico\/"]}]},{"@type":"BreadcrumbList","@id":"https:\/\/www.erosivetoothwear.com\/es\/pacientes-odontologicos\/preguntas-frecuentes\/que-es-desgaste-dental-mecanico\/#breadcrumb","itemListElement":[{"@type":"ListItem","position":1,"name":"Home","item":"https:\/\/www.erosivetoothwear.com\/es\/inicio\/"},{"@type":"ListItem","position":2,"name":"Pacientes odontol\u00f3gicos","item":"https:\/\/www.erosivetoothwear.com\/es\/pacientes-odontologicos\/"},{"@type":"ListItem","position":3,"name":"Preguntas Frecuentes","item":"https:\/\/www.erosivetoothwear.com\/es\/pacientes-odontologicos\/preguntas-frecuentes\/"},{"@type":"ListItem","position":4,"name":"\u00bfQu\u00e9 es desgaste dental &#8216;mec\u00e1nico&#8217;?"}]},{"@type":"WebSite","@id":"https:\/\/www.erosivetoothwear.com\/#website","url":"https:\/\/www.erosivetoothwear.com\/","name":"Erosive Toothwear","description":"","potentialAction":[{"@type":"SearchAction","target":{"@type":"EntryPoint","urlTemplate":"https:\/\/www.erosivetoothwear.com\/?s={search_term_string}"},"query-input":{"@type":"PropertyValueSpecification","valueRequired":true,"valueName":"search_term_string"}}],"inLanguage":"es-ES"}]}},"_links":{"self":[{"href":"https:\/\/www.erosivetoothwear.com\/es\/wp-json\/wp\/v2\/pages\/2738","targetHints":{"allow":["GET"]}}],"collection":[{"href":"https:\/\/www.erosivetoothwear.com\/es\/wp-json\/wp\/v2\/pages"}],"about":[{"href":"https:\/\/www.erosivetoothwear.com\/es\/wp-json\/wp\/v2\/types\/page"}],"author":[{"embeddable":true,"href":"https:\/\/www.erosivetoothwear.com\/es\/wp-json\/wp\/v2\/users\/1"}],"replies":[{"embeddable":true,"href":"https:\/\/www.erosivetoothwear.com\/es\/wp-json\/wp\/v2\/comments?post=2738"}],"version-history":[{"count":2,"href":"https:\/\/www.erosivetoothwear.com\/es\/wp-json\/wp\/v2\/pages\/2738\/revisions"}],"predecessor-version":[{"id":2878,"href":"https:\/\/www.erosivetoothwear.com\/es\/wp-json\/wp\/v2\/pages\/2738\/revisions\/2878"}],"up":[{"embeddable":true,"href":"https:\/\/www.erosivetoothwear.com\/es\/wp-json\/wp\/v2\/pages\/2726"}],"wp:attachment":[{"href":"https:\/\/www.erosivetoothwear.com\/es\/wp-json\/wp\/v2\/media?parent=2738"}],"curies":[{"name":"wp","href":"https:\/\/api.w.org\/{rel}","templated":true}]}}