{"id":2734,"date":"2026-03-03T13:40:17","date_gmt":"2026-03-03T13:40:17","guid":{"rendered":"https:\/\/www.erosivetoothwear.com\/preguntas-frecuentes\/que-hace-realmente-el-fluor\/"},"modified":"2026-03-09T11:05:26","modified_gmt":"2026-03-09T11:05:26","slug":"que-hace-realmente-el-fluor","status":"publish","type":"page","link":"https:\/\/www.erosivetoothwear.com\/es\/pacientes-odontologicos\/preguntas-frecuentes\/que-hace-realmente-el-fluor\/","title":{"rendered":"\u00bfQu\u00e9 hace realmente el fluoruro?"},"content":{"rendered":"\n<h1>\n\t\t\t\u00bfQu\u00e9 hace realmente el fluoruro?\t<\/h1>\n\t\t\t<a href=\"https:\/\/www.erosivetoothwear.com\/es\/patients\/faq\"  target=\"_self\">\n\t\t\t\t\t\tDe regreso a Preguntas y Respuestas Frecuentes\n\t\t\t\t\t<\/a>\n\t<p>Los dientes est\u00e1n compuestos por una sustancia llamada hidroxiapatita, formada principalmente por calcio (Ca), fosfato (PO<sub>4<\/sub>) e hidr\u00f3xido (OH<sup>&#8211;<\/sup>), as\u00ed como carbonato y agua. \u00bfQuiere saber m\u00e1s sobre la estructura de sus dientes? <a href=\"https:\/\/www.erosivetoothwear.com\/patients\/faq\/tooth-structure\/the-structure-of-my-teeth\/\">Haga clic aqu\u00ed<\/a>. <\/p>\n<ul>\n<li>El fl\u00faor puede sustituir parte del hidr\u00f3xido y el carbonato, por lo que la superficie del esmalte est\u00e1 ahora compuesta en parte por una sustancia llamada fluorapatita<\/li>\n<li>La fluorapatita es m\u00e1s resistente al \u00e1cido; por ejemplo, el &#8216;pH cr\u00edtico&#8217; en el que puede producirse la erosi\u00f3n \u00e1cida es de 5.5 para la hidroxiapatita, pero de 4.5 para la fluorapatita<\/li>\n<li>Sin embargo, \u00e9sta no es la raz\u00f3n principal por la que el fl\u00faor puede proteger contra la erosi\u00f3n \u00e1cida<\/li>\n<\/ul>\n<p>El fl\u00faor tambi\u00e9n puede unirse al calcio de la saliva para formar una capa de fluoruro de calcio (CaF<sub>2<\/sub>) sobre el esmalte y en las cavidades de erosi\u00f3n<\/p>\n\t<p>El fl\u00faor (y el fluoruro de calcio) pueden permanecer en la saliva y en la pel\u00edcula (la capa de saliva que recubre los dientes). Obtenga m\u00e1s informaci\u00f3n sobre la saliva y los dientes <a href=\"https:\/\/www.erosivetoothwear.com\/patients\/saliva-and-my-teeth\/\">aqu\u00ed<\/a>. <\/p>\n<p>Esto puede ayudar a proteger contra la erosi\u00f3n, al evitar que los cristales de hidroxiapatita se disuelvan (&#8216;desmineralizaci\u00f3n&#8217;) y acelerar la reconstrucci\u00f3n de los cristales (&#8216;remineralizaci\u00f3n&#8217;)<\/p>\n<p>El fl\u00faor de la pasta de dientes o los enjuagues bucales con fl\u00faor puede adherirse a las enc\u00edas, la pel\u00edcula y la placa. A continuaci\u00f3n, se libera lentamente a lo largo de varias horas y puede acelerar la reconstrucci\u00f3n de los dientes (&#8216;remineralizaci\u00f3n&#8217;) a un pH m\u00e1s bajo, de 4.5, que si no estuviera presente, donde el pH debe ser superior a 5.5 para que se produzca la remineralizaci\u00f3n. Obtenga m\u00e1s informaci\u00f3n sobre c\u00f3mo afecta el \u00e1cido a los dientes <a href=\"https:\/\/www.erosivetoothwear.com\/es\/patients\/faq\/acid\/\">aqui<\/a>. <\/p>\n<p>El fl\u00faor de la pasta de dientes o los enjuagues bucales con fl\u00faor puede combinarse con un mineral para que sea m\u00e1s eficaz contra la erosi\u00f3n. Fluoruro de sodio (NaF), fluoruro de amina (AmF), fluoruro de esta\u00f1o (SnF<sub>2<\/sub>) <\/p>\n\tVogel GL. Oral Fluoride Reservoirs and the Prevention of Dental Caries. In: Buzalaf MAR (ed): Fluoride and the Oral Environment. Monogr Oral Sci. Basel, Karger, 2011, vol 22, pp 146-157.<br \/>\nMagalh\u00e3es AC, Wiegand A, Rios D, Buzalaf MAR, Lussi A. Fluoride in Dental Erosion. In: Buzalaf MAR (ed): Fluoride and the Oral Environment. Monogr Oral Sci. Basel, Karger, 2011, vol 22, pp 158-170.<br \/>\nBuzalaf MAR, Pessan JP, Hon\u00f3rio HM, ten Cate JM. Mechanisms of Action of Fluoride for Caries Control Buzalaf MAR (ed): Fluoride and the Oral Environment. Monogr Oral Sci. Basel, Karger, 2011, vol 22, pp 97-114   \n\t\t\t<a href=\"https:\/\/www.erosivetoothwear.com\/es\/pacientes-odontologicos\/preguntas-frecuentes\/que-causa-dientes-sensibles\/\"  target=\"_self\">\n\t\t\t\t\t\t\u00bfQu\u00e9 causa la sensibilidad de los dientes?\n\t\t\t\t\t<\/a>\n\t\t\t<a href=\"https:\/\/www.erosivetoothwear.com\/es\/patients\/faq\/toothpaste\/\"  target=\"_self\">\n\t\t\t\t\t\t\t\u00bfQu\u00e9 hacen los otros ingredientes de la crema dental?\n\t\t\t<\/a>\n\n","protected":false},"excerpt":{"rendered":"<p>\u00bfQu\u00e9 hace realmente el fluoruro? De regreso a Preguntas y Respuestas Frecuentes Los dientes est\u00e1n compuestos por una sustancia llamada hidroxiapatita, formada principalmente por calcio (Ca), fosfato (PO4) e hidr\u00f3xido (OH&#8211;), as\u00ed como carbonato y agua. \u00bfQuiere saber m\u00e1s sobre la estructura de sus dientes? Haga clic aqu\u00ed. El fl\u00faor puede sustituir parte del hidr\u00f3xido [&hellip;]<\/p>\n","protected":false},"author":1,"featured_media":0,"parent":2726,"menu_order":0,"comment_status":"closed","ping_status":"closed","template":"","meta":{"_acf_changed":false,"footnotes":""},"class_list":["post-2734","page","type-page","status-publish","hentry"],"acf":[],"yoast_head":"<!-- This site is optimized with the Yoast SEO plugin v27.4 - https:\/\/yoast.com\/product\/yoast-seo-wordpress\/ -->\n<title>\u00bfQu\u00e9 hace realmente el fluoruro? - Erosive Toothwear<\/title>\n<meta name=\"robots\" content=\"index, follow, max-snippet:-1, max-image-preview:large, max-video-preview:-1\" \/>\n<link rel=\"canonical\" href=\"https:\/\/www.erosivetoothwear.com\/es\/pacientes-odontologicos\/preguntas-frecuentes\/que-hace-realmente-el-fluor\/\" \/>\n<meta property=\"og:locale\" content=\"es_ES\" \/>\n<meta property=\"og:type\" content=\"article\" \/>\n<meta property=\"og:title\" content=\"\u00bfQu\u00e9 hace realmente el fluoruro? - Erosive Toothwear\" \/>\n<meta property=\"og:description\" content=\"\u00bfQu\u00e9 hace realmente el fluoruro? De regreso a Preguntas y Respuestas Frecuentes Los dientes est\u00e1n compuestos por una sustancia llamada hidroxiapatita, formada principalmente por calcio (Ca), fosfato (PO4) e hidr\u00f3xido (OH&#8211;), as\u00ed como carbonato y agua. \u00bfQuiere saber m\u00e1s sobre la estructura de sus dientes? Haga clic aqu\u00ed. El fl\u00faor puede sustituir parte del hidr\u00f3xido [&hellip;]\" \/>\n<meta property=\"og:url\" content=\"https:\/\/www.erosivetoothwear.com\/es\/pacientes-odontologicos\/preguntas-frecuentes\/que-hace-realmente-el-fluor\/\" \/>\n<meta property=\"og:site_name\" content=\"Erosive Toothwear\" \/>\n<meta property=\"article:modified_time\" content=\"2026-03-09T11:05:26+00:00\" \/>\n<meta name=\"twitter:card\" content=\"summary_large_image\" \/>\n<meta name=\"twitter:label1\" content=\"Est. reading time\" \/>\n\t<meta name=\"twitter:data1\" content=\"2 minutes\" \/>\n<script type=\"application\/ld+json\" class=\"yoast-schema-graph\">{\"@context\":\"https:\\\/\\\/schema.org\",\"@graph\":[{\"@type\":\"WebPage\",\"@id\":\"https:\\\/\\\/www.erosivetoothwear.com\\\/es\\\/pacientes-odontologicos\\\/preguntas-frecuentes\\\/que-hace-realmente-el-fluor\\\/\",\"url\":\"https:\\\/\\\/www.erosivetoothwear.com\\\/es\\\/pacientes-odontologicos\\\/preguntas-frecuentes\\\/que-hace-realmente-el-fluor\\\/\",\"name\":\"\u00bfQu\u00e9 hace realmente el fluoruro? - Erosive Toothwear\",\"isPartOf\":{\"@id\":\"https:\\\/\\\/www.erosivetoothwear.com\\\/#website\"},\"datePublished\":\"2026-03-03T13:40:17+00:00\",\"dateModified\":\"2026-03-09T11:05:26+00:00\",\"breadcrumb\":{\"@id\":\"https:\\\/\\\/www.erosivetoothwear.com\\\/es\\\/pacientes-odontologicos\\\/preguntas-frecuentes\\\/que-hace-realmente-el-fluor\\\/#breadcrumb\"},\"inLanguage\":\"es-ES\",\"potentialAction\":[{\"@type\":\"ReadAction\",\"target\":[\"https:\\\/\\\/www.erosivetoothwear.com\\\/es\\\/pacientes-odontologicos\\\/preguntas-frecuentes\\\/que-hace-realmente-el-fluor\\\/\"]}]},{\"@type\":\"BreadcrumbList\",\"@id\":\"https:\\\/\\\/www.erosivetoothwear.com\\\/es\\\/pacientes-odontologicos\\\/preguntas-frecuentes\\\/que-hace-realmente-el-fluor\\\/#breadcrumb\",\"itemListElement\":[{\"@type\":\"ListItem\",\"position\":1,\"name\":\"Home\",\"item\":\"https:\\\/\\\/www.erosivetoothwear.com\\\/es\\\/inicio\\\/\"},{\"@type\":\"ListItem\",\"position\":2,\"name\":\"Pacientes odontol\u00f3gicos\",\"item\":\"https:\\\/\\\/www.erosivetoothwear.com\\\/es\\\/pacientes-odontologicos\\\/\"},{\"@type\":\"ListItem\",\"position\":3,\"name\":\"Preguntas Frecuentes\",\"item\":\"https:\\\/\\\/www.erosivetoothwear.com\\\/es\\\/pacientes-odontologicos\\\/preguntas-frecuentes\\\/\"},{\"@type\":\"ListItem\",\"position\":4,\"name\":\"\u00bfQu\u00e9 hace realmente el fluoruro?\"}]},{\"@type\":\"WebSite\",\"@id\":\"https:\\\/\\\/www.erosivetoothwear.com\\\/#website\",\"url\":\"https:\\\/\\\/www.erosivetoothwear.com\\\/\",\"name\":\"Erosive Toothwear\",\"description\":\"\",\"potentialAction\":[{\"@type\":\"SearchAction\",\"target\":{\"@type\":\"EntryPoint\",\"urlTemplate\":\"https:\\\/\\\/www.erosivetoothwear.com\\\/?s={search_term_string}\"},\"query-input\":{\"@type\":\"PropertyValueSpecification\",\"valueRequired\":true,\"valueName\":\"search_term_string\"}}],\"inLanguage\":\"es-ES\"}]}<\/script>\n<!-- \/ Yoast SEO plugin. -->","yoast_head_json":{"title":"\u00bfQu\u00e9 hace realmente el fluoruro? - Erosive Toothwear","robots":{"index":"index","follow":"follow","max-snippet":"max-snippet:-1","max-image-preview":"max-image-preview:large","max-video-preview":"max-video-preview:-1"},"canonical":"https:\/\/www.erosivetoothwear.com\/es\/pacientes-odontologicos\/preguntas-frecuentes\/que-hace-realmente-el-fluor\/","og_locale":"es_ES","og_type":"article","og_title":"\u00bfQu\u00e9 hace realmente el fluoruro? - Erosive Toothwear","og_description":"\u00bfQu\u00e9 hace realmente el fluoruro? De regreso a Preguntas y Respuestas Frecuentes Los dientes est\u00e1n compuestos por una sustancia llamada hidroxiapatita, formada principalmente por calcio (Ca), fosfato (PO4) e hidr\u00f3xido (OH&#8211;), as\u00ed como carbonato y agua. \u00bfQuiere saber m\u00e1s sobre la estructura de sus dientes? Haga clic aqu\u00ed. El fl\u00faor puede sustituir parte del hidr\u00f3xido [&hellip;]","og_url":"https:\/\/www.erosivetoothwear.com\/es\/pacientes-odontologicos\/preguntas-frecuentes\/que-hace-realmente-el-fluor\/","og_site_name":"Erosive Toothwear","article_modified_time":"2026-03-09T11:05:26+00:00","twitter_card":"summary_large_image","twitter_misc":{"Est. reading time":"2 minutes"},"schema":{"@context":"https:\/\/schema.org","@graph":[{"@type":"WebPage","@id":"https:\/\/www.erosivetoothwear.com\/es\/pacientes-odontologicos\/preguntas-frecuentes\/que-hace-realmente-el-fluor\/","url":"https:\/\/www.erosivetoothwear.com\/es\/pacientes-odontologicos\/preguntas-frecuentes\/que-hace-realmente-el-fluor\/","name":"\u00bfQu\u00e9 hace realmente el fluoruro? - Erosive Toothwear","isPartOf":{"@id":"https:\/\/www.erosivetoothwear.com\/#website"},"datePublished":"2026-03-03T13:40:17+00:00","dateModified":"2026-03-09T11:05:26+00:00","breadcrumb":{"@id":"https:\/\/www.erosivetoothwear.com\/es\/pacientes-odontologicos\/preguntas-frecuentes\/que-hace-realmente-el-fluor\/#breadcrumb"},"inLanguage":"es-ES","potentialAction":[{"@type":"ReadAction","target":["https:\/\/www.erosivetoothwear.com\/es\/pacientes-odontologicos\/preguntas-frecuentes\/que-hace-realmente-el-fluor\/"]}]},{"@type":"BreadcrumbList","@id":"https:\/\/www.erosivetoothwear.com\/es\/pacientes-odontologicos\/preguntas-frecuentes\/que-hace-realmente-el-fluor\/#breadcrumb","itemListElement":[{"@type":"ListItem","position":1,"name":"Home","item":"https:\/\/www.erosivetoothwear.com\/es\/inicio\/"},{"@type":"ListItem","position":2,"name":"Pacientes odontol\u00f3gicos","item":"https:\/\/www.erosivetoothwear.com\/es\/pacientes-odontologicos\/"},{"@type":"ListItem","position":3,"name":"Preguntas Frecuentes","item":"https:\/\/www.erosivetoothwear.com\/es\/pacientes-odontologicos\/preguntas-frecuentes\/"},{"@type":"ListItem","position":4,"name":"\u00bfQu\u00e9 hace realmente el fluoruro?"}]},{"@type":"WebSite","@id":"https:\/\/www.erosivetoothwear.com\/#website","url":"https:\/\/www.erosivetoothwear.com\/","name":"Erosive Toothwear","description":"","potentialAction":[{"@type":"SearchAction","target":{"@type":"EntryPoint","urlTemplate":"https:\/\/www.erosivetoothwear.com\/?s={search_term_string}"},"query-input":{"@type":"PropertyValueSpecification","valueRequired":true,"valueName":"search_term_string"}}],"inLanguage":"es-ES"}]}},"_links":{"self":[{"href":"https:\/\/www.erosivetoothwear.com\/es\/wp-json\/wp\/v2\/pages\/2734","targetHints":{"allow":["GET"]}}],"collection":[{"href":"https:\/\/www.erosivetoothwear.com\/es\/wp-json\/wp\/v2\/pages"}],"about":[{"href":"https:\/\/www.erosivetoothwear.com\/es\/wp-json\/wp\/v2\/types\/page"}],"author":[{"embeddable":true,"href":"https:\/\/www.erosivetoothwear.com\/es\/wp-json\/wp\/v2\/users\/1"}],"replies":[{"embeddable":true,"href":"https:\/\/www.erosivetoothwear.com\/es\/wp-json\/wp\/v2\/comments?post=2734"}],"version-history":[{"count":4,"href":"https:\/\/www.erosivetoothwear.com\/es\/wp-json\/wp\/v2\/pages\/2734\/revisions"}],"predecessor-version":[{"id":2881,"href":"https:\/\/www.erosivetoothwear.com\/es\/wp-json\/wp\/v2\/pages\/2734\/revisions\/2881"}],"up":[{"embeddable":true,"href":"https:\/\/www.erosivetoothwear.com\/es\/wp-json\/wp\/v2\/pages\/2726"}],"wp:attachment":[{"href":"https:\/\/www.erosivetoothwear.com\/es\/wp-json\/wp\/v2\/media?parent=2734"}],"curies":[{"name":"wp","href":"https:\/\/api.w.org\/{rel}","templated":true}]}}