{"id":2726,"date":"2026-03-03T13:15:48","date_gmt":"2026-03-03T13:15:48","guid":{"rendered":"https:\/\/www.erosivetoothwear.com\/preguntas-frecuentes\/"},"modified":"2026-03-05T17:10:10","modified_gmt":"2026-03-05T17:10:10","slug":"preguntas-frecuentes","status":"publish","type":"page","link":"https:\/\/www.erosivetoothwear.com\/es\/pacientes-odontologicos\/preguntas-frecuentes\/","title":{"rendered":"Preguntas Frecuentes"},"content":{"rendered":"\n<h1>\n\t\t\tPreguntas Frecuentes\t<\/h1>\n\t<p>Ayud\u00e1ndole a reducir los riesgos y manejar la condici\u00f3n<\/p>\n\t<span><span><a href=\"https:\/\/www.erosivetoothwear.com\/es\/inicio\/\">Home<\/a><\/span><\/span>\n<h2>\n\t\t\tResumen general\t<\/h2>\n\t<p>Esta p\u00e1gina de Preguntas Frecuentes ofrece respuestas claras e informativas a preguntas comunes sobre el Desgaste Dental Erosivo, incluyendo sus causas, signos tempranos y estrategias de manejo. Al comprender los factores que contribuyen a la erosi\u00f3n y las medidas que se pueden tomar para prevenirla, usted podr\u00e1 tomar decisiones informadas sobre su salud oral. <\/p>\n<h2>\n\t\t\tPreguntas Frecuentes\t<\/h2>\n\t\t\t\t\t<a role=\"heading\" aria-level=\"2\" tabindex=\"-1\"  id=\"fl-accordion--label-0\">\u00bfQu\u00e9 es erosi\u00f3n dental y es lo mismo que Desgaste Dental Erosivo?<\/a>\n\t\t\t\t\t\t\t\t\t\t\t<button type=\"button\" id=\"fl-accordion--icon-0\" aria-expanded=\"false\" aria-controls=\"fl-accordion--panel-0\"><i>Expand<\/i><\/button>\n\t\t\t\t\t<p>&#8216;Erosi\u00f3n dental&#8217; se refiere a cuando los dientes se ablandan y se disuelven por la acci\u00f3n de \u00e1cidos que pueden provenir de la dieta o del est\u00f3mago. Utilizamos el t\u00e9rmino &#8216;desgaste dental erosivo&#8217; cuando consideramos que la estructura dental ablandada por los \u00e1cidos tambi\u00e9n se desgasta por rechinar los dientes o por la abrasi\u00f3n (roce fuerte) de los dientes, como un cepillado dental en\u00e9rgico o un piercing bucal. <\/p>\n\t\t\t\t\t<a role=\"heading\" aria-level=\"2\" tabindex=\"-1\"  id=\"fl-accordion--label-1\">\u00bfC\u00f3mo se si tengo erosi\u00f3n o Desgaste Dental Erosivo?<\/a>\n\t\t\t\t\t\t\t\t\t\t\t<button type=\"button\" id=\"fl-accordion--icon-1\" aria-expanded=\"false\" aria-controls=\"fl-accordion--panel-1\"><i>Expand<\/i><\/button>\n\t\t\t\t\t<p>En las primeras etapas, usted no lo notar\u00e1 y s\u00f3lo un odont\u00f3logo o higienista cualificado podr\u00e1 detectar los primeros signos. A medida que avanza el desgaste dental (que ocurre lentamente), es posible que note que sus dientes se acortan visiblemente. Si rechina los dientes, estos pueden parecer planos en la superficie de mordida. Si se erosionan, pueden volverse m\u00e1s delgados y m\u00e1s propensos a astillarse   <\/p>\n\t\t\t\t\t<a role=\"heading\" aria-level=\"2\" tabindex=\"-1\"  id=\"fl-accordion--label-2\">\u00bfQu\u00e9 hago si creo que tengo Desgaste Dental Erosivo?<\/a>\n\t\t\t\t\t\t\t\t\t\t\t<button type=\"button\" id=\"fl-accordion--icon-2\" aria-expanded=\"false\" aria-controls=\"fl-accordion--panel-2\"><i>Expand<\/i><\/button>\n\t\t\t\t\t<p>Lo mejor que puede hacer es acudir a su odont\u00f3logo\/a, quien comenzar\u00e1 a controlar m\u00e1s de cerca el desgaste dental y le aconsejar\u00e1 sobre c\u00f3mo evitar que empeore.<\/p>\n\t\t\t\t\t<a role=\"heading\" aria-level=\"2\" tabindex=\"-1\"  id=\"fl-accordion--label-3\">\u00bfExiste alguna manera para que yo pueda prevenir el Desgaste Dental Erosivo?<\/a>\n\t\t\t\t\t\t\t\t\t\t\t<button type=\"button\" id=\"fl-accordion--icon-3\" aria-expanded=\"false\" aria-controls=\"fl-accordion--panel-3\"><i>Expand<\/i><\/button>\n\t\t\t\t\t<p>Puede intentar prevenir el desgaste erosivo de los dientes evitando consumir como refrigerio alimentos \u00e1cidos en su dieta. Todos los alimentos \u00e1cidos deben limitarse a uno al d\u00eda o menos. Siga una dieta sana y equilibrada que incluya fruta y otros alimentos \u00e1cidos, pero cons\u00famalos durante las comidas.  <\/p>\n<p>Si sabe que tiene acidez estomacal o que el contenido de su est\u00f3mago llega a la boca, consulte con su m\u00e9dico\/a de cabecera sobre las formas de controlarlo. Esto puede incluir cambios en la dieta, evitar alimentos desencadenantes, cambios en el estilo de vida y, posiblemente, medicamentos. <\/p>\n<p>Si rechina los dientes, puede ser aconsejable usar un protector bucal por la noche.<\/p>\n\t\t\t\t\t<a role=\"heading\" aria-level=\"2\" tabindex=\"-1\"  id=\"fl-accordion--label-4\">\u00bfQu\u00e9 son los \u00e1cidos comunes de la dieta?<\/a>\n\t\t\t\t\t\t\t\t\t\t\t<button type=\"button\" id=\"fl-accordion--icon-4\" aria-expanded=\"false\" aria-controls=\"fl-accordion--panel-4\"><i>Expand<\/i><\/button>\n\t\t\t\t\t<p>Bebidas gaseosas (excepto el agua con gas sin sabor), bebidas gaseosas sin az\u00facar, bebidas energ\u00e9ticas, bebidas deportivas, jugos, batidos, refrescos con sabor a fruta, bebidas alcoh\u00f3licas, t\u00e9s de frutas y aguas con sabor a fruta. La mayor\u00eda de las frutas, excepto los pl\u00e1tanos y los cocos, son \u00e1cidas. Las compotas y las frutas enlatadas tambi\u00e9n son \u00e1cidas. Los encurtidos y los vinagres tambi\u00e9n son \u00e1cidos, pero por lo general no suponen ning\u00fan problema si se consumen con una comida.   <\/p>\n\t\t\t\t\t<a role=\"heading\" aria-level=\"2\" tabindex=\"-1\"  id=\"fl-accordion--label-5\">\u00bfPuedo seguir comiendo fruta?<\/a>\n\t\t\t\t\t\t\t\t\t\t\t<button type=\"button\" id=\"fl-accordion--icon-5\" aria-expanded=\"false\" aria-controls=\"fl-accordion--panel-5\"><i>Expand<\/i><\/button>\n\t\t\t\t\t<p>S\u00ed. Es muy importante que coma fruta como parte de una dieta sana y equilibrada. Sin embargo, le recomendamos que consuma estas frutas como parte de su comida o despu\u00e9s de ella  <\/p>\n\t\t\t\t\t<a role=\"heading\" aria-level=\"2\" tabindex=\"-1\"  id=\"fl-accordion--label-6\">\u00bfHay algo m\u00e1s en la dieta a lo que deba prestar atenci\u00f3n?<\/a>\n\t\t\t\t\t\t\t\t\t\t\t<button type=\"button\" id=\"fl-accordion--icon-6\" aria-expanded=\"false\" aria-controls=\"fl-accordion--panel-6\"><i>Expand<\/i><\/button>\n\t\t\t\t\t<p>Si pasa un periodo de tiempo prolongado (&gt; 10 minutos) comiendo fruta o bebiendo bebidas \u00e1cidas, aumentan las posibilidades de que los \u00e1cidos afecten a sus dientes. Intente comer o beber alimentos \u00e1cidos lo m\u00e1s r\u00e1pido posible si los consume a diario. Tambi\u00e9n tenga cuidado con beber a sorbos lentamente, enjuagarse la boca con la bebida o mantenerla en la boca antes de deglutirla (tragarla). Una vez m\u00e1s, esto aumenta las posibilidades de que los dientes se vean afectados.   <\/p>\n\t\t\t\t\t<a role=\"heading\" aria-level=\"2\" tabindex=\"-1\"  id=\"fl-accordion--label-7\">Tengo dientes sensibles. \u00bfEso de relaciona con \u00e1cidos? <\/a>\n\t\t\t\t\t\t\t\t\t\t\t<button type=\"button\" id=\"fl-accordion--icon-7\" aria-expanded=\"false\" aria-controls=\"fl-accordion--panel-7\"><i>Expand<\/i><\/button>\n\t\t\t\t\t<p>Si ha acudido al odont\u00f3logo y le han dicho que sus dientes y enc\u00edas est\u00e1n sanos, es posible que padezca de hipersensibilidad dentinaria. Esto puede deberse a los \u00e1cidos presentes en la boca. Valdr\u00eda la pena intentar reducir la cantidad de \u00e1cidos que consume en su dieta y tratar de comer o beber los alimentos \u00e1cidos lo m\u00e1s r\u00e1pido posible para ver si esto controla su sensibilidad. Si no es as\u00ed, acuda a su odont\u00f3logo\/a, quien le aconsejar\u00e1 sobre c\u00f3mo controlar la sensibilidad   <\/p>\n\t\t\t\t\t<a role=\"heading\" aria-level=\"2\" tabindex=\"-1\"  id=\"fl-accordion--label-8\">Yo rechino los dientes. \u00bfQu\u00e9 puedo hacer? <\/a>\n\t\t\t\t\t\t\t\t\t\t\t<button type=\"button\" id=\"fl-accordion--icon-8\" aria-expanded=\"false\" aria-controls=\"fl-accordion--panel-8\"><i>Expand<\/i><\/button>\n\t\t\t\t\t<p>Rechinar los dientes puede provocar su desgaste. Si cree que rechina los dientes, debe acudir a su odont\u00f3logo\/a. El\/ella le ayudar\u00e1 a controlar el rechinaiento y le aconsejar\u00e1 sobre c\u00f3mo evitar que cause da\u00f1os en los dientes, los m\u00fasculos y las articulaciones. Es posible que le recomiende usar un protector bucal   <\/p>\n\t\t\t\t\t<a role=\"heading\" aria-level=\"2\" tabindex=\"-1\"  id=\"fl-accordion--label-9\">He o\u00eddo que hay que cepillarse los dientes antes de comer, en lugar de despu\u00e9s. \u00bfEs cierto? <\/a>\n\t\t\t\t\t\t\t\t\t\t\t<button type=\"button\" id=\"fl-accordion--icon-9\" aria-expanded=\"false\" aria-controls=\"fl-accordion--panel-9\"><i>Expand<\/i><\/button>\n\t\t\t\t\t<p>Si ha comido o bebido algo que no es \u00e1cido, cepillarse los dientes inmediatamente despu\u00e9s no causar\u00e1 desgaste dental. Cepillarse los dientes inmediatamente despu\u00e9s de haber comido o bebido algo \u00e1cido puede causar un desgaste ligeramente mayor, pero conc\u00e9ntrese en limitar el n\u00famero de veces que consume \u00e1cidos. Cepillarse los dientes es muy importante. Debe hacerse dos veces al d\u00eda con una crema dental fluorada y poco abrasiv   <\/p>\n<h2>\n\t\t\tPuede leer m\u00e1s en los siguientes art\u00edculos:\t<\/h2>\n\t<a href=\"https:\/\/www.erosivetoothwear.com\/es\/patients\/faq\/acid\/\">\u00bfC\u00f3mo afecta el \u00e1cido mis dientes?<\/a><br \/>\n<a href=\"https:\/\/www.erosivetoothwear.com\/es\/patients\/faq\/caries\/\">\u00bfC\u00f3mo se diferencia el desgaste dental erosivo de la caries dental?<\/a><br \/>\n<a href=\"https:\/\/www.erosivetoothwear.com\/es\/patients\/faq\/saliva\/\">\u00bfC\u00f3mo afecta la saliva mis dientes?<\/a><br \/>\n<a href=\"https:\/\/www.erosivetoothwear.com\/es\/pacientes-odontologicos\/preguntas-frecuentes\/the-pros-and-cons-of-restoring-your-teeth\/\">\u00bfLos pros y los contras de restaurar tus dientes?<\/a><br \/>\n<a href=\"https:\/\/www.erosivetoothwear.com\/es\/patients\/faq\/tooth-structure\">\u00bfQu\u00e9 es la estructura de mis dientes?<\/a>\n\t<a href=\"https:\/\/www.erosivetoothwear.com\/es\/pacientes-odontologicos\/preguntas-frecuentes\/que-es-desgaste-dental-mecanico\/\">\u00bfQu\u00e9 es desgaste dental &#8216;mec\u00e1nico&#8217;?<\/a><br \/>\n<a href=\"https:\/\/www.erosivetoothwear.com\/es\/pacientes-odontologicos\/preguntas-frecuentes\/que-causa-dientes-sensibles\/\">\u00bfQu\u00e9 causa la sensibilidad de los dientes?<\/a><br \/>\n<a href=\"https:\/\/www.erosivetoothwear.com\/es\/patients\/faq\/toothpaste\">\u00bfQu\u00e9 hacen los otros ingredientes de la crema dental?<\/a><br \/>\n<a href=\"https:\/\/www.erosivetoothwear.com\/es\/patients\/faq\/fluoride\">\u00bfQu\u00e9 hace realmente el fluoruro?<\/a>\n\n","protected":false},"excerpt":{"rendered":"<p>Preguntas Frecuentes Ayud\u00e1ndole a reducir los riesgos y manejar la condici\u00f3n Resumen general Esta p\u00e1gina de Preguntas Frecuentes ofrece respuestas claras e informativas a preguntas comunes sobre el Desgaste Dental Erosivo, incluyendo sus causas, signos tempranos y estrategias de manejo. Al comprender los factores que contribuyen a la erosi\u00f3n y las medidas que se pueden [&hellip;]<\/p>\n","protected":false},"author":1,"featured_media":0,"parent":2746,"menu_order":0,"comment_status":"closed","ping_status":"closed","template":"","meta":{"_acf_changed":false,"footnotes":""},"class_list":["post-2726","page","type-page","status-publish","hentry"],"acf":[],"yoast_head":"<!-- This site is optimized with the Yoast SEO plugin v27.4 - https:\/\/yoast.com\/product\/yoast-seo-wordpress\/ -->\n<title>Preguntas Frecuentes - Erosive Toothwear<\/title>\n<meta name=\"robots\" content=\"index, follow, max-snippet:-1, max-image-preview:large, max-video-preview:-1\" \/>\n<link rel=\"canonical\" href=\"https:\/\/www.erosivetoothwear.com\/es\/pacientes-odontologicos\/preguntas-frecuentes\/\" \/>\n<meta property=\"og:locale\" content=\"es_ES\" \/>\n<meta property=\"og:type\" content=\"article\" \/>\n<meta property=\"og:title\" content=\"Preguntas Frecuentes - Erosive Toothwear\" \/>\n<meta property=\"og:description\" content=\"Preguntas Frecuentes Ayud\u00e1ndole a reducir los riesgos y manejar la condici\u00f3n Resumen general Esta p\u00e1gina de Preguntas Frecuentes ofrece respuestas claras e informativas a preguntas comunes sobre el Desgaste Dental Erosivo, incluyendo sus causas, signos tempranos y estrategias de manejo. Al comprender los factores que contribuyen a la erosi\u00f3n y las medidas que se pueden [&hellip;]\" \/>\n<meta property=\"og:url\" content=\"https:\/\/www.erosivetoothwear.com\/es\/pacientes-odontologicos\/preguntas-frecuentes\/\" \/>\n<meta property=\"og:site_name\" content=\"Erosive Toothwear\" \/>\n<meta property=\"article:modified_time\" content=\"2026-03-05T17:10:10+00:00\" \/>\n<meta name=\"twitter:card\" content=\"summary_large_image\" \/>\n<meta name=\"twitter:label1\" content=\"Est. reading time\" \/>\n\t<meta name=\"twitter:data1\" content=\"5 minutes\" \/>\n<script type=\"application\/ld+json\" class=\"yoast-schema-graph\">{\"@context\":\"https:\\\/\\\/schema.org\",\"@graph\":[{\"@type\":\"WebPage\",\"@id\":\"https:\\\/\\\/www.erosivetoothwear.com\\\/es\\\/pacientes-odontologicos\\\/preguntas-frecuentes\\\/\",\"url\":\"https:\\\/\\\/www.erosivetoothwear.com\\\/es\\\/pacientes-odontologicos\\\/preguntas-frecuentes\\\/\",\"name\":\"Preguntas Frecuentes - Erosive Toothwear\",\"isPartOf\":{\"@id\":\"https:\\\/\\\/www.erosivetoothwear.com\\\/#website\"},\"datePublished\":\"2026-03-03T13:15:48+00:00\",\"dateModified\":\"2026-03-05T17:10:10+00:00\",\"breadcrumb\":{\"@id\":\"https:\\\/\\\/www.erosivetoothwear.com\\\/es\\\/pacientes-odontologicos\\\/preguntas-frecuentes\\\/#breadcrumb\"},\"inLanguage\":\"es-ES\",\"potentialAction\":[{\"@type\":\"ReadAction\",\"target\":[\"https:\\\/\\\/www.erosivetoothwear.com\\\/es\\\/pacientes-odontologicos\\\/preguntas-frecuentes\\\/\"]}]},{\"@type\":\"BreadcrumbList\",\"@id\":\"https:\\\/\\\/www.erosivetoothwear.com\\\/es\\\/pacientes-odontologicos\\\/preguntas-frecuentes\\\/#breadcrumb\",\"itemListElement\":[{\"@type\":\"ListItem\",\"position\":1,\"name\":\"Home\",\"item\":\"https:\\\/\\\/www.erosivetoothwear.com\\\/es\\\/inicio\\\/\"},{\"@type\":\"ListItem\",\"position\":2,\"name\":\"Pacientes odontol\u00f3gicos\",\"item\":\"https:\\\/\\\/www.erosivetoothwear.com\\\/es\\\/pacientes-odontologicos\\\/\"},{\"@type\":\"ListItem\",\"position\":3,\"name\":\"Preguntas Frecuentes\"}]},{\"@type\":\"WebSite\",\"@id\":\"https:\\\/\\\/www.erosivetoothwear.com\\\/#website\",\"url\":\"https:\\\/\\\/www.erosivetoothwear.com\\\/\",\"name\":\"Erosive Toothwear\",\"description\":\"\",\"potentialAction\":[{\"@type\":\"SearchAction\",\"target\":{\"@type\":\"EntryPoint\",\"urlTemplate\":\"https:\\\/\\\/www.erosivetoothwear.com\\\/?s={search_term_string}\"},\"query-input\":{\"@type\":\"PropertyValueSpecification\",\"valueRequired\":true,\"valueName\":\"search_term_string\"}}],\"inLanguage\":\"es-ES\"}]}<\/script>\n<!-- \/ Yoast SEO plugin. -->","yoast_head_json":{"title":"Preguntas Frecuentes - Erosive Toothwear","robots":{"index":"index","follow":"follow","max-snippet":"max-snippet:-1","max-image-preview":"max-image-preview:large","max-video-preview":"max-video-preview:-1"},"canonical":"https:\/\/www.erosivetoothwear.com\/es\/pacientes-odontologicos\/preguntas-frecuentes\/","og_locale":"es_ES","og_type":"article","og_title":"Preguntas Frecuentes - Erosive Toothwear","og_description":"Preguntas Frecuentes Ayud\u00e1ndole a reducir los riesgos y manejar la condici\u00f3n Resumen general Esta p\u00e1gina de Preguntas Frecuentes ofrece respuestas claras e informativas a preguntas comunes sobre el Desgaste Dental Erosivo, incluyendo sus causas, signos tempranos y estrategias de manejo. Al comprender los factores que contribuyen a la erosi\u00f3n y las medidas que se pueden [&hellip;]","og_url":"https:\/\/www.erosivetoothwear.com\/es\/pacientes-odontologicos\/preguntas-frecuentes\/","og_site_name":"Erosive Toothwear","article_modified_time":"2026-03-05T17:10:10+00:00","twitter_card":"summary_large_image","twitter_misc":{"Est. reading time":"5 minutes"},"schema":{"@context":"https:\/\/schema.org","@graph":[{"@type":"WebPage","@id":"https:\/\/www.erosivetoothwear.com\/es\/pacientes-odontologicos\/preguntas-frecuentes\/","url":"https:\/\/www.erosivetoothwear.com\/es\/pacientes-odontologicos\/preguntas-frecuentes\/","name":"Preguntas Frecuentes - Erosive Toothwear","isPartOf":{"@id":"https:\/\/www.erosivetoothwear.com\/#website"},"datePublished":"2026-03-03T13:15:48+00:00","dateModified":"2026-03-05T17:10:10+00:00","breadcrumb":{"@id":"https:\/\/www.erosivetoothwear.com\/es\/pacientes-odontologicos\/preguntas-frecuentes\/#breadcrumb"},"inLanguage":"es-ES","potentialAction":[{"@type":"ReadAction","target":["https:\/\/www.erosivetoothwear.com\/es\/pacientes-odontologicos\/preguntas-frecuentes\/"]}]},{"@type":"BreadcrumbList","@id":"https:\/\/www.erosivetoothwear.com\/es\/pacientes-odontologicos\/preguntas-frecuentes\/#breadcrumb","itemListElement":[{"@type":"ListItem","position":1,"name":"Home","item":"https:\/\/www.erosivetoothwear.com\/es\/inicio\/"},{"@type":"ListItem","position":2,"name":"Pacientes odontol\u00f3gicos","item":"https:\/\/www.erosivetoothwear.com\/es\/pacientes-odontologicos\/"},{"@type":"ListItem","position":3,"name":"Preguntas Frecuentes"}]},{"@type":"WebSite","@id":"https:\/\/www.erosivetoothwear.com\/#website","url":"https:\/\/www.erosivetoothwear.com\/","name":"Erosive Toothwear","description":"","potentialAction":[{"@type":"SearchAction","target":{"@type":"EntryPoint","urlTemplate":"https:\/\/www.erosivetoothwear.com\/?s={search_term_string}"},"query-input":{"@type":"PropertyValueSpecification","valueRequired":true,"valueName":"search_term_string"}}],"inLanguage":"es-ES"}]}},"_links":{"self":[{"href":"https:\/\/www.erosivetoothwear.com\/es\/wp-json\/wp\/v2\/pages\/2726","targetHints":{"allow":["GET"]}}],"collection":[{"href":"https:\/\/www.erosivetoothwear.com\/es\/wp-json\/wp\/v2\/pages"}],"about":[{"href":"https:\/\/www.erosivetoothwear.com\/es\/wp-json\/wp\/v2\/types\/page"}],"author":[{"embeddable":true,"href":"https:\/\/www.erosivetoothwear.com\/es\/wp-json\/wp\/v2\/users\/1"}],"replies":[{"embeddable":true,"href":"https:\/\/www.erosivetoothwear.com\/es\/wp-json\/wp\/v2\/comments?post=2726"}],"version-history":[{"count":4,"href":"https:\/\/www.erosivetoothwear.com\/es\/wp-json\/wp\/v2\/pages\/2726\/revisions"}],"predecessor-version":[{"id":2874,"href":"https:\/\/www.erosivetoothwear.com\/es\/wp-json\/wp\/v2\/pages\/2726\/revisions\/2874"}],"up":[{"embeddable":true,"href":"https:\/\/www.erosivetoothwear.com\/es\/wp-json\/wp\/v2\/pages\/2746"}],"wp:attachment":[{"href":"https:\/\/www.erosivetoothwear.com\/es\/wp-json\/wp\/v2\/media?parent=2726"}],"curies":[{"name":"wp","href":"https:\/\/api.w.org\/{rel}","templated":true}]}}