{"id":2719,"date":"2026-03-03T12:40:22","date_gmt":"2026-03-03T12:40:22","guid":{"rendered":"https:\/\/www.erosivetoothwear.com\/sobre\/"},"modified":"2026-04-07T12:59:24","modified_gmt":"2026-04-07T11:59:24","slug":"sobre","status":"publish","type":"page","link":"https:\/\/www.erosivetoothwear.com\/es\/sobre\/","title":{"rendered":"Sobre"},"content":{"rendered":"\n<h1>\n\t\t\tSobre la Fundaci\u00f3n de Desgaste Dental Erosivo (Erosive Tooth Wear Foundation)\t<\/h1>\n\t<p>Encuentre informaci\u00f3n sobre nuestra misi\u00f3n y el equipo detr\u00e1s de la fundaci\u00f3n.<\/p>\n\t<span><span><a href=\"https:\/\/www.erosivetoothwear.com\/es\/inicio\/\">Home<\/a><\/span><\/span>\n<h2>\n\t\t\tSobre la Fundaci\u00f3n\t<\/h2>\n\t<p>Fundada en 2016, la Fundaci\u00f3n de Desgaste Erosivo Dental (Erosive Tooth Wear Foundation) sirve como un foro global \u00fanico que re\u00fane a acad\u00e9micos, cient\u00edficos de la industria y expertos en mercadeo para crear conciencia sobre la erosi\u00f3n dental. La Fundaci\u00f3n ETW fomenta la colaboraci\u00f3n entre disciplinas y celebra reuniones internacionales peri\u00f3dicas, presentando su trabajo en importantes simposios cient\u00edficos de todo el mundo. <\/p>\n<p>Nuestra misi\u00f3n es promover la salud p\u00fablica mediante la sensibilizaci\u00f3n, la educaci\u00f3n y la investigaci\u00f3n sobre el Desgaste Dental Erosivo -sus causas, su prevenci\u00f3n y su tratamiento. Apoyamos y publicamos investigaciones de alta calidad; llevamos a cabo programas educativos e impartimos formaci\u00f3n dirigida por expertos, tanto para el p\u00fablico en general, como para los profesionales de la salud. <\/p>\n<p>La Fundaci\u00f3n est\u00e1 dirigida por un equipo de expertos administradores y facilitadores con sede en el King&#8217;s College de Londres, que cuenta adem\u00e1s con el apoyo de una red internacional de asesores cient\u00edficos de instituciones l\u00edderes de Europa y Norteam\u00e9rica.<\/p>\n<p>Nuestro trabajo llega directamente a los\/las ni\u00f1os, las familias y el p\u00fablico en general, as\u00ed como a trav\u00e9s de colaboraciones con educadores dentales, profesionales de la salud, estudiantes, investigadores y responsables pol\u00edticos. Esta actividad es posible gracias al generoso apoyo de los miembros de nuestro Panel Asesor Industrial. <\/p>\n<p>Juntos, estamos avanzando en la comprensi\u00f3n y mejorando los resultados de una condici\u00f3n que afecta a personas de todo el mundo.<\/p>\n\t<p><strong>Los Prop\u00f3sitos de la Fundaci\u00f3n para el Desgaste Dental Erosivo (Erosive Toothwear Foundation):<\/strong><\/p>\n1. Promover la salud p\u00fablica mediante:<br \/>\na) La sensibilizaci\u00f3n y la mejor\u00eda de la educaci\u00f3n p\u00fablica sobre el Desgaste Dental Erosivo, incluyendo sus causas, prevenci\u00f3n y tratamiento.<br \/>\nb) El apoyo a la investigaci\u00f3n en todos los aspectos del Desgaste Dental Erosivo y el intercambio de hallazgos \u00fatiles en beneficio del p\u00fablico.<br \/>2. Fomentar la educaci\u00f3n p\u00fablica, centrada espec\u00edficamente en el Desgaste Dental Erosivo y en las formas m\u00e1s eficaces de prevenir y manejar esta condici\u00f3n.\n<h2>\n\t\t\tNuestro Equipo\t<\/h2>\n    \n                                                    <img src=\"https:\/\/flagcdn.com\/w40\/gb.png\" alt=\"United Kingdom flag\" loading=\"lazy\" decoding=\"async\" \/>\n                        Dr Rupert Austin\n                        King&#8217;s College London\n                        &#8216;Senior Lecturer&#8217; (Docente cl\u00ednico titular) y Consultor Honorario en Prostodoncia,\nCentro de Ciencias Orales, Cl\u00ednicas y Translacionales,\nFacultad de Odontolog\u00eda, Ciencias Orales y Craneofaciales\n                                                    <img src=\"https:\/\/flagcdn.com\/w40\/gb.png\" alt=\"United Kingdom flag\" loading=\"lazy\" decoding=\"async\" \/>\n                        Profesor David Bartlett\n                        King&#8217;s College London\n                        Jefe de Prostodoncia y Formaci\u00f3n de Posgrado<br \/>Centro de Ciencias Orales, Cl\u00ednicas y Translacionales<br \/>Facultad de Odontolog\u00eda, Ciencias Orales y Craneofaciales\n                                                    <img src=\"https:\/\/flagcdn.com\/w40\/de.png\" alt=\"Germany flag\" loading=\"lazy\" decoding=\"async\" \/>\n                        Ester Hoekstra, M.Sc\n                        Universidad SRH para la Salud\n                        Lecturer, Dental Hygiene\n                                                    <img src=\"https:\/\/flagcdn.com\/w40\/fr.png\" alt=\"France flag\" loading=\"lazy\" decoding=\"async\" \/>\n                        Dra. Olivia K\u00e9rour\u00e9dan\n                        University de Burdeos\n                        Profesora Associada, Departmento de Odontolog\u00eda Restauradora y Endodoncia \n                                                    <img src=\"https:\/\/flagcdn.com\/w40\/ch.png\" alt=\"Switzerland flag\" loading=\"lazy\" decoding=\"async\" \/>\n                        Profesor Adrian Lussi\n                        Universidades de Berna e Innsbruck\n                        Profesor Emerito\n                                                    <img src=\"https:\/\/flagcdn.com\/w40\/gb.png\" alt=\"United Kingdom flag\" loading=\"lazy\" decoding=\"async\" \/>\n                        Ed Martin\n                        Stockdale Martin\n                        Director General\n                                                    <img src=\"https:\/\/flagcdn.com\/w40\/us.png\" alt=\"United States flag\" loading=\"lazy\" decoding=\"async\" \/>\n                        Profesora Rebecca Moazzez\n                        Universidad del Pac\u00edfico\n                        Directora del Departmento de Odontolog\u00eda Preventiva y Restaurativa,\nUniversidad del Pac\u00edfico, Facultad de Odontolog\u00eda Arthur A. Dugoni.\n                                                    <img src=\"https:\/\/flagcdn.com\/w40\/gb.png\" alt=\"United Kingdom flag\" loading=\"lazy\" decoding=\"async\" \/>\n                        Dra. Saoirse O&#8217;Toole\n                        King&#8217;s College London\n                        &#8216;Clinical Lecturer&#8217; (Docente cl\u00ednica), Centro de Ciencias Orales, Cl\u00ednicas y Translacionales\nFacultad de Odontolog\u00eda, Ciencias Orales y Craneofaciales\n                                                    <img src=\"https:\/\/flagcdn.com\/w40\/gb.png\" alt=\"United Kingdom flag\" loading=\"lazy\" decoding=\"async\" \/>\n                        Profesor Nigel Pitts\n                        King&#8217;s College London\n                        Profesor Emeritode Salud Oral e Impacto, Facultad de Odontolog\u00eda, Ciencias Orales &#038; Craniofaciales\n                                                    <img src=\"https:\/\/flagcdn.com\/w40\/us.png\" alt=\"United States flag\" loading=\"lazy\" decoding=\"async\" \/>\n                        Profesor Dom Zero\n                        Universidad de Indiana , E.E.U.U.\n                        Profesor, Departmento de Cariolog\u00eda, Odontolog\u00eda Operatoria y de Salud P\u00fablica Dental\n                                                    <img src=\"https:\/\/flagcdn.com\/w40\/gb.png\" alt=\"United Kingdom flag\" loading=\"lazy\" decoding=\"async\" \/>\n                        Profesor David Bartlett\n                        King&#8217;s College London\n                        Jefe de Prostodoncia y Formaci\u00f3n de Posgrado<br \/><br \/>Centro de Ciencias Orales, Cl\u00ednicas y Translacionales<br \/><br \/>Facultad de Odontolog\u00eda, Ciencias Orales y Craneofaciales\n            \n        &times;\n            <img decoding=\"async\" id=\"modal-image\" src=\"\" alt=\"Member Photo\" \/>\n            <h2 id=\"modal-name\"><\/h2>\n            <h4 id=\"modal-organisation\"><\/h4>\n<h3>\n\t\t\tNuestros patrocinadores industriales\t<\/h3>\n<figure itemscope itemtype=\"https:\/\/schema.org\/ImageObject\">\n\t\t\t\t<a href=\"https:\/\/www.colgate.com\/\"  target=\"_blank\" rel=\"noopener\"  itemprop=\"url\">\n\t\t\t\t<img decoding=\"async\" src=\"https:\/\/www.erosivetoothwear.com\/app\/uploads\/2018\/01\/Colgate-Logo-PNG6.png\" alt=\"a red logo with an arc below indicating a smile\" title=\"Colgate logo\" onerror=\"this.style.display='none'\" loading=\"lazy\" \/>\n\t\t\t\t<\/a>\n\t<\/figure>\n<figure itemscope itemtype=\"https:\/\/schema.org\/ImageObject\">\n\t\t\t\t<a href=\"https:\/\/www.haleon.com\/\"  target=\"_blank\" rel=\"noopener\"  itemprop=\"url\">\n\t\t\t\t<img decoding=\"async\" src=\"https:\/\/www.erosivetoothwear.com\/app\/uploads\/2018\/01\/Haleon-logo-300x78.png\" alt=\"a black logo with a green line making up the centre of the e\" height=\"78\" width=\"300\" title=\"Haleon logo\" onerror=\"this.style.display='none'\" loading=\"lazy\" \/>\n\t\t\t\t<\/a>\n\t<\/figure>\n\n","protected":false},"excerpt":{"rendered":"<p>Sobre la Fundaci\u00f3n de Desgaste Dental Erosivo (Erosive Tooth Wear Foundation) Encuentre informaci\u00f3n sobre nuestra misi\u00f3n y el equipo detr\u00e1s de la fundaci\u00f3n. Sobre la Fundaci\u00f3n Fundada en 2016, la Fundaci\u00f3n de Desgaste Erosivo Dental (Erosive Tooth Wear Foundation) sirve como un foro global \u00fanico que re\u00fane a acad\u00e9micos, cient\u00edficos de la industria y expertos [&hellip;]<\/p>\n","protected":false},"author":1,"featured_media":0,"parent":0,"menu_order":0,"comment_status":"closed","ping_status":"closed","template":"","meta":{"_acf_changed":false,"footnotes":""},"class_list":["post-2719","page","type-page","status-publish","hentry"],"acf":[],"yoast_head":"<!-- This site is optimized with the Yoast SEO plugin v27.4 - https:\/\/yoast.com\/product\/yoast-seo-wordpress\/ -->\n<title>Sobre - Erosive Toothwear<\/title>\n<meta name=\"robots\" content=\"index, follow, max-snippet:-1, max-image-preview:large, max-video-preview:-1\" \/>\n<link rel=\"canonical\" href=\"https:\/\/www.erosivetoothwear.com\/es\/sobre\/\" \/>\n<meta property=\"og:locale\" content=\"es_ES\" \/>\n<meta property=\"og:type\" content=\"article\" \/>\n<meta property=\"og:title\" content=\"Sobre - Erosive Toothwear\" \/>\n<meta property=\"og:description\" content=\"Sobre la Fundaci\u00f3n de Desgaste Dental Erosivo (Erosive Tooth Wear Foundation) Encuentre informaci\u00f3n sobre nuestra misi\u00f3n y el equipo detr\u00e1s de la fundaci\u00f3n. Sobre la Fundaci\u00f3n Fundada en 2016, la Fundaci\u00f3n de Desgaste Erosivo Dental (Erosive Tooth Wear Foundation) sirve como un foro global \u00fanico que re\u00fane a acad\u00e9micos, cient\u00edficos de la industria y expertos [&hellip;]\" \/>\n<meta property=\"og:url\" content=\"https:\/\/www.erosivetoothwear.com\/es\/sobre\/\" \/>\n<meta property=\"og:site_name\" content=\"Erosive Toothwear\" \/>\n<meta property=\"article:modified_time\" content=\"2026-04-07T11:59:24+00:00\" \/>\n<meta property=\"og:image\" content=\"https:\/\/flagcdn.com\/w40\/gb.png\" \/>\n<meta name=\"twitter:card\" content=\"summary_large_image\" \/>\n<meta name=\"twitter:label1\" content=\"Est. reading time\" \/>\n\t<meta name=\"twitter:data1\" content=\"3 minutes\" \/>\n<script type=\"application\/ld+json\" class=\"yoast-schema-graph\">{\"@context\":\"https:\\\/\\\/schema.org\",\"@graph\":[{\"@type\":\"WebPage\",\"@id\":\"https:\\\/\\\/www.erosivetoothwear.com\\\/es\\\/sobre\\\/\",\"url\":\"https:\\\/\\\/www.erosivetoothwear.com\\\/es\\\/sobre\\\/\",\"name\":\"Sobre - Erosive Toothwear\",\"isPartOf\":{\"@id\":\"https:\\\/\\\/www.erosivetoothwear.com\\\/#website\"},\"primaryImageOfPage\":{\"@id\":\"https:\\\/\\\/www.erosivetoothwear.com\\\/es\\\/sobre\\\/#primaryimage\"},\"image\":{\"@id\":\"https:\\\/\\\/www.erosivetoothwear.com\\\/es\\\/sobre\\\/#primaryimage\"},\"thumbnailUrl\":\"https:\\\/\\\/flagcdn.com\\\/w40\\\/gb.png\",\"datePublished\":\"2026-03-03T12:40:22+00:00\",\"dateModified\":\"2026-04-07T11:59:24+00:00\",\"breadcrumb\":{\"@id\":\"https:\\\/\\\/www.erosivetoothwear.com\\\/es\\\/sobre\\\/#breadcrumb\"},\"inLanguage\":\"es-ES\",\"potentialAction\":[{\"@type\":\"ReadAction\",\"target\":[\"https:\\\/\\\/www.erosivetoothwear.com\\\/es\\\/sobre\\\/\"]}]},{\"@type\":\"ImageObject\",\"inLanguage\":\"es-ES\",\"@id\":\"https:\\\/\\\/www.erosivetoothwear.com\\\/es\\\/sobre\\\/#primaryimage\",\"url\":\"https:\\\/\\\/flagcdn.com\\\/w40\\\/gb.png\",\"contentUrl\":\"https:\\\/\\\/flagcdn.com\\\/w40\\\/gb.png\"},{\"@type\":\"BreadcrumbList\",\"@id\":\"https:\\\/\\\/www.erosivetoothwear.com\\\/es\\\/sobre\\\/#breadcrumb\",\"itemListElement\":[{\"@type\":\"ListItem\",\"position\":1,\"name\":\"Home\",\"item\":\"https:\\\/\\\/www.erosivetoothwear.com\\\/es\\\/inicio\\\/\"},{\"@type\":\"ListItem\",\"position\":2,\"name\":\"Sobre\"}]},{\"@type\":\"WebSite\",\"@id\":\"https:\\\/\\\/www.erosivetoothwear.com\\\/#website\",\"url\":\"https:\\\/\\\/www.erosivetoothwear.com\\\/\",\"name\":\"Erosive Toothwear\",\"description\":\"\",\"potentialAction\":[{\"@type\":\"SearchAction\",\"target\":{\"@type\":\"EntryPoint\",\"urlTemplate\":\"https:\\\/\\\/www.erosivetoothwear.com\\\/?s={search_term_string}\"},\"query-input\":{\"@type\":\"PropertyValueSpecification\",\"valueRequired\":true,\"valueName\":\"search_term_string\"}}],\"inLanguage\":\"es-ES\"}]}<\/script>\n<!-- \/ Yoast SEO plugin. -->","yoast_head_json":{"title":"Sobre - Erosive Toothwear","robots":{"index":"index","follow":"follow","max-snippet":"max-snippet:-1","max-image-preview":"max-image-preview:large","max-video-preview":"max-video-preview:-1"},"canonical":"https:\/\/www.erosivetoothwear.com\/es\/sobre\/","og_locale":"es_ES","og_type":"article","og_title":"Sobre - Erosive Toothwear","og_description":"Sobre la Fundaci\u00f3n de Desgaste Dental Erosivo (Erosive Tooth Wear Foundation) Encuentre informaci\u00f3n sobre nuestra misi\u00f3n y el equipo detr\u00e1s de la fundaci\u00f3n. Sobre la Fundaci\u00f3n Fundada en 2016, la Fundaci\u00f3n de Desgaste Erosivo Dental (Erosive Tooth Wear Foundation) sirve como un foro global \u00fanico que re\u00fane a acad\u00e9micos, cient\u00edficos de la industria y expertos [&hellip;]","og_url":"https:\/\/www.erosivetoothwear.com\/es\/sobre\/","og_site_name":"Erosive Toothwear","article_modified_time":"2026-04-07T11:59:24+00:00","og_image":[{"url":"https:\/\/flagcdn.com\/w40\/gb.png","type":"","width":"","height":""}],"twitter_card":"summary_large_image","twitter_misc":{"Est. reading time":"3 minutes"},"schema":{"@context":"https:\/\/schema.org","@graph":[{"@type":"WebPage","@id":"https:\/\/www.erosivetoothwear.com\/es\/sobre\/","url":"https:\/\/www.erosivetoothwear.com\/es\/sobre\/","name":"Sobre - Erosive Toothwear","isPartOf":{"@id":"https:\/\/www.erosivetoothwear.com\/#website"},"primaryImageOfPage":{"@id":"https:\/\/www.erosivetoothwear.com\/es\/sobre\/#primaryimage"},"image":{"@id":"https:\/\/www.erosivetoothwear.com\/es\/sobre\/#primaryimage"},"thumbnailUrl":"https:\/\/flagcdn.com\/w40\/gb.png","datePublished":"2026-03-03T12:40:22+00:00","dateModified":"2026-04-07T11:59:24+00:00","breadcrumb":{"@id":"https:\/\/www.erosivetoothwear.com\/es\/sobre\/#breadcrumb"},"inLanguage":"es-ES","potentialAction":[{"@type":"ReadAction","target":["https:\/\/www.erosivetoothwear.com\/es\/sobre\/"]}]},{"@type":"ImageObject","inLanguage":"es-ES","@id":"https:\/\/www.erosivetoothwear.com\/es\/sobre\/#primaryimage","url":"https:\/\/flagcdn.com\/w40\/gb.png","contentUrl":"https:\/\/flagcdn.com\/w40\/gb.png"},{"@type":"BreadcrumbList","@id":"https:\/\/www.erosivetoothwear.com\/es\/sobre\/#breadcrumb","itemListElement":[{"@type":"ListItem","position":1,"name":"Home","item":"https:\/\/www.erosivetoothwear.com\/es\/inicio\/"},{"@type":"ListItem","position":2,"name":"Sobre"}]},{"@type":"WebSite","@id":"https:\/\/www.erosivetoothwear.com\/#website","url":"https:\/\/www.erosivetoothwear.com\/","name":"Erosive Toothwear","description":"","potentialAction":[{"@type":"SearchAction","target":{"@type":"EntryPoint","urlTemplate":"https:\/\/www.erosivetoothwear.com\/?s={search_term_string}"},"query-input":{"@type":"PropertyValueSpecification","valueRequired":true,"valueName":"search_term_string"}}],"inLanguage":"es-ES"}]}},"_links":{"self":[{"href":"https:\/\/www.erosivetoothwear.com\/es\/wp-json\/wp\/v2\/pages\/2719","targetHints":{"allow":["GET"]}}],"collection":[{"href":"https:\/\/www.erosivetoothwear.com\/es\/wp-json\/wp\/v2\/pages"}],"about":[{"href":"https:\/\/www.erosivetoothwear.com\/es\/wp-json\/wp\/v2\/types\/page"}],"author":[{"embeddable":true,"href":"https:\/\/www.erosivetoothwear.com\/es\/wp-json\/wp\/v2\/users\/1"}],"replies":[{"embeddable":true,"href":"https:\/\/www.erosivetoothwear.com\/es\/wp-json\/wp\/v2\/comments?post=2719"}],"version-history":[{"count":1,"href":"https:\/\/www.erosivetoothwear.com\/es\/wp-json\/wp\/v2\/pages\/2719\/revisions"}],"predecessor-version":[{"id":2872,"href":"https:\/\/www.erosivetoothwear.com\/es\/wp-json\/wp\/v2\/pages\/2719\/revisions\/2872"}],"wp:attachment":[{"href":"https:\/\/www.erosivetoothwear.com\/es\/wp-json\/wp\/v2\/media?parent=2719"}],"curies":[{"name":"wp","href":"https:\/\/api.w.org\/{rel}","templated":true}]}}