{"id":1070,"date":"2018-01-03T17:05:05","date_gmt":"2018-01-03T17:05:05","guid":{"rendered":"https:\/\/www.erosivetoothwear.com\/health-professionals\/"},"modified":"2026-03-04T16:33:12","modified_gmt":"2026-03-04T16:33:12","slug":"health-professionals","status":"publish","type":"page","link":"https:\/\/www.erosivetoothwear.com\/de\/health-professionals\/","title":{"rendered":"Profession"},"content":{"rendered":"\n<h1>\n\t\t\tFachleuteim Gesundheitswesen\t<\/h1>\n\t<p>Wir unterst\u00fctzen Sie &#8211; damit Sie Ihre Patientinnen und Patienten kompetent und effektiv begleiten k\u00f6nnen.<\/p>\n\t<span><span><a href=\"https:\/\/www.erosivetoothwear.com\/de\/home\/\">Home<\/a><\/span><\/span>\n<h2>\n\t\t\t\u00dcberblick\t<\/h2>\n\t<p>Willkommen auf unserer Website f\u00fcr Professionals. S\u00e4urebedingte Zahnerkrankungen sind h\u00e4ufiger als angenommen [1] und sollten Teil jeder klinischen Untersuchung sein. Diese Seiten enthalten Informationen zu dieser Erkrankung sowie Schulungsmaterialien f\u00fcr sie und ihr Team.<\/p>\n<h4>\n\t\t\tSchnellzugriffe\t<\/h4>\n<a href=\"https:\/\/www.erosivetoothwear.com\/de\/bewe\/\"><img decoding=\"async\" src=\"\/wp-content\/uploads\/2018\/01\/quicklinks-icon-elearning.png\" \/><\/a><br \/>\n<a href=\"https:\/\/www.erosivetoothwear.com\/de\/bewe\/\">BEWE<\/a>\nHier k\u00f6nnen sich Zahn\u00e4rzte\/Zahn\u00e4rztinnen und das Praxisteam ebenso wie Angeh\u00f6rige des \u00f6ffentlichen Gesundheitswesens weiterbilden<br \/><br \/><br \/>\n<a href=\"\/knowledge-base?show-advanced=on\"><img decoding=\"async\" src=\"\/wp-content\/uploads\/2018\/01\/quicklinks-icon-knowledgebase.png\" \/><\/a><br \/>\n<a href=\"https:\/\/www.erosivetoothwear.com\/knowledge-base?show-advanced=on\">Zugriff zu unserer Literaturdatenbank<\/a>\nIn der Datenbank finden Sie internationale wissenschaftliche Literatur\n<br \/><br \/><br \/>\n<a href=\"\/health-professionals\/bewe-software-patch\"><img decoding=\"async\" src=\"\/wp-content\/uploads\/2019\/04\/etwf-download-icon.png\" \/><\/a><br \/>\n<a href=\"\/wp-content\/uploads\/2021\/02\/Periodontal-and-Wear-Index-for-SOE.csv\">Laden Sie das BEWE herunte<\/a>\nSoftware-Patch zur Erfassung von BEWE-Informationen f\u00fcr Anwender der Software of Excellence-Tools im Vereinigten K\u00f6nigreich\n<br \/><br \/><br \/>\n<h2>\n\t\t\tETWF Updates\t<\/h2>\n\t<p>Treten Sie unserer LinkedIn-Community bei, um mit f\u00fchrenden Experten in Kontakt zu treten, Ihre Erfahrungen auszutauschen und \u00fcber die neuesten Forschungsergebnisse und L\u00f6sungen f\u00fcr eine bessere Mundgesundheit auf dem informiert zu bleiben.<\/p>\n\t\t\t<a href=\"https:\/\/www.linkedin.com\/company\/erosive-tooth-wear-foundation\" target=\"_blank\" rel=\"noopener\">\n\t\t\t\t\t\t\tFolgen sie uns auf Linkedin\n\t\t\t<\/a>\n\t<!-- Elfsight LinkedIn Feed | Erosive Toothwear Linkedin --><br \/><br \/>\n<h2>\n\t\t\tS\u00e4urebedingten Zahnhartsubstanzverlust\t<\/h2>\n\t\t\t<a href=\"#para1\" target=\"_self\">\n\t\t\t\t\t\t\tWas versteht man unter s\u00e4urebedingten Zahnhartsubstanzverlusten?\n\t\t\t\t\t<\/a>\n\t\t\t<a href=\"#para2\" target=\"_self\">\n\t\t\t\t\t\t\tVisuelle Anzeichen\n\t\t\t\t\t<\/a>\n\t\t\t<a href=\"#para3\" target=\"_self\">\n\t\t\t\t\t\t\tVerteilung\n\t\t\t\t\t<\/a>\n\t\t\t<a href=\"#para4\" target=\"_self\">\n\t\t\t\t\t\t\tEpidemiologie\n\t\t\t\t\t<\/a>\n\t\t\t<a href=\"#para5\" target=\"_self\">\n\t\t\t\t\t\t\tRisikofaktoren\n\t\t\t\t\t<\/a>\n\t\t\t<a href=\"#para6\" target=\"_self\">\n\t\t\t\t\t\t\tPr\u00e4vention und Behandlung\n\t\t\t\t\t<\/a>\n<h2  id=\"para1\">\n\t\t\tWas versteht man unter s\u00e4urebedingten Zahnhartsubstanzverlusten?\t<\/h2>\n\t<p>S\u00e4urebedingter Zahnhartsubstanzverlust ist ein Begriff, der die Effekte von chemischen (S\u00e4uren) und physischen (z.B. Z\u00e4hneputzen oder Kauen) Faktoren auf die Zahnhartsubstanzen beschreibt. In der Mundh\u00f6hle treten diese Faktoren nicht allein auf, sondern wirken in vielf\u00e4ltiger Weise und je nach Lebensalter und -gewohnheiten in unterschiedlicher Gewichtung auf die Zahnhartsubstanzen ein. Oftmals steht jedoch ein Faktor im Vordergrund, so dass sich klinisch unterscheidbare Arten von Defekten ausbilden k\u00f6nnen. Steht die S\u00e4ureeinwirkung im Vordergrund, sprechen wir von Erosionen oder s\u00e4urebedingtem Zahnhartsubstanzverlust. Diese S\u00e4ureeinwirkungen k\u00f6nnen aus der Nahrung, dem Mageninhalt oder, seltener, aus dem beruflichen Umfeld stammen. Unter Attrition versteht man Zahnhartsubstanzverluste, die durch Zahn-zu-Zahnkontakt entstehen. Abrasionen sind mechanisch bedingte Defekte, die durch die Einwirkung von Abrasivstoffen entstehen, etwa aus Zahnpasten.<\/p>\n<p>Durch S\u00e4ureeinwirkungen kann die Mikroh\u00e4rte der Zahnoberfl\u00e4che verringert werden, in diesem Falle k\u00f6nnen die Effekte physischer Faktoren verst\u00e4rkt werden. Der Kalzium- und Phosphatgehalt des Speichels und das Pellikel sind protektive Faktoren, die die\u00a0Demineralisation der Zahnoberfl\u00e4che verhindern, zumindest aber verringern k\u00f6nnen. Speichel kann eine erodierte Zahnoberfl\u00e4che in der Regel nicht wieder remineralisieren, da bestimmte Proteine das Ausfallen von Mineralsalzen auf plaquefreien Zahnoberfl\u00e4chen verhindern.<\/p>\n<p>Anhaltende oder wiederholte S\u00e4ureeinwirkungen \u00fcberfordern die Schutzfunktionen der Mundh\u00f6hleund k\u00f6nnen zu einem irreversiblen Verlust von mineralisiertem Gewebe kommen.<\/p>\n<p>Fr\u00fche Anzeichen f\u00fcr Erosionen ist der Verlust der optischen Eigenschaften der Zahnoberfl\u00e4che, im initialen Studium sind erosiveDemineralisationen jedoch schwierig zu diagnostizieren. Mit der Zeit kann sich die typische Oberfl\u00e4chenstruktur der Zahnkrone ver\u00e4ndern. Dies reicht vom Verlust der Perikymatien bis hin zu kleineren konkaven Defekten. Sp\u00e4ter kann k\u00f6nnen sich schwere Substanzverluste ausbilden.<\/p>\n<h2  id=\"para2\">\n\t\t\tVisuelle Anzeichen\t<\/h2>\n\t<h4>Frontz\u00e4hne<\/h4>\n\t<p>Bei zunehmender Progression sind die klinischen Zeichen von s\u00e4urebedingten Zahnhartsubstanzverlusten leichter zu erkennen; die Zahnkrone kann in H\u00f6he und Breite reduziert sein und die Schneidekante kann im mit der Zeit durchscheinend werden.<br \/>Solche d\u00fcnnen Schneidekanten k\u00f6nnen frakturieren, dadurch verk\u00fcrzen sich die Z\u00e4hne. Dies ist, was sowohl vom Patientinnen und Patienten als auch vom zahnmedizinischen Fachpersonal bemerkt wird.<\/p>\n<p>Wenn der Zahnschmelz d\u00fcnner wird oder das Dentin freiliegt, erscheinen die Z\u00e4hne gelblicher.<\/p>\n\t<h4>Seitenz\u00e4hne<\/h4>\n\t<p>Die ersten Anzeichen sind meistens auf der Okklusalfl\u00e4che der unteren ersten Molaren zu sehen. Der mesio-bukkale H\u00f6cker ist oft zuerst betroffen, dort kann bereits fr\u00fch Dentin freiliegen.<\/p>\n<p>Diese dellenf\u00f6rmigen L\u00e4sionen auf den H\u00f6ckerspitzen k\u00f6nnen sich mit der Zeit vergr\u00f6\u00dfern, bis schlie\u00dflich das gesamte okklusale Relief zerst\u00f6rt ist. Geht der Substanzverlust weiter, kann es zum Verlust der Kronenh\u00f6he und schlie\u00dflich auch der Bissh\u00f6he insgesamt kommen.<\/p>\n<p>Diese Ver\u00e4nderungen der Seitenz\u00e4hne werden von den Patienten\/den Patientinnen oft erst sp\u00e4t bemerkt, hier kommt dem Praxisteam eine besondere Verantwortung zu.<\/p>\n<h2  id=\"para3\">\n\t\t\tVerteilung\t<\/h2>\n\t<p>Die oberen Frontz\u00e4hne und die unteren ersten Molaren sind besonders h\u00e4ufig von Erosionen betroffen. Warum das so ist, ist bislang ungekl\u00e4rt, vielleicht spielt einfach eine Rolle, dass diese Z\u00e4hne die ersten sind, die in die Mundh\u00f6hle durchbrechen. Wenn die S\u00e4ureeinwirkungen sehr anhaltend und sehr ausgepr\u00e4gt sind, werden auch andere Zahngruppen betroffen. Mit zunehmendem Alter kumulieren Zahnhartsubstanzverluste verschiedenster Genese, so dass schlie\u00dflich mehr oder weniger alle Z\u00e4hne Zeichen von Zahnhartsubstanzverlusten aufweisen.<\/p>\n<h2  id=\"para4\">\n\t\t\tEpidemiologie\t<\/h2>\n\t<p>S\u00e4urebedingte Zahnhartsubstanzverluste sind weit verbreitet. Eine Studie in sieben europ\u00e4ischen L\u00e4ndern hat gezeigt, dass etwa 30 % der Erwachsenen klinisch sichtbare L\u00e4sionen (BEWE Grad 2 oder 3) hatten. Auf globaler Ebene schwanken die Angaben zur Pr\u00e4valenz, auch aufgrund unterschiedlicher Untersuchungsmethoden. Allgemein zeichnet sich aber ab, dass s\u00e4urebedingte Zahnhartsubstanzverluste weltweit ein klinisches Problem sind.<\/p>\n<p>Die BEWE (siehe auch unsere E-Learning-Module) wird inzwischen weltweit verwendet, was den Vergleich von internationalen Daten erm\u00f6glicht. Er ist aber auch ein einfaches Screening-Instrument f\u00fcr die t\u00e4gliche Praxis.<\/p>\n<p>Der Index unterscheidet nur 4 Grade: Grad 0 bedeutet kein Anzeichen von Erosionen, Grad 1 bezeichnet initiale Erosionen, meist auf den Schmelz beschr\u00e4nkt (oftmals schwierig zu diagnostizieren), bei Grad 2 sind weniger als 50 % einer Zahnfl\u00e4che betroffen, es sind klinisch leicht diagnostizierbare L\u00e4sionen vorhanden und Dentin kann freigelegt sein, und schlie\u00dflich Grad 3, hier sind mehr als 50 % der Zahnfl\u00e4che betroffen und die L\u00e4sionen sind ausgepr\u00e4gt.<\/p>\n<h2  id=\"para5\">\n\t\t\tRisikofaktoren\t<\/h2>\n\t<p>Ein Risikofaktor f\u00fcr Erosionen ist der h\u00e4ufige Verzehr von s\u00e4urehaltigen Getr\u00e4nken und Nahrungsmitteln.<\/p>\n<p>Eine Reihe von Getr\u00e4nken und einige Lebensmittel k\u00f6nnen zu s\u00e4urebedingten Zahnhartsubstanzverlusten beitragen, aber auch die H\u00e4ufigkeit des Konsums ist von Bedeutung.<\/p>\n\t\t\t\t<img decoding=\"async\" src=\"https:\/\/www.erosivetoothwear.com\/app\/uploads\/2021\/01\/GettyImages-1047577568.jpg\" alt=\"GettyImages-1047577568\" itemprop=\"image\" height=\"1367\" width=\"2048\" title=\"GettyImages-1047577568\" onerror=\"this.style.display='none'\" loading='lazy' \/>\n\t<p>Obst<\/p>\n\t\t\t\t<img decoding=\"async\" src=\"https:\/\/www.erosivetoothwear.com\/app\/uploads\/2021\/01\/GettyImages-1194152250.jpg\" alt=\"GettyImages-1194152250\" itemprop=\"image\" height=\"1365\" width=\"2048\" title=\"GettyImages-1194152250\" onerror=\"this.style.display='none'\" loading='lazy' \/>\n\t<p>Fruchts\u00e4fte<\/p>\n\t\t\t\t<img decoding=\"async\" src=\"https:\/\/www.erosivetoothwear.com\/app\/uploads\/2021\/01\/GettyImages-511480744.jpg\" alt=\"GettyImages-511480744\" itemprop=\"image\" height=\"1367\" width=\"2048\" title=\"GettyImages-511480744\" onerror=\"this.style.display='none'\" loading='lazy' \/>\n\t<p>Kohlens\u00e4urehaltige Erfrischungsgetr\u00e4nke<\/p>\n\t\t\t\t<img decoding=\"async\" src=\"https:\/\/www.erosivetoothwear.com\/app\/uploads\/2020\/09\/GettyImages-1153070093.jpg\" alt=\"Rossini alcoholic cocktail with Italian sparkling wine, strawberry puree and ice in champagne glasses, place for text, selective focus\" itemprop=\"image\" height=\"1365\" width=\"2048\" title=\"Rossini alcoholic cocktail with Italian sparkling wine, strawberry puree and ice in champagne glasses, place for text, selective focus\" onerror=\"this.style.display='none'\" loading='lazy' \/>\n\t<p>S\u00e4urehaltige alkoholische Getr\u00e4nke<\/p>\n\t\t\t\t<img decoding=\"async\" src=\"https:\/\/www.erosivetoothwear.com\/app\/uploads\/2020\/09\/GettyImages-sweets-copy-3.jpg\" alt=\"Mixed colorful fruit bonbon close up\" itemprop=\"image\" height=\"1352\" width=\"2048\" title=\"Mixed colorful fruit bonbon\" onerror=\"this.style.display='none'\" loading='lazy' \/>\n\t<p>Saure S\u00fc\u00dfigkeiten<\/p>\n\t\t\t\t<img decoding=\"async\" src=\"https:\/\/www.erosivetoothwear.com\/app\/uploads\/2020\/09\/GettyImages-1170221330-cucumber-copy-3-e1601497515197.jpg\" alt=\"Fermented or canning cucumbers in a glass jar on a table a light background. Processing of the autumn harvest. Natural rustic style. Copy space. Canned food\" itemprop=\"image\" height=\"1351\" width=\"2048\" title=\"Fermented or canning cucumbers in glass jar on table a light background. Processing of the autumn harvest. Canned food\" onerror=\"this.style.display='none'\" loading='lazy' \/>\n\t<p>Andere saure Lebensmittel<\/p>\n\t<p>Andere Ursachen k\u00f6nnen sein:<\/p>\n\t\t\t\t\t<a href=\"#\"  id=\"fl-accordion--label-0\" tabindex=\"0\" aria-controls=\"fl-accordion--panel-0\">Einige Medikamente\/Nahrungserg\u00e4nzungsmittel (selten)<\/a>\n\t\t\t\t\t\t\t\t\t\t\t<a href=\"#\" id=\"fl-accordion--icon-0\"  tabindex=\"0\"><i title=\"Expand\">Expand<\/i><\/a>\n\t\t\t\t\t<p>Kautabletten mit Vitamin C, Aspirin, einige Eisenpr\u00e4parate<\/p>\n<p>Manche Medikamente k\u00f6nnen die Speichelsekretion beeinflussen und Mundtrockenheit verursachen. Speichel hat vielf\u00e4ltige Funktionen f\u00fcr die Aufrechterhaltung der Mundgesundheit. Daher kann ein verminderter Speichelfluss verschiedene Erkrankungen der Mundh\u00f6hle verursachen. Lesen Sie mehr \u00fcber Speichel und Zahngesundheit<\/p>\n\t\t\t\t\t<a href=\"#\"  id=\"fl-accordion--label-1\" tabindex=\"0\" aria-controls=\"fl-accordion--panel-1\">Reflux und Erbrechen<\/a>\n\t\t\t\t\t\t\t\t\t\t\t<a href=\"#\" id=\"fl-accordion--icon-1\"  tabindex=\"0\"><i title=\"Expand\">Expand<\/i><\/a>\n\t\t\t\t\t<p>S\u00e4ure kann auch aus dem Magen in die Mundh\u00f6hle gelangen. Refluxerkrankungen k\u00f6nnen beispielsweise Ursache f\u00fcr s\u00e4urebedingte Zahnhartsubstanzverluste sein. Patienten mit Symptomen von chronischem Reflux sollten daher einen (Zahn)Arzt\/eine (Zahn)\u00c4rztin aufsuchen.<\/p>\n<p>H\u00e4ufiges Erbrechen kann ebenfalls dazu f\u00fchren, dass Mageninhalt auf die Z\u00e4hne einwirkt. Patienten sollten auch in diesem Falle einen (Zahn)Arzt\/eine (Zahn)\u00c4rztin aufsuchen.<\/p>\n\t\t\t\t\t<a href=\"#\"  id=\"fl-accordion--label-2\" tabindex=\"0\" aria-controls=\"fl-accordion--panel-2\">Erosionen und Lebensalter<\/a>\n\t\t\t\t\t\t\t\t\t\t\t<a href=\"#\" id=\"fl-accordion--icon-2\"  tabindex=\"0\"><i title=\"Expand\">Expand<\/i><\/a>\n\t\t\t\t\t<p>S\u00e4urebedingte Zahnhartsubstanzverluste sind nicht reversibel und addieren sich daher \u00fcber die Lebensspanne auf. Daher ist es wichtig, dieser Form des Zahnhartsubstanzverlusts schon bei jungen Patienten\/Patientinnen Aufmerksamkeit zu schenken und rechtzeitig pr\u00e4ventive Ma\u00dfnahmen einzuleiten.<\/p>\n<h2  id=\"para6\">\n\t\t\tPr\u00e4vention und Behandlung\t<\/h2>\n\t<ul>\n<li>Zahnpasten und Mundsp\u00fcll\u00f6sungen (weitere Informationen finden Sie in der Literaturdatenbank) mit verschiedenen Fluoridverbindungen wie z.B. Natrium- oder Zinnfluorid.<\/li>\n<li>Zahnpasten f\u00fcr Erwachsene (in Europa) enthalten bis zu 1450 ppm Fluorid, Mundsp\u00fcll\u00f6sungen etwa 200-450 ppm Fluorid<\/li>\n<li>speziell gegen Erosionen formulierte Produkte k\u00f6nnen das Risiko von s\u00e4urebedingten Zahnhartsubstanzverlusten verringern<\/li>\n<li>Ern\u00e4hrungsberatung: s\u00e4urehaltige Lebensmittel und Getr\u00e4nke sollten bestm\u00f6glich vermieden werden<\/li>\n<\/ul>\n<p>Wenn die Zahnhartsubstanzverluste bereits fortgeschritten sind, k\u00f6nnen restaurative Ma\u00dfnahmen erforderlich sein. Bei ausgepr\u00e4gten Defekten kann eine Restauration mit Kompositen oder sp\u00e4ter mit Kronen erforderlich sein.<br \/>Suchen Sie nach Informationen f\u00fcr Ihre Patienten? Besuchen Sie unsere Patientenseite<\/p>\n<h2>\n\t\t\tVideothek\t<\/h2>\n    <a href=\"www.youtube.com\/embed\/OYSOmj1BN7c?\"><\/a>\nWelcher Prozess liegt s\u00e4urebedingten Zahnhartsubstanzverlusten zugrunde?\n    <a href=\"whttps:\/\/www.youtube.com\/embed\/3usMR81gsYA?\"><\/a>\nWelcher Prozess liegt s\u00e4urebedingten Zahnhartsubstanzverlusten zugrunde?\n    <a href=\"https:\/\/www.youtube.com\/watch?v=P6DrAktdShg\"><\/a>\nWas kann ich tun, um dem vorzubeugen?\n\t\t<h3>Suchen sie weitere informationen f\u00fcr ihre Patienten?<\/h3>\n\t\t<p>Unsere Seite f\u00fcr Patientinnen und Patienten soll dabei helfen, verst\u00e4ndlich zu erkl\u00e4ren, was s\u00e4urebedingte Zahnhartsubstanzerkrankungen sind und welche Folgen sie haben k\u00f6nnen &#8211; ganz ohne komplizierte Fachsprache.<\/p>\n\t\t\t<a href=\"\" target=\"_self\">\n\t\t\t\t\t\t\tBesuchen Sie unsere Patientenseite\n\t\t\t<\/a>\n\n","protected":false},"excerpt":{"rendered":"<p>Fachleuteim Gesundheitswesen Wir unterst\u00fctzen Sie &#8211; damit Sie Ihre Patientinnen und Patienten kompetent und effektiv begleiten k\u00f6nnen. \u00dcberblick Willkommen auf unserer Website f\u00fcr Professionals. S\u00e4urebedingte Zahnerkrankungen sind h\u00e4ufiger als angenommen [1] und sollten Teil jeder klinischen Untersuchung sein. Diese Seiten enthalten Informationen zu dieser Erkrankung sowie Schulungsmaterialien f\u00fcr sie und ihr Team. Schnellzugriffe BEWE Hier [&hellip;]<\/p>\n","protected":false},"author":1,"featured_media":0,"parent":0,"menu_order":0,"comment_status":"closed","ping_status":"closed","template":"","meta":{"_acf_changed":false,"footnotes":""},"class_list":["post-1070","page","type-page","status-publish","hentry"],"acf":[],"yoast_head":"<!-- This site is optimized with the Yoast SEO plugin v27.4 - https:\/\/yoast.com\/product\/yoast-seo-wordpress\/ -->\n<title>Profession - Erosive Toothwear<\/title>\n<meta name=\"robots\" content=\"index, follow, max-snippet:-1, max-image-preview:large, max-video-preview:-1\" \/>\n<link rel=\"canonical\" href=\"https:\/\/www.erosivetoothwear.com\/de\/health-professionals\/\" \/>\n<meta property=\"og:locale\" content=\"de_DE\" \/>\n<meta property=\"og:type\" content=\"article\" \/>\n<meta property=\"og:title\" content=\"Profession - Erosive Toothwear\" \/>\n<meta property=\"og:description\" content=\"Fachleuteim Gesundheitswesen Wir unterst\u00fctzen Sie &#8211; damit Sie Ihre Patientinnen und Patienten kompetent und effektiv begleiten k\u00f6nnen. \u00dcberblick Willkommen auf unserer Website f\u00fcr Professionals. S\u00e4urebedingte Zahnerkrankungen sind h\u00e4ufiger als angenommen [1] und sollten Teil jeder klinischen Untersuchung sein. Diese Seiten enthalten Informationen zu dieser Erkrankung sowie Schulungsmaterialien f\u00fcr sie und ihr Team. Schnellzugriffe BEWE Hier [&hellip;]\" \/>\n<meta property=\"og:url\" content=\"https:\/\/www.erosivetoothwear.com\/de\/health-professionals\/\" \/>\n<meta property=\"og:site_name\" content=\"Erosive Toothwear\" \/>\n<meta property=\"article:modified_time\" content=\"2026-03-04T16:33:12+00:00\" \/>\n<meta property=\"og:image\" content=\"https:\/\/www.erosivetoothwear.com\/app\/uploads\/2021\/01\/GettyImages-1047577568.jpg\" \/>\n<meta name=\"twitter:card\" content=\"summary_large_image\" \/>\n<meta name=\"twitter:label1\" content=\"Est. reading time\" \/>\n\t<meta name=\"twitter:data1\" content=\"6 minutes\" \/>\n<script type=\"application\/ld+json\" class=\"yoast-schema-graph\">{\"@context\":\"https:\\\/\\\/schema.org\",\"@graph\":[{\"@type\":\"WebPage\",\"@id\":\"https:\\\/\\\/www.erosivetoothwear.com\\\/de\\\/health-professionals\\\/\",\"url\":\"https:\\\/\\\/www.erosivetoothwear.com\\\/de\\\/health-professionals\\\/\",\"name\":\"Profession - Erosive Toothwear\",\"isPartOf\":{\"@id\":\"https:\\\/\\\/www.erosivetoothwear.com\\\/#website\"},\"primaryImageOfPage\":{\"@id\":\"https:\\\/\\\/www.erosivetoothwear.com\\\/de\\\/health-professionals\\\/#primaryimage\"},\"image\":{\"@id\":\"https:\\\/\\\/www.erosivetoothwear.com\\\/de\\\/health-professionals\\\/#primaryimage\"},\"thumbnailUrl\":\"https:\\\/\\\/www.erosivetoothwear.com\\\/app\\\/uploads\\\/2021\\\/01\\\/GettyImages-1047577568.jpg\",\"datePublished\":\"2018-01-03T17:05:05+00:00\",\"dateModified\":\"2026-03-04T16:33:12+00:00\",\"breadcrumb\":{\"@id\":\"https:\\\/\\\/www.erosivetoothwear.com\\\/de\\\/health-professionals\\\/#breadcrumb\"},\"inLanguage\":\"de-DE\",\"potentialAction\":[{\"@type\":\"ReadAction\",\"target\":[\"https:\\\/\\\/www.erosivetoothwear.com\\\/de\\\/health-professionals\\\/\"]}]},{\"@type\":\"ImageObject\",\"inLanguage\":\"de-DE\",\"@id\":\"https:\\\/\\\/www.erosivetoothwear.com\\\/de\\\/health-professionals\\\/#primaryimage\",\"url\":\"https:\\\/\\\/www.erosivetoothwear.com\\\/app\\\/uploads\\\/2021\\\/01\\\/GettyImages-1047577568.jpg\",\"contentUrl\":\"https:\\\/\\\/www.erosivetoothwear.com\\\/app\\\/uploads\\\/2021\\\/01\\\/GettyImages-1047577568.jpg\"},{\"@type\":\"BreadcrumbList\",\"@id\":\"https:\\\/\\\/www.erosivetoothwear.com\\\/de\\\/health-professionals\\\/#breadcrumb\",\"itemListElement\":[{\"@type\":\"ListItem\",\"position\":1,\"name\":\"Home\",\"item\":\"https:\\\/\\\/www.erosivetoothwear.com\\\/de\\\/home\\\/\"},{\"@type\":\"ListItem\",\"position\":2,\"name\":\"Profession\"}]},{\"@type\":\"WebSite\",\"@id\":\"https:\\\/\\\/www.erosivetoothwear.com\\\/#website\",\"url\":\"https:\\\/\\\/www.erosivetoothwear.com\\\/\",\"name\":\"Erosive Toothwear\",\"description\":\"\",\"potentialAction\":[{\"@type\":\"SearchAction\",\"target\":{\"@type\":\"EntryPoint\",\"urlTemplate\":\"https:\\\/\\\/www.erosivetoothwear.com\\\/?s={search_term_string}\"},\"query-input\":{\"@type\":\"PropertyValueSpecification\",\"valueRequired\":true,\"valueName\":\"search_term_string\"}}],\"inLanguage\":\"de-DE\"}]}<\/script>\n<!-- \/ Yoast SEO plugin. -->","yoast_head_json":{"title":"Profession - Erosive Toothwear","robots":{"index":"index","follow":"follow","max-snippet":"max-snippet:-1","max-image-preview":"max-image-preview:large","max-video-preview":"max-video-preview:-1"},"canonical":"https:\/\/www.erosivetoothwear.com\/de\/health-professionals\/","og_locale":"de_DE","og_type":"article","og_title":"Profession - Erosive Toothwear","og_description":"Fachleuteim Gesundheitswesen Wir unterst\u00fctzen Sie &#8211; damit Sie Ihre Patientinnen und Patienten kompetent und effektiv begleiten k\u00f6nnen. \u00dcberblick Willkommen auf unserer Website f\u00fcr Professionals. S\u00e4urebedingte Zahnerkrankungen sind h\u00e4ufiger als angenommen [1] und sollten Teil jeder klinischen Untersuchung sein. Diese Seiten enthalten Informationen zu dieser Erkrankung sowie Schulungsmaterialien f\u00fcr sie und ihr Team. Schnellzugriffe BEWE Hier [&hellip;]","og_url":"https:\/\/www.erosivetoothwear.com\/de\/health-professionals\/","og_site_name":"Erosive Toothwear","article_modified_time":"2026-03-04T16:33:12+00:00","og_image":[{"url":"https:\/\/www.erosivetoothwear.com\/app\/uploads\/2021\/01\/GettyImages-1047577568.jpg","type":"","width":"","height":""}],"twitter_card":"summary_large_image","twitter_misc":{"Est. reading time":"6 minutes"},"schema":{"@context":"https:\/\/schema.org","@graph":[{"@type":"WebPage","@id":"https:\/\/www.erosivetoothwear.com\/de\/health-professionals\/","url":"https:\/\/www.erosivetoothwear.com\/de\/health-professionals\/","name":"Profession - Erosive Toothwear","isPartOf":{"@id":"https:\/\/www.erosivetoothwear.com\/#website"},"primaryImageOfPage":{"@id":"https:\/\/www.erosivetoothwear.com\/de\/health-professionals\/#primaryimage"},"image":{"@id":"https:\/\/www.erosivetoothwear.com\/de\/health-professionals\/#primaryimage"},"thumbnailUrl":"https:\/\/www.erosivetoothwear.com\/app\/uploads\/2021\/01\/GettyImages-1047577568.jpg","datePublished":"2018-01-03T17:05:05+00:00","dateModified":"2026-03-04T16:33:12+00:00","breadcrumb":{"@id":"https:\/\/www.erosivetoothwear.com\/de\/health-professionals\/#breadcrumb"},"inLanguage":"de-DE","potentialAction":[{"@type":"ReadAction","target":["https:\/\/www.erosivetoothwear.com\/de\/health-professionals\/"]}]},{"@type":"ImageObject","inLanguage":"de-DE","@id":"https:\/\/www.erosivetoothwear.com\/de\/health-professionals\/#primaryimage","url":"https:\/\/www.erosivetoothwear.com\/app\/uploads\/2021\/01\/GettyImages-1047577568.jpg","contentUrl":"https:\/\/www.erosivetoothwear.com\/app\/uploads\/2021\/01\/GettyImages-1047577568.jpg"},{"@type":"BreadcrumbList","@id":"https:\/\/www.erosivetoothwear.com\/de\/health-professionals\/#breadcrumb","itemListElement":[{"@type":"ListItem","position":1,"name":"Home","item":"https:\/\/www.erosivetoothwear.com\/de\/home\/"},{"@type":"ListItem","position":2,"name":"Profession"}]},{"@type":"WebSite","@id":"https:\/\/www.erosivetoothwear.com\/#website","url":"https:\/\/www.erosivetoothwear.com\/","name":"Erosive Toothwear","description":"","potentialAction":[{"@type":"SearchAction","target":{"@type":"EntryPoint","urlTemplate":"https:\/\/www.erosivetoothwear.com\/?s={search_term_string}"},"query-input":{"@type":"PropertyValueSpecification","valueRequired":true,"valueName":"search_term_string"}}],"inLanguage":"de-DE"}]}},"_links":{"self":[{"href":"https:\/\/www.erosivetoothwear.com\/de\/wp-json\/wp\/v2\/pages\/1070","targetHints":{"allow":["GET"]}}],"collection":[{"href":"https:\/\/www.erosivetoothwear.com\/de\/wp-json\/wp\/v2\/pages"}],"about":[{"href":"https:\/\/www.erosivetoothwear.com\/de\/wp-json\/wp\/v2\/types\/page"}],"author":[{"embeddable":true,"href":"https:\/\/www.erosivetoothwear.com\/de\/wp-json\/wp\/v2\/users\/1"}],"replies":[{"embeddable":true,"href":"https:\/\/www.erosivetoothwear.com\/de\/wp-json\/wp\/v2\/comments?post=1070"}],"version-history":[{"count":28,"href":"https:\/\/www.erosivetoothwear.com\/de\/wp-json\/wp\/v2\/pages\/1070\/revisions"}],"predecessor-version":[{"id":2768,"href":"https:\/\/www.erosivetoothwear.com\/de\/wp-json\/wp\/v2\/pages\/1070\/revisions\/2768"}],"wp:attachment":[{"href":"https:\/\/www.erosivetoothwear.com\/de\/wp-json\/wp\/v2\/media?parent=1070"}],"curies":[{"name":"wp","href":"https:\/\/api.w.org\/{rel}","templated":true}]}}