{"id":1039,"date":"2021-10-15T07:39:19","date_gmt":"2021-10-15T06:39:19","guid":{"rendered":"https:\/\/www.erosivetoothwear.com\/home\/"},"modified":"2026-03-05T14:00:13","modified_gmt":"2026-03-05T14:00:13","slug":"home","status":"publish","type":"page","link":"https:\/\/www.erosivetoothwear.com\/de\/","title":{"rendered":"Startseite"},"content":{"rendered":"\n<h1>\n\t\t\tGesunder Zahnschmelz &#8211; ein Leben lang\t<\/h1>\n<h2>\n\t\t\tIhr Weg beginnt hier\t<\/h2>\n<ul>\n \t<li><img decoding=\"async\" src=\"\/app\/uploads\/2017\/12\/treatment.png\" alt=\"Patienten\" height=\"75\" \/>\n<a href=\"https:\/\/www.erosivetoothwear.com\/de\/patients\/\">Patienten<\/a><\/li>\n \t<li><img decoding=\"async\" src=\"\/app\/uploads\/2018\/01\/selector-icon-healthcare.png\" alt=\"health-professionals\" height=\"75\" \/>\n<a href=\"https:\/\/www.erosivetoothwear.com\/de\/health-professionals\/\">Profession<\/a><\/li>\n<\/ul>\n<br \/>\n<h3>\n\t\t\tS\u00e4urebedingte Zahnhartsubstanzverluste: Die Grundlagen\t<\/h3>\n<a href=\"https:\/\/www.youtube.com\/watch?v=mDDsEBJuN38\">\nWas versteht man unter s\u00e4urebedingten Zahnhartsubstanzverlusten?\n<\/a>\n<a href=\"https:\/\/www.youtube.com\/watch?v=u4JniKPF88Y\">\nWie sehen S\u00e4urebedingte Zahnhartsubstanzverluste aus?\n<\/a>\n<a href=\"https:\/\/www.youtube.com\/watch?v=P6DrAktdShg\">\nWas kann man zur Vorbeugung tun?\n<\/a>\n<h3>\n\t\t\tUnsere Branchenunterst\u00fctzer\t<\/h3>\n<figure itemscope itemtype=\"https:\/\/schema.org\/ImageObject\">\n\t\t\t\t<a href=\"https:\/\/www.colgate.com\/\"  target=\"_blank\" rel=\"noopener\"  itemprop=\"url\">\n\t\t\t\t<img decoding=\"async\" src=\"https:\/\/www.erosivetoothwear.com\/app\/uploads\/2018\/01\/Colgate-Logo-PNG6.png\" alt=\"a red logo with an arc below indicating a smile\" title=\"Colgate-Logo-PNG6\" onerror=\"this.style.display='none'\" loading=\"lazy\" \/>\n\t\t\t\t<\/a>\n\t<\/figure>\n<figure itemscope itemtype=\"https:\/\/schema.org\/ImageObject\">\n\t\t\t\t<a href=\"https:\/\/www.haleon.com\/\"  target=\"_blank\" rel=\"noopener\"  itemprop=\"url\">\n\t\t\t\t<img decoding=\"async\" src=\"https:\/\/www.erosivetoothwear.com\/app\/uploads\/2018\/01\/Haleon-logo-300x78.png\" alt=\"Haleon logo\" height=\"78\" width=\"300\" title=\"Haleon logo\" onerror=\"this.style.display='none'\" loading=\"lazy\" \/>\n\t\t\t\t<\/a>\n\t<\/figure>\n\n","protected":false},"excerpt":{"rendered":"<p>Gesunder Zahnschmelz &#8211; ein Leben lang Ihr Weg beginnt hier Patienten Profession S\u00e4urebedingte Zahnhartsubstanzverluste: Die Grundlagen Was versteht man unter s\u00e4urebedingten Zahnhartsubstanzverlusten? Wie sehen S\u00e4urebedingte Zahnhartsubstanzverluste aus? Was kann man zur Vorbeugung tun? Unsere Branchenunterst\u00fctzer<\/p>\n","protected":false},"author":1,"featured_media":0,"parent":0,"menu_order":0,"comment_status":"closed","ping_status":"closed","template":"","meta":{"_acf_changed":false,"footnotes":""},"class_list":["post-1039","page","type-page","status-publish","hentry"],"acf":[],"yoast_head":"<!-- This site is optimized with the Yoast SEO plugin v27.4 - https:\/\/yoast.com\/product\/yoast-seo-wordpress\/ -->\n<title>The Erosive Tooth Wear Foundation<\/title>\n<meta name=\"description\" content=\"Understand what erosive tooth wear is, what happens to your teeth, how it might develop and how to stop it.\" \/>\n<meta name=\"robots\" content=\"index, follow, max-snippet:-1, max-image-preview:large, max-video-preview:-1\" \/>\n<link rel=\"canonical\" href=\"https:\/\/www.erosivetoothwear.com\/de\/home\/\" \/>\n<meta property=\"og:locale\" content=\"de_DE\" \/>\n<meta property=\"og:type\" content=\"article\" \/>\n<meta property=\"og:title\" content=\"The Erosive Tooth Wear Foundation\" \/>\n<meta property=\"og:description\" content=\"Understand what erosive tooth wear is, what happens to your teeth, how it might develop and how to stop it.\" \/>\n<meta property=\"og:url\" content=\"https:\/\/www.erosivetoothwear.com\/de\/home\/\" \/>\n<meta property=\"og:site_name\" content=\"Erosive Toothwear\" \/>\n<meta property=\"article:modified_time\" content=\"2026-03-05T14:00:13+00:00\" \/>\n<meta property=\"og:image\" content=\"https:\/\/www.erosivetoothwear.com\/app\/uploads\/2018\/01\/Colgate-Logo-PNG6.png\" \/>\n<meta name=\"twitter:card\" content=\"summary_large_image\" \/>\n<script type=\"application\/ld+json\" class=\"yoast-schema-graph\">{\"@context\":\"https:\\\/\\\/schema.org\",\"@graph\":[{\"@type\":\"WebPage\",\"@id\":\"https:\\\/\\\/www.erosivetoothwear.com\\\/de\\\/home\\\/\",\"url\":\"https:\\\/\\\/www.erosivetoothwear.com\\\/de\\\/home\\\/\",\"name\":\"The Erosive Tooth Wear Foundation\",\"isPartOf\":{\"@id\":\"https:\\\/\\\/www.erosivetoothwear.com\\\/#website\"},\"primaryImageOfPage\":{\"@id\":\"https:\\\/\\\/www.erosivetoothwear.com\\\/de\\\/home\\\/#primaryimage\"},\"image\":{\"@id\":\"https:\\\/\\\/www.erosivetoothwear.com\\\/de\\\/home\\\/#primaryimage\"},\"thumbnailUrl\":\"https:\\\/\\\/www.erosivetoothwear.com\\\/app\\\/uploads\\\/2018\\\/01\\\/Colgate-Logo-PNG6.png\",\"datePublished\":\"2021-10-15T06:39:19+00:00\",\"dateModified\":\"2026-03-05T14:00:13+00:00\",\"description\":\"Understand what erosive tooth wear is, what happens to your teeth, how it might develop and how to stop it.\",\"breadcrumb\":{\"@id\":\"https:\\\/\\\/www.erosivetoothwear.com\\\/de\\\/home\\\/#breadcrumb\"},\"inLanguage\":\"de-DE\",\"potentialAction\":[{\"@type\":\"ReadAction\",\"target\":[\"https:\\\/\\\/www.erosivetoothwear.com\\\/de\\\/home\\\/\"]}]},{\"@type\":\"ImageObject\",\"inLanguage\":\"de-DE\",\"@id\":\"https:\\\/\\\/www.erosivetoothwear.com\\\/de\\\/home\\\/#primaryimage\",\"url\":\"https:\\\/\\\/www.erosivetoothwear.com\\\/app\\\/uploads\\\/2018\\\/01\\\/Colgate-Logo-PNG6.png\",\"contentUrl\":\"https:\\\/\\\/www.erosivetoothwear.com\\\/app\\\/uploads\\\/2018\\\/01\\\/Colgate-Logo-PNG6.png\"},{\"@type\":\"BreadcrumbList\",\"@id\":\"https:\\\/\\\/www.erosivetoothwear.com\\\/de\\\/home\\\/#breadcrumb\",\"itemListElement\":[{\"@type\":\"ListItem\",\"position\":1,\"name\":\"Home\",\"item\":\"https:\\\/\\\/www.erosivetoothwear.com\\\/de\\\/home\\\/\"},{\"@type\":\"ListItem\",\"position\":2,\"name\":\"Startseite\"}]},{\"@type\":\"WebSite\",\"@id\":\"https:\\\/\\\/www.erosivetoothwear.com\\\/#website\",\"url\":\"https:\\\/\\\/www.erosivetoothwear.com\\\/\",\"name\":\"Erosive Toothwear\",\"description\":\"\",\"potentialAction\":[{\"@type\":\"SearchAction\",\"target\":{\"@type\":\"EntryPoint\",\"urlTemplate\":\"https:\\\/\\\/www.erosivetoothwear.com\\\/?s={search_term_string}\"},\"query-input\":{\"@type\":\"PropertyValueSpecification\",\"valueRequired\":true,\"valueName\":\"search_term_string\"}}],\"inLanguage\":\"de-DE\"}]}<\/script>\n<!-- \/ Yoast SEO plugin. -->","yoast_head_json":{"title":"The Erosive Tooth Wear Foundation","description":"Understand what erosive tooth wear is, what happens to your teeth, how it might develop and how to stop it.","robots":{"index":"index","follow":"follow","max-snippet":"max-snippet:-1","max-image-preview":"max-image-preview:large","max-video-preview":"max-video-preview:-1"},"canonical":"https:\/\/www.erosivetoothwear.com\/de\/home\/","og_locale":"de_DE","og_type":"article","og_title":"The Erosive Tooth Wear Foundation","og_description":"Understand what erosive tooth wear is, what happens to your teeth, how it might develop and how to stop it.","og_url":"https:\/\/www.erosivetoothwear.com\/de\/home\/","og_site_name":"Erosive Toothwear","article_modified_time":"2026-03-05T14:00:13+00:00","og_image":[{"url":"https:\/\/www.erosivetoothwear.com\/app\/uploads\/2018\/01\/Colgate-Logo-PNG6.png","type":"","width":"","height":""}],"twitter_card":"summary_large_image","schema":{"@context":"https:\/\/schema.org","@graph":[{"@type":"WebPage","@id":"https:\/\/www.erosivetoothwear.com\/de\/home\/","url":"https:\/\/www.erosivetoothwear.com\/de\/home\/","name":"The Erosive Tooth Wear Foundation","isPartOf":{"@id":"https:\/\/www.erosivetoothwear.com\/#website"},"primaryImageOfPage":{"@id":"https:\/\/www.erosivetoothwear.com\/de\/home\/#primaryimage"},"image":{"@id":"https:\/\/www.erosivetoothwear.com\/de\/home\/#primaryimage"},"thumbnailUrl":"https:\/\/www.erosivetoothwear.com\/app\/uploads\/2018\/01\/Colgate-Logo-PNG6.png","datePublished":"2021-10-15T06:39:19+00:00","dateModified":"2026-03-05T14:00:13+00:00","description":"Understand what erosive tooth wear is, what happens to your teeth, how it might develop and how to stop it.","breadcrumb":{"@id":"https:\/\/www.erosivetoothwear.com\/de\/home\/#breadcrumb"},"inLanguage":"de-DE","potentialAction":[{"@type":"ReadAction","target":["https:\/\/www.erosivetoothwear.com\/de\/home\/"]}]},{"@type":"ImageObject","inLanguage":"de-DE","@id":"https:\/\/www.erosivetoothwear.com\/de\/home\/#primaryimage","url":"https:\/\/www.erosivetoothwear.com\/app\/uploads\/2018\/01\/Colgate-Logo-PNG6.png","contentUrl":"https:\/\/www.erosivetoothwear.com\/app\/uploads\/2018\/01\/Colgate-Logo-PNG6.png"},{"@type":"BreadcrumbList","@id":"https:\/\/www.erosivetoothwear.com\/de\/home\/#breadcrumb","itemListElement":[{"@type":"ListItem","position":1,"name":"Home","item":"https:\/\/www.erosivetoothwear.com\/de\/home\/"},{"@type":"ListItem","position":2,"name":"Startseite"}]},{"@type":"WebSite","@id":"https:\/\/www.erosivetoothwear.com\/#website","url":"https:\/\/www.erosivetoothwear.com\/","name":"Erosive Toothwear","description":"","potentialAction":[{"@type":"SearchAction","target":{"@type":"EntryPoint","urlTemplate":"https:\/\/www.erosivetoothwear.com\/?s={search_term_string}"},"query-input":{"@type":"PropertyValueSpecification","valueRequired":true,"valueName":"search_term_string"}}],"inLanguage":"de-DE"}]}},"_links":{"self":[{"href":"https:\/\/www.erosivetoothwear.com\/de\/wp-json\/wp\/v2\/pages\/1039","targetHints":{"allow":["GET"]}}],"collection":[{"href":"https:\/\/www.erosivetoothwear.com\/de\/wp-json\/wp\/v2\/pages"}],"about":[{"href":"https:\/\/www.erosivetoothwear.com\/de\/wp-json\/wp\/v2\/types\/page"}],"author":[{"embeddable":true,"href":"https:\/\/www.erosivetoothwear.com\/de\/wp-json\/wp\/v2\/users\/1"}],"replies":[{"embeddable":true,"href":"https:\/\/www.erosivetoothwear.com\/de\/wp-json\/wp\/v2\/comments?post=1039"}],"version-history":[{"count":12,"href":"https:\/\/www.erosivetoothwear.com\/de\/wp-json\/wp\/v2\/pages\/1039\/revisions"}],"predecessor-version":[{"id":2847,"href":"https:\/\/www.erosivetoothwear.com\/de\/wp-json\/wp\/v2\/pages\/1039\/revisions\/2847"}],"wp:attachment":[{"href":"https:\/\/www.erosivetoothwear.com\/de\/wp-json\/wp\/v2\/media?parent=1039"}],"curies":[{"name":"wp","href":"https:\/\/api.w.org\/{rel}","templated":true}]}}